{"id":1471,"date":"2021-07-08T14:26:18","date_gmt":"2021-07-08T12:26:18","guid":{"rendered":"https:\/\/www.hesav.ch\/finalistes\/?page_id=1471"},"modified":"2025-12-10T14:03:29","modified_gmt":"2025-12-10T13:03:29","slug":"accueil","status":"publish","type":"page","link":"https:\/\/hesav.ch\/finalistes\/","title":{"rendered":"Accueil"},"content":{"rendered":"\t\t<div data-elementor-type=\"wp-page\" data-elementor-id=\"1471\" class=\"elementor elementor-1471\">\n\t\t\t\t\t\t<section class=\"elementor-section elementor-top-section elementor-element elementor-element-55ce399 elementor-section-full_width elementor-section-height-default elementor-section-height-default\" data-id=\"55ce399\" data-element_type=\"section\" id=\"bck-animated-birds\" data-settings=\"{&quot;background_background&quot;:&quot;classic&quot;}\">\n\t\t\t\t\t\t<div class=\"elementor-container elementor-column-gap-no\">\n\t\t\t\t\t<div class=\"aux-parallax-section elementor-column elementor-col-100 elementor-top-column elementor-element elementor-element-055ece4\" data-id=\"055ece4\" data-element_type=\"column\">\n\t\t\t<div class=\"elementor-widget-wrap elementor-element-populated\">\n\t\t\t\t\t\t<div class=\"elementor-element elementor-element-1dd1195 elementor-widget__width-auto elementor-hidden-tablet elementor-hidden-phone aux-appear-watch-animation aux-mask-from-top elementor-widget elementor-widget-aux_simple_svg\" data-id=\"1dd1195\" data-element_type=\"widget\" data-widget_type=\"aux_simple_svg.default\">\n\t\t\t\t<div class=\"elementor-widget-container\">\n\t\t\t\t\t    <div class=\"aux-widget-container aux-simple-svg-container\">\n        <div class=\"aux-widget-container-inner\">\n            <div class=\"aux-the-svg\"><svg xmlns=\"http:\/\/www.w3.org\/2000\/svg\" width=\"9.826\" height=\"257.268\" viewBox=\"0 0 9.826 257.268\"><defs><style>.a{fill:none;stroke:#ffe9b8;stroke-width:3px;}<\/style><\/defs><g transform=\"translate(-1226.371 -925.656)\"><path class=\"a\" d=\"M1225.1,962.09l4.383,4.383,4.383-4.383\" transform=\"translate(1.803 215.391)\" \/><path class=\"a\" d=\"M1231.285,1181.765V925.656\" \/><\/g><\/svg><\/div>\n        <\/div>\n    <\/div>\n    \t\t\t\t<\/div>\n\t\t\t\t<\/div>\n\t\t\t\t<div class=\"elementor-element elementor-element-a02b8e2 elementor-widget__width-auto aux-appear-watch-animation aux-fade-in-down-2 aux-shpe-type-circle elementor-widget elementor-widget-aux_simple_shape\" data-id=\"a02b8e2\" data-element_type=\"widget\" data-widget_type=\"aux_simple_shape.default\">\n\t\t\t\t<div class=\"elementor-widget-container\">\n\t\t\t\t\t    <div class=\"aux-widget-container aux-simple-shape-container\">\n        <div class=\"aux-widget-container-inner\">\n            <div class=\"aux-the-shape\"><\/div>\n        <\/div>\n    <\/div>\n    \t\t\t\t<\/div>\n\t\t\t\t<\/div>\n\t\t\t\t<div class=\"elementor-element elementor-element-9e65add aux-appear-watch-animation aux-mask-from-top elementor-widget elementor-widget-aux_modern_heading\" data-id=\"9e65add\" data-element_type=\"widget\" data-widget_type=\"aux_modern_heading.default\">\n\t\t\t\t<div class=\"elementor-widget-container\">\n\t\t\t\t\t<section class=\"aux-widget-modern-heading\">\n            <div class=\"aux-widget-inner\"><h1 class=\"aux-modern-heading-primary\">Finalistes <br \/>Bachelor <br \/>2025 <img decoding=\"async\" src=\"https:\/\/hesav.ch\/finalistes\/wp-content\/uploads\/2025\/06\/HESAV_Full_Black_Tranparent_680x440.png\" class=\"logo\"><\/h1><\/div>\n        <\/section>\t\t\t\t<\/div>\n\t\t\t\t<\/div>\n\t\t\t\t\t<\/div>\n\t\t<\/div>\n\t\t\t\t\t<\/div>\n\t\t<\/section>\n\t\t\t\t<section class=\"elementor-section elementor-top-section elementor-element elementor-element-5f0d6c6 elementor-section-boxed elementor-section-height-default elementor-section-height-default\" data-id=\"5f0d6c6\" data-element_type=\"section\" data-settings=\"{&quot;background_background&quot;:&quot;classic&quot;}\">\n\t\t\t\t\t\t<div class=\"elementor-container elementor-column-gap-no\">\n\t\t\t\t\t<div class=\"aux-parallax-section elementor-column elementor-col-100 elementor-top-column elementor-element elementor-element-9ea50bc\" data-id=\"9ea50bc\" data-element_type=\"column\">\n\t\t\t<div class=\"elementor-widget-wrap elementor-element-populated\">\n\t\t\t\t\t\t<div class=\"elementor-element elementor-element-1e2c428 aux-appear-watch-animation aux-fade-in elementor-widget elementor-widget-aux_modern_heading\" data-id=\"1e2c428\" data-element_type=\"widget\" data-widget_type=\"aux_modern_heading.default\">\n\t\t\t\t<div class=\"elementor-widget-container\">\n\t\t\t\t\t<section class=\"aux-widget-modern-heading\">\n            <div class=\"aux-widget-inner\"><h2 class=\"aux-modern-heading-primary\">Nous c\u00e9l\u00e9brons nos finalistes <br \/>qui prendront bient\u00f4t leur envol !<\/h2><\/div>\n        <\/section>\t\t\t\t<\/div>\n\t\t\t\t<\/div>\n\t\t\t\t<div class=\"elementor-element elementor-element-20a6107 aux-appear-watch-animation aux-fade-in elementor-hidden-desktop elementor-hidden-tablet elementor-hidden-mobile elementor-widget elementor-widget-aux_text\" data-id=\"20a6107\" data-element_type=\"widget\" data-widget_type=\"aux_text.default\">\n\t\t\t\t<div class=\"elementor-widget-container\">\n\t\t\t\t\t<section class=\"widget-container aux-widget-text aux-parent-au0c8796d6\">        <div class=\"aux-widget-advanced-text aux-wrap-style-simple aux-ico-pos-top aux-text-center aux-text-resp- aux-text-color-dark aux-text-widget-bg-center aux-text-no-content \" >\n        \n                            <div class=\"aux-text-widget-header \"  >\n                        <div class=\"aux-ico-box aux-ico-large aux-ico-shape-circle aux-ico-clear \">\n                            <i aria-hidden=\"true\" class=\"aux-ico auxicon auxicon-study\"><\/i>                        <\/div>\n                <\/div>\n            \n            <div class=\"aux-text-inner aux-text-widget-content\">\n                                <h4 class=\"col-title\"><a href=\"https:\/\/hesav.ch\/event\/ceremonie-de-remise-des-diplomes-bachelor-of-science-hes-so-2025\/\">C\u00e9r\u00e9monie de remise<br> des Bachelor HES-SO<\/a><\/h4>\n                                <h5 class=\"col-subtitle\">Vendredi 28 novembre 2025<\/h5>\n\n                <a  href=\"https:\/\/hesav.ch\/event\/ceremonie-de-remise-des-diplomes-bachelor-of-science-hes-so-2025\/\" target=\"_blank\"   class=\"aux-button aux-large aux-black aux-none\" ><span class=\"aux-overlay\"><\/span><span class=\"aux-text\">Informations<\/span><\/a>            <\/div>\n        <\/div>\n                    <div class=\"aux-text-widget-footer\">\n                <div class=\"aux-border-shape-none \">\n                                <\/div>\n            <\/div>\n        \n<\/section><!-- widget-container -->\t\t\t\t<\/div>\n\t\t\t\t<\/div>\n\t\t\t\t\t<\/div>\n\t\t<\/div>\n\t\t\t\t\t<\/div>\n\t\t<\/section>\n\t\t\t\t<section class=\"elementor-section elementor-top-section elementor-element elementor-element-b1e0fb2 elementor-section-boxed elementor-section-height-default elementor-section-height-default\" data-id=\"b1e0fb2\" data-element_type=\"section\" data-settings=\"{&quot;background_background&quot;:&quot;classic&quot;}\">\n\t\t\t\t\t\t<div class=\"elementor-container elementor-column-gap-no\">\n\t\t\t\t\t<div class=\"aux-parallax-section elementor-column elementor-col-100 elementor-top-column elementor-element elementor-element-58d98df\" data-id=\"58d98df\" data-element_type=\"column\">\n\t\t\t<div class=\"elementor-widget-wrap elementor-element-populated\">\n\t\t\t\t\t\t<div class=\"elementor-element elementor-element-5479a2d aux-appear-watch-animation aux-mask-from-top elementor-widget elementor-widget-aux_image\" data-id=\"5479a2d\" data-element_type=\"widget\" data-widget_type=\"aux_image.default\">\n\t\t\t\t<div class=\"elementor-widget-container\">\n\t\t\t\t\t<section class=\"widget-container aux-widget-image aux-alignnone aux-parent-au8a3777e4\">\n    <div class=\"aux-media-hint-frame \">\n        <div class=\"aux-media-image \" >\n        \n            \n\n            \n            <img fetchpriority=\"high\" decoding=\"async\" width=\"1600\" height=\"800\" src=\"https:\/\/hesav.ch\/finalistes\/wp-content\/uploads\/2025\/09\/finalistes_25.jpg\" class=\"aux-attachment aux-featured-image aux-attachment-id-4939\" alt=\"finalistes_25\" data-ratio=\"2\" data-original-w=\"1600\" \/>            \n                <\/div>\n    <\/div>\n\n<\/section><!-- widget-container -->\t\t\t\t<\/div>\n\t\t\t\t<\/div>\n\t\t\t\t\t<\/div>\n\t\t<\/div>\n\t\t\t\t\t<\/div>\n\t\t<\/section>\n\t\t\t\t<section class=\"elementor-section elementor-top-section elementor-element elementor-element-a283016 elementor-hidden-desktop elementor-hidden-tablet elementor-hidden-mobile elementor-section-boxed elementor-section-height-default elementor-section-height-default\" data-id=\"a283016\" data-element_type=\"section\" data-settings=\"{&quot;background_background&quot;:&quot;classic&quot;}\">\n\t\t\t\t\t\t<div class=\"elementor-container elementor-column-gap-no\">\n\t\t\t\t\t<div class=\"aux-parallax-section elementor-column elementor-col-100 elementor-top-column elementor-element elementor-element-54387b7\" data-id=\"54387b7\" data-element_type=\"column\">\n\t\t\t<div class=\"elementor-widget-wrap elementor-element-populated\">\n\t\t\t\t\t\t<div class=\"elementor-element elementor-element-5f3e93b aux-appear-watch-animation aux-mask-from-top elementor-widget elementor-widget-aux_modern_heading\" data-id=\"5f3e93b\" data-element_type=\"widget\" data-widget_type=\"aux_modern_heading.default\">\n\t\t\t\t<div class=\"elementor-widget-container\">\n\t\t\t\t\t<section class=\"aux-widget-modern-heading\">\n            <div class=\"aux-widget-inner\"><h2 class=\"aux-modern-heading-primary\">C\u00e9r\u00e9monie de remise des Bachelor dans :<\/h2><\/div>\n        <\/section>\t\t\t\t<\/div>\n\t\t\t\t<\/div>\n\t\t\t\t<div class=\"elementor-element elementor-element-d3c5004 elementor-widget__width-auto aux-appear-watch-animation aux-mask-from-top elementor-widget elementor-widget-aux_countdown\" data-id=\"d3c5004\" data-element_type=\"widget\" data-widget_type=\"aux_countdown.default\">\n\t\t\t\t<div class=\"elementor-widget-container\">\n\t\t\t\t\t<section class=\"widget-container aux-widget-countdown aux-parent-au392d5165\" style=\"\" ><div class=\"aux-countdown-wrapper aux-countdown-block \"data-countdown-year=\"2025\"data-countdown-month=\"10\"data-countdown-day=\"28\"data-countdown-hour=\"16\"data-countdown-min=\"00\"data-countdown-sec=\"00\"><div class=\"aux-countdown-item\"><span class=\"aux-countdown-value aux-countdown-day\">0<\/span><span class=\"aux-countdown-title\">Days<\/span><\/div><span class=\"aux-countdown-seperator\"><\/span><div class=\"aux-countdown-item\"><span class=\"aux-countdown-value aux-countdown-hour\">0<\/span><span class=\"aux-countdown-title\">Hours<\/span><\/div><span class=\"aux-countdown-seperator\"><\/span><div class=\"aux-countdown-item\"><span class=\"aux-countdown-value aux-countdown-min\">0<\/span><span class=\"aux-countdown-title\">Mintues<\/span><\/div><span class=\"aux-countdown-seperator\"><\/span><div class=\"aux-countdown-item\"><span class=\"aux-countdown-value aux-countdown-sec\">0<\/span><span class=\"aux-countdown-title\">Seconds<\/span><\/div><\/div><\/section><!-- widget-container -->\t\t\t\t<\/div>\n\t\t\t\t<\/div>\n\t\t\t\t\t<\/div>\n\t\t<\/div>\n\t\t\t\t\t<\/div>\n\t\t<\/section>\n\t\t\t\t<section class=\"elementor-section elementor-top-section elementor-element elementor-element-a29e867 elementor-section-boxed elementor-section-height-default elementor-section-height-default\" data-id=\"a29e867\" data-element_type=\"section\">\n\t\t\t\t\t\t<div class=\"elementor-container elementor-column-gap-default\">\n\t\t\t\t\t<div class=\"aux-parallax-section elementor-column elementor-col-100 elementor-top-column elementor-element elementor-element-5d9302d\" data-id=\"5d9302d\" data-element_type=\"column\">\n\t\t\t<div class=\"elementor-widget-wrap elementor-element-populated\">\n\t\t\t\t\t\t<div class=\"elementor-element elementor-element-cc4091b aux-appear-watch-animation aux-mask-from-top elementor-widget elementor-widget-aux_modern_heading\" data-id=\"cc4091b\" data-element_type=\"widget\" data-widget_type=\"aux_modern_heading.default\">\n\t\t\t\t<div class=\"elementor-widget-container\">\n\t\t\t\t\t<section class=\"aux-widget-modern-heading\">\n            <div class=\"aux-widget-inner\"><h3 class=\"aux-modern-heading-primary\">Pr\u00e9sentation publique <br> des Travaux de Bachelor <\/h3><p class=\"aux-modern-heading-secondary\"><span class=\"aux-head-before\">Vendredi 5 septembre 2025<\/span><\/p><\/div>\n        <\/section>\t\t\t\t<\/div>\n\t\t\t\t<\/div>\n\t\t\t\t\t<\/div>\n\t\t<\/div>\n\t\t\t\t\t<\/div>\n\t\t<\/section>\n\t\t\t\t<section class=\"elementor-section elementor-top-section elementor-element elementor-element-f564030 elementor-section-boxed elementor-section-height-default elementor-section-height-default\" data-id=\"f564030\" data-element_type=\"section\">\n\t\t\t\t\t\t<div class=\"elementor-container elementor-column-gap-default\">\n\t\t\t\t\t<div class=\"aux-parallax-section elementor-column elementor-col-50 elementor-top-column elementor-element elementor-element-383ece8\" data-id=\"383ece8\" data-element_type=\"column\">\n\t\t\t<div class=\"elementor-widget-wrap elementor-element-populated\">\n\t\t\t\t\t\t<div class=\"elementor-element elementor-element-7ab49b6 aux-appear-watch-animation aux-mask-from-top elementor-widget elementor-widget-aux_modern_heading\" data-id=\"7ab49b6\" data-element_type=\"widget\" data-widget_type=\"aux_modern_heading.default\">\n\t\t\t\t<div class=\"elementor-widget-container\">\n\t\t\t\t\t<section class=\"aux-widget-modern-heading\">\n            <div class=\"aux-widget-inner\"><a href=\"\/finalistes\/travaux-de-bachelor#programme\" class=\"aux-modern-heading-primary-link\"><h3 class=\"aux-modern-heading-primary\">Pr\u00e9sentation publique des Travaux de Bachelor \u2192<\/h3><\/a><p class=\"aux-modern-heading-secondary\"><span class=\"aux-head-before\">Programmes du 5 septembre 2025<\/span><\/p><\/div>\n        <\/section>\t\t\t\t<\/div>\n\t\t\t\t<\/div>\n\t\t\t\t\t<\/div>\n\t\t<\/div>\n\t\t\t\t<div class=\"aux-parallax-section elementor-column elementor-col-50 elementor-top-column elementor-element elementor-element-3b7722f\" data-id=\"3b7722f\" data-element_type=\"column\">\n\t\t\t<div class=\"elementor-widget-wrap elementor-element-populated\">\n\t\t\t\t\t\t<div class=\"elementor-element elementor-element-b133c7e aux-appear-watch-animation aux-mask-from-top elementor-widget elementor-widget-aux_modern_heading\" data-id=\"b133c7e\" data-element_type=\"widget\" data-widget_type=\"aux_modern_heading.default\">\n\t\t\t\t<div class=\"elementor-widget-container\">\n\t\t\t\t\t<section class=\"aux-widget-modern-heading\">\n            <div class=\"aux-widget-inner\"><a href=\"\/finalistes\/travaux-de-bachelor#posters\" class=\"aux-modern-heading-primary-link\"><h3 class=\"aux-modern-heading-primary\">Posters des \u00e9tudiant.e.s \u2192<\/h3><\/a><p class=\"aux-modern-heading-secondary\"><span class=\"aux-head-before\">Des fili\u00e8res Physioth\u00e9rapie, Sage-femme, Soins infirmiers et Technique en radiologie m\u00e9dicale<\/span><\/p><\/div>\n        <\/section>\t\t\t\t<\/div>\n\t\t\t\t<\/div>\n\t\t\t\t\t<\/div>\n\t\t<\/div>\n\t\t\t\t\t<\/div>\n\t\t<\/section>\n\t\t\t\t<\/div>\n\t\t","protected":false},"excerpt":{"rendered":"<p>Finalistes Bachelor 2025 Nous c\u00e9l\u00e9brons nos finalistes qui prendront bient\u00f4t leur envol ! C\u00e9r\u00e9monie de remise des Bachelor HES-SO Vendredi 28 novembre 2025 Informations C\u00e9r\u00e9monie de remise des Bachelor dans : 0Days0Hours0Mintues0Seconds Pr\u00e9sentation publique des Travaux de Bachelor Vendredi 5 septembre 2025 Pr\u00e9sentation publique des Travaux de Bachelor \u2192 Programmes du 5 septembre 2025 Posters [&hellip;]<\/p>\n","protected":false},"author":1,"featured_media":0,"parent":0,"menu_order":0,"comment_status":"closed","ping_status":"closed","template":"templates\/page-builder-content.php","meta":{"footnotes":""},"class_list":["post-1471","page","type-page","status-publish","hentry"],"_links":{"self":[{"href":"https:\/\/hesav.ch\/finalistes\/wp-json\/wp\/v2\/pages\/1471","targetHints":{"allow":["GET"]}}],"collection":[{"href":"https:\/\/hesav.ch\/finalistes\/wp-json\/wp\/v2\/pages"}],"about":[{"href":"https:\/\/hesav.ch\/finalistes\/wp-json\/wp\/v2\/types\/page"}],"author":[{"embeddable":true,"href":"https:\/\/hesav.ch\/finalistes\/wp-json\/wp\/v2\/users\/1"}],"replies":[{"embeddable":true,"href":"https:\/\/hesav.ch\/finalistes\/wp-json\/wp\/v2\/comments?post=1471"}],"version-history":[{"count":605,"href":"https:\/\/hesav.ch\/finalistes\/wp-json\/wp\/v2\/pages\/1471\/revisions"}],"predecessor-version":[{"id":6370,"href":"https:\/\/hesav.ch\/finalistes\/wp-json\/wp\/v2\/pages\/1471\/revisions\/6370"}],"wp:attachment":[{"href":"https:\/\/hesav.ch\/finalistes\/wp-json\/wp\/v2\/media?parent=1471"}],"curies":[{"name":"wp","href":"https:\/\/api.w.org\/{rel}","templated":true}]}}