{"id":1603,"date":"2021-07-20T09:45:53","date_gmt":"2021-07-20T07:45:53","guid":{"rendered":"https:\/\/www.hesav.ch\/finalistes\/?page_id=1603"},"modified":"2025-08-19T14:04:29","modified_gmt":"2025-08-19T12:04:29","slug":"travaux-de-bachelor","status":"publish","type":"page","link":"https:\/\/hesav.ch\/finalistes\/travaux-de-bachelor\/","title":{"rendered":"Travaux de Bachelor"},"content":{"rendered":"\t\t<div data-elementor-type=\"wp-page\" data-elementor-id=\"1603\" class=\"elementor elementor-1603\">\n\t\t\t\t\t\t<section class=\"elementor-section elementor-top-section elementor-element elementor-element-55ce399 elementor-section-full_width elementor-section-height-default elementor-section-height-default\" data-id=\"55ce399\" data-element_type=\"section\" data-settings=\"{&quot;background_background&quot;:&quot;classic&quot;}\">\n\t\t\t\t\t\t<div class=\"elementor-container elementor-column-gap-no\">\n\t\t\t\t\t<div class=\"aux-parallax-section elementor-column elementor-col-100 elementor-top-column elementor-element elementor-element-055ece4\" data-id=\"055ece4\" data-element_type=\"column\">\n\t\t\t<div class=\"elementor-widget-wrap elementor-element-populated\">\n\t\t\t\t\t\t<div class=\"elementor-element elementor-element-5b3c99f aux-appear-watch-animation aux-fade-in-down-2 aux-shpe-type-circle elementor-widget elementor-widget-aux_simple_shape\" data-id=\"5b3c99f\" data-element_type=\"widget\" data-widget_type=\"aux_simple_shape.default\">\n\t\t\t\t<div class=\"elementor-widget-container\">\n\t\t\t\t\t    <div class=\"aux-widget-container aux-simple-shape-container\">\n        <div class=\"aux-widget-container-inner\">\n            <div class=\"aux-the-shape\"><\/div>\n        <\/div>\n    <\/div>\n    \t\t\t\t<\/div>\n\t\t\t\t<\/div>\n\t\t\t\t<div class=\"elementor-element elementor-element-9e65add aux-appear-watch-animation aux-mask-from-top elementor-widget elementor-widget-aux_modern_heading\" data-id=\"9e65add\" data-element_type=\"widget\" data-widget_type=\"aux_modern_heading.default\">\n\t\t\t\t<div class=\"elementor-widget-container\">\n\t\t\t\t\t<section class=\"aux-widget-modern-heading\">\n            <div class=\"aux-widget-inner\"><h1 class=\"aux-modern-heading-primary\">Travaux <br \/>de <br \/> Bachelor <\/h1><\/div>\n        <\/section>\t\t\t\t<\/div>\n\t\t\t\t<\/div>\n\t\t\t\t\t<\/div>\n\t\t<\/div>\n\t\t\t\t\t<\/div>\n\t\t<\/section>\n\t\t\t\t<section class=\"elementor-section elementor-top-section elementor-element elementor-element-b1e0fb2 elementor-section-boxed elementor-section-height-default elementor-section-height-default\" data-id=\"b1e0fb2\" data-element_type=\"section\" data-settings=\"{&quot;background_background&quot;:&quot;classic&quot;}\">\n\t\t\t\t\t\t<div class=\"elementor-container elementor-column-gap-no\">\n\t\t\t\t\t<div class=\"aux-parallax-section elementor-column elementor-col-100 elementor-top-column elementor-element elementor-element-e590e63\" data-id=\"e590e63\" data-element_type=\"column\">\n\t\t\t<div class=\"elementor-widget-wrap elementor-element-populated\">\n\t\t\t\t\t\t<div class=\"elementor-element elementor-element-7ad3e10 elementor-widget__width-auto aux-appear-watch-animation aux-mask-from-left elementor-widget elementor-widget-aux_modern_heading\" data-id=\"7ad3e10\" data-element_type=\"widget\" data-widget_type=\"aux_modern_heading.default\">\n\t\t\t\t<div class=\"elementor-widget-container\">\n\t\t\t\t\t<section class=\"aux-widget-modern-heading\">\n            <div class=\"aux-widget-inner\"><h2 class=\"aux-modern-heading-primary\">5 septembre 2025<\/h2><div class=\"aux-modern-heading-description\"><p>\u00c0 HESAV, Avenue de Beaumont 21 de 8h15 \u00e0 12h30<\/p><\/div><\/div>\n        <\/section>\t\t\t\t<\/div>\n\t\t\t\t<\/div>\n\t\t\t\t<div class=\"elementor-element elementor-element-1dd1195 elementor-widget__width-auto elementor-hidden-tablet elementor-hidden-mobile aux-appear-watch-animation aux-mask-from-top elementor-hidden-desktop elementor-widget elementor-widget-aux_simple_svg\" data-id=\"1dd1195\" data-element_type=\"widget\" data-widget_type=\"aux_simple_svg.default\">\n\t\t\t\t<div class=\"elementor-widget-container\">\n\t\t\t\t\t    <div class=\"aux-widget-container aux-simple-svg-container\">\n        <div class=\"aux-widget-container-inner\">\n            <div class=\"aux-the-svg\"><svg xmlns=\"http:\/\/www.w3.org\/2000\/svg\" width=\"9.826\" height=\"257.268\" viewBox=\"0 0 9.826 257.268\"><defs><style>.a{fill:none;stroke:#ff7f66;stroke-width:1.5px;}<\/style><\/defs><g transform=\"translate(-1226.371 -925.656)\"><path class=\"a\" d=\"M1225.1,962.09l4.383,4.383,4.383-4.383\" transform=\"translate(1.803 215.391)\" \/><path class=\"a\" d=\"M1231.285,1181.765V925.656\" \/><\/g><\/svg><\/div>\n        <\/div>\n    <\/div>\n    \t\t\t\t<\/div>\n\t\t\t\t<\/div>\n\t\t\t\t\t<\/div>\n\t\t<\/div>\n\t\t\t\t\t<\/div>\n\t\t<\/section>\n\t\t\t\t<section class=\"elementor-section elementor-top-section elementor-element elementor-element-5f0d6c6 elementor-section-boxed elementor-section-height-default elementor-section-height-default\" data-id=\"5f0d6c6\" data-element_type=\"section\" data-settings=\"{&quot;background_background&quot;:&quot;classic&quot;}\">\n\t\t\t\t\t\t<div class=\"elementor-container elementor-column-gap-no\">\n\t\t\t\t\t<div class=\"aux-parallax-section elementor-column elementor-col-100 elementor-top-column elementor-element elementor-element-9ea50bc\" data-id=\"9ea50bc\" data-element_type=\"column\" id=\"programme\">\n\t\t\t<div class=\"elementor-widget-wrap elementor-element-populated\">\n\t\t\t\t\t\t<div class=\"elementor-element elementor-element-45d5ce7 aux-appear-watch-animation aux-mask-from-left custom-hesav elementor-widget elementor-widget-aux_modern_heading\" data-id=\"45d5ce7\" data-element_type=\"widget\" data-widget_type=\"aux_modern_heading.default\">\n\t\t\t\t<div class=\"elementor-widget-container\">\n\t\t\t\t\t<section class=\"aux-widget-modern-heading\">\n            <div class=\"aux-widget-inner\"><h3 class=\"aux-modern-heading-primary\">Programmes des pr\u00e9sentations publiques \u2193<\/h3><\/div>\n        <\/section>\t\t\t\t<\/div>\n\t\t\t\t<\/div>\n\t\t\t\t<section class=\"elementor-section elementor-inner-section elementor-element elementor-element-6489d1c elementor-section-boxed elementor-section-height-default elementor-section-height-default\" data-id=\"6489d1c\" data-element_type=\"section\">\n\t\t\t\t\t\t<div class=\"elementor-container elementor-column-gap-default\">\n\t\t\t\t\t<div class=\"aux-parallax-section elementor-column elementor-col-50 elementor-inner-column elementor-element elementor-element-7b3cffb\" data-id=\"7b3cffb\" data-element_type=\"column\">\n\t\t\t<div class=\"elementor-widget-wrap elementor-element-populated\">\n\t\t\t\t\t\t<div class=\"elementor-element elementor-element-abd9b16 elementor-view-framed aux-appear-watch-animation aux-mask-from-top elementor-shape-circle elementor-position-top elementor-mobile-position-top elementor-widget elementor-widget-icon-box\" data-id=\"abd9b16\" data-element_type=\"widget\" data-widget_type=\"icon-box.default\">\n\t\t\t\t<div class=\"elementor-widget-container\">\n\t\t\t\t\t\t\t<div class=\"elementor-icon-box-wrapper\">\n\n\t\t\t\t\t\t<div class=\"elementor-icon-box-icon\">\n\t\t\t\t<a href=\"https:\/\/hesav.ch\/finalistes\/wp-content\/uploads\/programmes-tdb\/2025\/\" target=\"_blank\" class=\"elementor-icon\" tabindex=\"-1\" aria-label=\"Physioth\u00e9rapie\">\n\t\t\t\t<i aria-hidden=\"true\" class=\"auxicon auxicon-calendar\"><\/i>\t\t\t\t<\/a>\n\t\t\t<\/div>\n\t\t\t\n\t\t\t\t\t\t<div class=\"elementor-icon-box-content\">\n\n\t\t\t\t\t\t\t\t\t<h4 class=\"elementor-icon-box-title\">\n\t\t\t\t\t\t<a href=\"https:\/\/hesav.ch\/finalistes\/wp-content\/uploads\/programmes-tdb\/2025\/\" target=\"_blank\" >\n\t\t\t\t\t\t\tPhysioth\u00e9rapie\t\t\t\t\t\t<\/a>\n\t\t\t\t\t<\/h4>\n\t\t\t\t\n\t\t\t\t\n\t\t\t<\/div>\n\t\t\t\n\t\t<\/div>\n\t\t\t\t\t\t<\/div>\n\t\t\t\t<\/div>\n\t\t\t\t\t<\/div>\n\t\t<\/div>\n\t\t\t\t<div class=\"aux-parallax-section elementor-column elementor-col-50 elementor-inner-column elementor-element elementor-element-9577443\" data-id=\"9577443\" data-element_type=\"column\">\n\t\t\t<div class=\"elementor-widget-wrap elementor-element-populated\">\n\t\t\t\t\t\t<div class=\"elementor-element elementor-element-3118c29 elementor-view-framed aux-appear-watch-animation aux-mask-from-top elementor-shape-circle elementor-position-top elementor-mobile-position-top elementor-widget elementor-widget-icon-box\" data-id=\"3118c29\" data-element_type=\"widget\" data-widget_type=\"icon-box.default\">\n\t\t\t\t<div class=\"elementor-widget-container\">\n\t\t\t\t\t\t\t<div class=\"elementor-icon-box-wrapper\">\n\n\t\t\t\t\t\t<div class=\"elementor-icon-box-icon\">\n\t\t\t\t<a href=\"https:\/\/hesav.ch\/finalistes\/wp-content\/uploads\/programmes-tdb\/2025\/sf.php\" target=\"_blank\" class=\"elementor-icon\" tabindex=\"-1\" aria-label=\"Sage-femme\">\n\t\t\t\t<i aria-hidden=\"true\" class=\"auxicon auxicon-calendar\"><\/i>\t\t\t\t<\/a>\n\t\t\t<\/div>\n\t\t\t\n\t\t\t\t\t\t<div class=\"elementor-icon-box-content\">\n\n\t\t\t\t\t\t\t\t\t<h4 class=\"elementor-icon-box-title\">\n\t\t\t\t\t\t<a href=\"https:\/\/hesav.ch\/finalistes\/wp-content\/uploads\/programmes-tdb\/2025\/sf.php\" target=\"_blank\" >\n\t\t\t\t\t\t\tSage-femme\t\t\t\t\t\t<\/a>\n\t\t\t\t\t<\/h4>\n\t\t\t\t\n\t\t\t\t\n\t\t\t<\/div>\n\t\t\t\n\t\t<\/div>\n\t\t\t\t\t\t<\/div>\n\t\t\t\t<\/div>\n\t\t\t\t\t<\/div>\n\t\t<\/div>\n\t\t\t\t\t<\/div>\n\t\t<\/section>\n\t\t\t\t<section class=\"elementor-section elementor-inner-section elementor-element elementor-element-90b5bdd elementor-section-boxed elementor-section-height-default elementor-section-height-default\" data-id=\"90b5bdd\" data-element_type=\"section\">\n\t\t\t\t\t\t<div class=\"elementor-container elementor-column-gap-default\">\n\t\t\t\t\t<div class=\"aux-parallax-section elementor-column elementor-col-50 elementor-inner-column elementor-element elementor-element-6b098c5\" data-id=\"6b098c5\" data-element_type=\"column\">\n\t\t\t<div class=\"elementor-widget-wrap elementor-element-populated\">\n\t\t\t\t\t\t<div class=\"elementor-element elementor-element-67e597e elementor-view-framed aux-appear-watch-animation aux-mask-from-top elementor-shape-circle elementor-position-top elementor-mobile-position-top elementor-widget elementor-widget-icon-box\" data-id=\"67e597e\" data-element_type=\"widget\" data-widget_type=\"icon-box.default\">\n\t\t\t\t<div class=\"elementor-widget-container\">\n\t\t\t\t\t\t\t<div class=\"elementor-icon-box-wrapper\">\n\n\t\t\t\t\t\t<div class=\"elementor-icon-box-icon\">\n\t\t\t\t<a href=\"https:\/\/hesav.ch\/finalistes\/wp-content\/uploads\/programmes-tdb\/2025\/si.php\" target=\"_blank\" class=\"elementor-icon\" tabindex=\"-1\" aria-label=\"Soins infirmiers\">\n\t\t\t\t<i aria-hidden=\"true\" class=\"auxicon auxicon-calendar\"><\/i>\t\t\t\t<\/a>\n\t\t\t<\/div>\n\t\t\t\n\t\t\t\t\t\t<div class=\"elementor-icon-box-content\">\n\n\t\t\t\t\t\t\t\t\t<h4 class=\"elementor-icon-box-title\">\n\t\t\t\t\t\t<a href=\"https:\/\/hesav.ch\/finalistes\/wp-content\/uploads\/programmes-tdb\/2025\/si.php\" target=\"_blank\" >\n\t\t\t\t\t\t\tSoins infirmiers\t\t\t\t\t\t<\/a>\n\t\t\t\t\t<\/h4>\n\t\t\t\t\n\t\t\t\t\n\t\t\t<\/div>\n\t\t\t\n\t\t<\/div>\n\t\t\t\t\t\t<\/div>\n\t\t\t\t<\/div>\n\t\t\t\t\t<\/div>\n\t\t<\/div>\n\t\t\t\t<div class=\"aux-parallax-section elementor-column elementor-col-50 elementor-inner-column elementor-element elementor-element-7bafddd\" data-id=\"7bafddd\" data-element_type=\"column\">\n\t\t\t<div class=\"elementor-widget-wrap elementor-element-populated\">\n\t\t\t\t\t\t<div class=\"elementor-element elementor-element-7e0faf2 elementor-view-framed aux-appear-watch-animation aux-mask-from-top elementor-shape-circle elementor-position-top elementor-mobile-position-top elementor-widget elementor-widget-icon-box\" data-id=\"7e0faf2\" data-element_type=\"widget\" data-widget_type=\"icon-box.default\">\n\t\t\t\t<div class=\"elementor-widget-container\">\n\t\t\t\t\t\t\t<div class=\"elementor-icon-box-wrapper\">\n\n\t\t\t\t\t\t<div class=\"elementor-icon-box-icon\">\n\t\t\t\t<a href=\"https:\/\/hesav.ch\/finalistes\/wp-content\/uploads\/programmes-tdb\/2025\/trm.php\" target=\"_blank\" class=\"elementor-icon\" tabindex=\"-1\" aria-label=\"Technique en radiologie m\u00e9dicale\">\n\t\t\t\t<i aria-hidden=\"true\" class=\"auxicon auxicon-calendar\"><\/i>\t\t\t\t<\/a>\n\t\t\t<\/div>\n\t\t\t\n\t\t\t\t\t\t<div class=\"elementor-icon-box-content\">\n\n\t\t\t\t\t\t\t\t\t<h4 class=\"elementor-icon-box-title\">\n\t\t\t\t\t\t<a href=\"https:\/\/hesav.ch\/finalistes\/wp-content\/uploads\/programmes-tdb\/2025\/trm.php\" target=\"_blank\" >\n\t\t\t\t\t\t\tTechnique en radiologie m\u00e9dicale\t\t\t\t\t\t<\/a>\n\t\t\t\t\t<\/h4>\n\t\t\t\t\n\t\t\t\t\n\t\t\t<\/div>\n\t\t\t\n\t\t<\/div>\n\t\t\t\t\t\t<\/div>\n\t\t\t\t<\/div>\n\t\t\t\t\t<\/div>\n\t\t<\/div>\n\t\t\t\t\t<\/div>\n\t\t<\/section>\n\t\t\t\t<div class=\"elementor-element elementor-element-c35d793 aux-appear-watch-animation aux-mask-from-left elementor-widget elementor-widget-aux_modern_heading\" data-id=\"c35d793\" data-element_type=\"widget\" data-widget_type=\"aux_modern_heading.default\">\n\t\t\t\t<div class=\"elementor-widget-container\">\n\t\t\t\t\t<section class=\"aux-widget-modern-heading\">\n            <div class=\"aux-widget-inner\"><h3 class=\"aux-modern-heading-primary\">Pr\u00e9sentations par visioconf\u00e9rence \u2193<\/h3><\/div>\n        <\/section>\t\t\t\t<\/div>\n\t\t\t\t<\/div>\n\t\t\t\t<section class=\"elementor-section elementor-inner-section elementor-element elementor-element-1840acb elementor-section-boxed elementor-section-height-default elementor-section-height-default\" data-id=\"1840acb\" data-element_type=\"section\">\n\t\t\t\t\t\t<div class=\"elementor-container elementor-column-gap-default\">\n\t\t\t\t\t<div class=\"aux-parallax-section elementor-column elementor-col-50 elementor-inner-column elementor-element elementor-element-e4e4e30\" data-id=\"e4e4e30\" data-element_type=\"column\">\n\t\t\t<div class=\"elementor-widget-wrap elementor-element-populated\">\n\t\t\t\t\t\t<div class=\"elementor-element elementor-element-025b79f elementor-view-framed aux-appear-watch-animation aux-mask-from-top elementor-shape-circle elementor-position-top elementor-mobile-position-top elementor-widget elementor-widget-icon-box\" data-id=\"025b79f\" data-element_type=\"widget\" data-widget_type=\"icon-box.default\">\n\t\t\t\t<div class=\"elementor-widget-container\">\n\t\t\t\t\t\t\t<div class=\"elementor-icon-box-wrapper\">\n\n\t\t\t\t\t\t<div class=\"elementor-icon-box-icon\">\n\t\t\t\t<a href=\"https:\/\/teams.microsoft.com\/dl\/launcher\/launcher.html?url=%2F_%23%2Fl%2Fmeetup-join%2F19%3Ameeting_OWNhNzIyMWQtM2YxZC00OGU0LWI0ZDYtY2NmMWU1OGEzYmFi%40thread.v2%2F0%3Fcontext%3D%257b%2522Tid%2522%253a%2522378395e3-74f4-4e69-ab0f-1dea40913cb1%2522%252c%2522Oid%2522%253a%2522a8c973ad-083d-4f99-ba36-4463b2f6ea11%2522%257d%26anon%3Dtrue&#038;type=meetup-join&#038;deeplinkId=3dd02c47-5f62-4515-adbd-6889e6affffc&#038;directDl=true&#038;msLaunch=true&#038;enableMobilePage=true&#038;suppressPrompt=true\" target=\"_blank\" class=\"elementor-icon\" tabindex=\"-1\" aria-label=\"Sage-femme\">\n\t\t\t\t<i aria-hidden=\"true\" class=\"auxicon auxicon-laptop-macbook-streamline\"><\/i>\t\t\t\t<\/a>\n\t\t\t<\/div>\n\t\t\t\n\t\t\t\t\t\t<div class=\"elementor-icon-box-content\">\n\n\t\t\t\t\t\t\t\t\t<h4 class=\"elementor-icon-box-title\">\n\t\t\t\t\t\t<a href=\"https:\/\/teams.microsoft.com\/dl\/launcher\/launcher.html?url=%2F_%23%2Fl%2Fmeetup-join%2F19%3Ameeting_OWNhNzIyMWQtM2YxZC00OGU0LWI0ZDYtY2NmMWU1OGEzYmFi%40thread.v2%2F0%3Fcontext%3D%257b%2522Tid%2522%253a%2522378395e3-74f4-4e69-ab0f-1dea40913cb1%2522%252c%2522Oid%2522%253a%2522a8c973ad-083d-4f99-ba36-4463b2f6ea11%2522%257d%26anon%3Dtrue&#038;type=meetup-join&#038;deeplinkId=3dd02c47-5f62-4515-adbd-6889e6affffc&#038;directDl=true&#038;msLaunch=true&#038;enableMobilePage=true&#038;suppressPrompt=true\" target=\"_blank\" >\n\t\t\t\t\t\t\tSage-femme\t\t\t\t\t\t<\/a>\n\t\t\t\t\t<\/h4>\n\t\t\t\t\n\t\t\t\t\t\t\t\t\t<p class=\"elementor-icon-box-description\">\n\t\t\t\t\t\tLien de connexion \u00e0 Microsoft Teams\t\t\t\t\t<\/p>\n\t\t\t\t\n\t\t\t<\/div>\n\t\t\t\n\t\t<\/div>\n\t\t\t\t\t\t<\/div>\n\t\t\t\t<\/div>\n\t\t\t\t\t<\/div>\n\t\t<\/div>\n\t\t\t\t<div class=\"aux-parallax-section elementor-column elementor-col-50 elementor-inner-column elementor-element elementor-element-bccb78b\" data-id=\"bccb78b\" data-element_type=\"column\">\n\t\t\t<div class=\"elementor-widget-wrap elementor-element-populated\">\n\t\t\t\t\t\t<div class=\"elementor-element elementor-element-7fa6a38 elementor-view-framed aux-appear-watch-animation aux-mask-from-top elementor-shape-circle elementor-position-top elementor-mobile-position-top elementor-widget elementor-widget-icon-box\" data-id=\"7fa6a38\" data-element_type=\"widget\" data-widget_type=\"icon-box.default\">\n\t\t\t\t<div class=\"elementor-widget-container\">\n\t\t\t\t\t\t\t<div class=\"elementor-icon-box-wrapper\">\n\n\t\t\t\t\t\t<div class=\"elementor-icon-box-icon\">\n\t\t\t\t<a href=\"https:\/\/teams.microsoft.com\/dl\/launcher\/launcher.html?url=%2F_%23%2Fl%2Fmeetup-join%2F19%3Ameeting_MGRmYmY4MmEtYmZmZi00NjFjLWJmNWQtOThhYWY2MTI3NTFk%40thread.v2%2F0%3Fcontext%3D%257b%2522Tid%2522%253a%2522378395e3-74f4-4e69-ab0f-1dea40913cb1%2522%252c%2522Oid%2522%253a%2522951f7cf7-089f-4e58-beb7-c85f299f9bc8%2522%257d%26anon%3Dtrue&#038;type=meetup-join&#038;deeplinkId=068244d2-e156-4844-a083-65a22a38fc6f&#038;directDl=true&#038;msLaunch=true&#038;enableMobilePage=true&#038;suppressPrompt=true\" target=\"_blank\" class=\"elementor-icon\" tabindex=\"-1\" aria-label=\"Technique en radiologie m\u00e9dicale\">\n\t\t\t\t<i aria-hidden=\"true\" class=\"auxicon auxicon-laptop-macbook-streamline\"><\/i>\t\t\t\t<\/a>\n\t\t\t<\/div>\n\t\t\t\n\t\t\t\t\t\t<div class=\"elementor-icon-box-content\">\n\n\t\t\t\t\t\t\t\t\t<h4 class=\"elementor-icon-box-title\">\n\t\t\t\t\t\t<a href=\"https:\/\/teams.microsoft.com\/dl\/launcher\/launcher.html?url=%2F_%23%2Fl%2Fmeetup-join%2F19%3Ameeting_MGRmYmY4MmEtYmZmZi00NjFjLWJmNWQtOThhYWY2MTI3NTFk%40thread.v2%2F0%3Fcontext%3D%257b%2522Tid%2522%253a%2522378395e3-74f4-4e69-ab0f-1dea40913cb1%2522%252c%2522Oid%2522%253a%2522951f7cf7-089f-4e58-beb7-c85f299f9bc8%2522%257d%26anon%3Dtrue&#038;type=meetup-join&#038;deeplinkId=068244d2-e156-4844-a083-65a22a38fc6f&#038;directDl=true&#038;msLaunch=true&#038;enableMobilePage=true&#038;suppressPrompt=true\" target=\"_blank\" >\n\t\t\t\t\t\t\tTechnique en radiologie m\u00e9dicale\t\t\t\t\t\t<\/a>\n\t\t\t\t\t<\/h4>\n\t\t\t\t\n\t\t\t\t\t\t\t\t\t<p class=\"elementor-icon-box-description\">\n\t\t\t\t\t\tLien de connexion \u00e0 Microsoft Teams\t\t\t\t\t<\/p>\n\t\t\t\t\n\t\t\t<\/div>\n\t\t\t\n\t\t<\/div>\n\t\t\t\t\t\t<\/div>\n\t\t\t\t<\/div>\n\t\t\t\t\t<\/div>\n\t\t<\/div>\n\t\t\t\t\t<\/div>\n\t\t<\/section>\n\t\t\t\t<div class=\"elementor-element elementor-element-b22cf03 aux-appear-watch-animation aux-mask-from-left elementor-widget elementor-widget-aux_modern_heading\" data-id=\"b22cf03\" data-element_type=\"widget\" id=\"posters\" data-widget_type=\"aux_modern_heading.default\">\n\t\t\t\t<div class=\"elementor-widget-container\">\n\t\t\t\t\t<section class=\"aux-widget-modern-heading\">\n            <div class=\"aux-widget-inner\"><h3 class=\"aux-modern-heading-primary\">Posters des \u00e9tudiant.e.s \u2193<\/h3><\/div>\n        <\/section>\t\t\t\t<\/div>\n\t\t\t\t<\/div>\n\t\t\t\t<section class=\"elementor-section elementor-inner-section elementor-element elementor-element-86eab5a elementor-section-boxed elementor-section-height-default elementor-section-height-default\" data-id=\"86eab5a\" data-element_type=\"section\">\n\t\t\t\t\t\t<div class=\"elementor-container elementor-column-gap-default\">\n\t\t\t\t\t<div class=\"aux-parallax-section elementor-column elementor-col-50 elementor-inner-column elementor-element elementor-element-4aea234\" data-id=\"4aea234\" data-element_type=\"column\">\n\t\t\t<div class=\"elementor-widget-wrap elementor-element-populated\">\n\t\t\t\t\t\t<div class=\"elementor-element elementor-element-1cd9c53 elementor-view-framed aux-appear-watch-animation aux-mask-from-top elementor-shape-circle elementor-position-top elementor-mobile-position-top elementor-widget elementor-widget-icon-box\" data-id=\"1cd9c53\" data-element_type=\"widget\" data-widget_type=\"icon-box.default\">\n\t\t\t\t<div class=\"elementor-widget-container\">\n\t\t\t\t\t\t\t<div class=\"elementor-icon-box-wrapper\">\n\n\t\t\t\t\t\t<div class=\"elementor-icon-box-icon\">\n\t\t\t\t<a href=\"https:\/\/hesav.ch\/finalistes\/wp-content\/uploads\/2025\/08\/TdB_Posters_All_PHY_2025_Light.pdf\" target=\"_blank\" class=\"elementor-icon\" tabindex=\"-1\" aria-label=\"Physioth\u00e9rapie\">\n\t\t\t\t<i aria-hidden=\"true\" class=\"auxicon auxicon-news\"><\/i>\t\t\t\t<\/a>\n\t\t\t<\/div>\n\t\t\t\n\t\t\t\t\t\t<div class=\"elementor-icon-box-content\">\n\n\t\t\t\t\t\t\t\t\t<h4 class=\"elementor-icon-box-title\">\n\t\t\t\t\t\t<a href=\"https:\/\/hesav.ch\/finalistes\/wp-content\/uploads\/2025\/08\/TdB_Posters_All_PHY_2025_Light.pdf\" target=\"_blank\" >\n\t\t\t\t\t\t\tPhysioth\u00e9rapie\t\t\t\t\t\t<\/a>\n\t\t\t\t\t<\/h4>\n\t\t\t\t\n\t\t\t\t\t\t\t\t\t<p class=\"elementor-icon-box-description\">\n\t\t\t\t\t\tVersion PDF\t\t\t\t\t<\/p>\n\t\t\t\t\n\t\t\t<\/div>\n\t\t\t\n\t\t<\/div>\n\t\t\t\t\t\t<\/div>\n\t\t\t\t<\/div>\n\t\t\t\t<div class=\"elementor-element elementor-element-a4f7b19 elementor-view-framed aux-appear-watch-animation aux-fade-in-down-2 elementor-shape-circle elementor-position-top elementor-mobile-position-top elementor-widget elementor-widget-icon-box\" data-id=\"a4f7b19\" data-element_type=\"widget\" data-widget_type=\"icon-box.default\">\n\t\t\t\t<div class=\"elementor-widget-container\">\n\t\t\t\t\t\t\t<div class=\"elementor-icon-box-wrapper\">\n\n\t\t\t\t\t\t<div class=\"elementor-icon-box-icon\">\n\t\t\t\t<a href=\"https:\/\/hesav.ch\/finalistes\/wp-content\/uploads\/2025\/08\/TdB_Posters_All_SI_2025_Light.pdf\" target=\"_blank\" class=\"elementor-icon\" tabindex=\"-1\" aria-label=\"Soins infirmiers\">\n\t\t\t\t<i aria-hidden=\"true\" class=\"auxicon auxicon-news\"><\/i>\t\t\t\t<\/a>\n\t\t\t<\/div>\n\t\t\t\n\t\t\t\t\t\t<div class=\"elementor-icon-box-content\">\n\n\t\t\t\t\t\t\t\t\t<h4 class=\"elementor-icon-box-title\">\n\t\t\t\t\t\t<a href=\"https:\/\/hesav.ch\/finalistes\/wp-content\/uploads\/2025\/08\/TdB_Posters_All_SI_2025_Light.pdf\" target=\"_blank\" >\n\t\t\t\t\t\t\tSoins infirmiers\t\t\t\t\t\t<\/a>\n\t\t\t\t\t<\/h4>\n\t\t\t\t\n\t\t\t\t\t\t\t\t\t<p class=\"elementor-icon-box-description\">\n\t\t\t\t\t\tVersion PDF\t\t\t\t\t<\/p>\n\t\t\t\t\n\t\t\t<\/div>\n\t\t\t\n\t\t<\/div>\n\t\t\t\t\t\t<\/div>\n\t\t\t\t<\/div>\n\t\t\t\t\t<\/div>\n\t\t<\/div>\n\t\t\t\t<div class=\"aux-parallax-section elementor-column elementor-col-50 elementor-inner-column elementor-element elementor-element-d6cf9b9\" data-id=\"d6cf9b9\" data-element_type=\"column\">\n\t\t\t<div class=\"elementor-widget-wrap elementor-element-populated\">\n\t\t\t\t\t\t<div class=\"elementor-element elementor-element-6370435 elementor-view-framed aux-appear-watch-animation aux-mask-from-top elementor-shape-circle elementor-position-top elementor-mobile-position-top elementor-widget elementor-widget-icon-box\" data-id=\"6370435\" data-element_type=\"widget\" data-widget_type=\"icon-box.default\">\n\t\t\t\t<div class=\"elementor-widget-container\">\n\t\t\t\t\t\t\t<div class=\"elementor-icon-box-wrapper\">\n\n\t\t\t\t\t\t<div class=\"elementor-icon-box-icon\">\n\t\t\t\t<a href=\"https:\/\/hesav.ch\/finalistes\/wp-content\/uploads\/2025\/08\/TdB_Posters_All_SF_2025_Light.pdf\" target=\"_blank\" class=\"elementor-icon\" tabindex=\"-1\" aria-label=\"Sage-femme\">\n\t\t\t\t<i aria-hidden=\"true\" class=\"auxicon auxicon-news\"><\/i>\t\t\t\t<\/a>\n\t\t\t<\/div>\n\t\t\t\n\t\t\t\t\t\t<div class=\"elementor-icon-box-content\">\n\n\t\t\t\t\t\t\t\t\t<h4 class=\"elementor-icon-box-title\">\n\t\t\t\t\t\t<a href=\"https:\/\/hesav.ch\/finalistes\/wp-content\/uploads\/2025\/08\/TdB_Posters_All_SF_2025_Light.pdf\" target=\"_blank\" >\n\t\t\t\t\t\t\tSage-femme\t\t\t\t\t\t<\/a>\n\t\t\t\t\t<\/h4>\n\t\t\t\t\n\t\t\t\t\t\t\t\t\t<p class=\"elementor-icon-box-description\">\n\t\t\t\t\t\tVersion PDF\t\t\t\t\t<\/p>\n\t\t\t\t\n\t\t\t<\/div>\n\t\t\t\n\t\t<\/div>\n\t\t\t\t\t\t<\/div>\n\t\t\t\t<\/div>\n\t\t\t\t<div class=\"elementor-element elementor-element-a0727c5 elementor-view-framed aux-appear-watch-animation aux-fade-in-down-2 elementor-shape-circle elementor-position-top elementor-mobile-position-top elementor-widget elementor-widget-icon-box\" data-id=\"a0727c5\" data-element_type=\"widget\" data-widget_type=\"icon-box.default\">\n\t\t\t\t<div class=\"elementor-widget-container\">\n\t\t\t\t\t\t\t<div class=\"elementor-icon-box-wrapper\">\n\n\t\t\t\t\t\t<div class=\"elementor-icon-box-icon\">\n\t\t\t\t<a href=\"https:\/\/hesav.ch\/finalistes\/wp-content\/uploads\/2025\/08\/TdB_Posters_All_TRM_2025_Light.pdf\" target=\"_blank\" class=\"elementor-icon\" tabindex=\"-1\" aria-label=\"Technique en radiologie m\u00e9dicale\">\n\t\t\t\t<i aria-hidden=\"true\" class=\"auxicon auxicon-news\"><\/i>\t\t\t\t<\/a>\n\t\t\t<\/div>\n\t\t\t\n\t\t\t\t\t\t<div class=\"elementor-icon-box-content\">\n\n\t\t\t\t\t\t\t\t\t<h4 class=\"elementor-icon-box-title\">\n\t\t\t\t\t\t<a href=\"https:\/\/hesav.ch\/finalistes\/wp-content\/uploads\/2025\/08\/TdB_Posters_All_TRM_2025_Light.pdf\" target=\"_blank\" >\n\t\t\t\t\t\t\tTechnique en radiologie m\u00e9dicale\t\t\t\t\t\t<\/a>\n\t\t\t\t\t<\/h4>\n\t\t\t\t\n\t\t\t\t\t\t\t\t\t<p class=\"elementor-icon-box-description\">\n\t\t\t\t\t\tVersion PDF\t\t\t\t\t<\/p>\n\t\t\t\t\n\t\t\t<\/div>\n\t\t\t\n\t\t<\/div>\n\t\t\t\t\t\t<\/div>\n\t\t\t\t<\/div>\n\t\t\t\t\t<\/div>\n\t\t<\/div>\n\t\t\t\t\t<\/div>\n\t\t<\/section>\n\t\t\t\t\t<\/div>\n\t\t<\/div>\n\t\t\t\t\t<\/div>\n\t\t<\/section>\n\t\t\t\t<\/div>\n\t\t","protected":false},"excerpt":{"rendered":"<p>Travaux de Bachelor 5 septembre 2025 \u00c0 HESAV, Avenue de Beaumont 21 de 8h15 \u00e0 12h30 Programmes des pr\u00e9sentations publiques \u2193 Physioth\u00e9rapie Sage-femme Soins infirmiers Technique en radiologie m\u00e9dicale Pr\u00e9sentations par visioconf\u00e9rence \u2193 Sage-femme Lien de connexion \u00e0 Microsoft Teams Technique en radiologie m\u00e9dicale Lien de connexion \u00e0 Microsoft Teams Posters des \u00e9tudiant.e.s \u2193 Physioth\u00e9rapie [&hellip;]<\/p>\n","protected":false},"author":1,"featured_media":0,"parent":0,"menu_order":0,"comment_status":"closed","ping_status":"closed","template":"templates\/page-builder-content.php","meta":{"footnotes":""},"class_list":["post-1603","page","type-page","status-publish","hentry"],"_links":{"self":[{"href":"https:\/\/hesav.ch\/finalistes\/wp-json\/wp\/v2\/pages\/1603","targetHints":{"allow":["GET"]}}],"collection":[{"href":"https:\/\/hesav.ch\/finalistes\/wp-json\/wp\/v2\/pages"}],"about":[{"href":"https:\/\/hesav.ch\/finalistes\/wp-json\/wp\/v2\/types\/page"}],"author":[{"embeddable":true,"href":"https:\/\/hesav.ch\/finalistes\/wp-json\/wp\/v2\/users\/1"}],"replies":[{"embeddable":true,"href":"https:\/\/hesav.ch\/finalistes\/wp-json\/wp\/v2\/comments?post=1603"}],"version-history":[{"count":331,"href":"https:\/\/hesav.ch\/finalistes\/wp-json\/wp\/v2\/pages\/1603\/revisions"}],"predecessor-version":[{"id":4897,"href":"https:\/\/hesav.ch\/finalistes\/wp-json\/wp\/v2\/pages\/1603\/revisions\/4897"}],"wp:attachment":[{"href":"https:\/\/hesav.ch\/finalistes\/wp-json\/wp\/v2\/media?parent=1603"}],"curies":[{"name":"wp","href":"https:\/\/api.w.org\/{rel}","templated":true}]}}