{"id":127,"date":"2022-09-13T13:53:36","date_gmt":"2022-09-13T11:53:36","guid":{"rendered":"https:\/\/www.hesav.ch\/new-guide-etu\/?page_id=127"},"modified":"2025-04-29T12:15:59","modified_gmt":"2025-04-29T10:15:59","slug":"materiel-a-disposition","status":"publish","type":"page","link":"https:\/\/hesav.ch\/guide-etu\/materiel-a-disposition\/","title":{"rendered":"Mat\u00e9riel \u00e0 disposition"},"content":{"rendered":"\n\n\t\t\n<section class=\"section-description \" >\n\t<div class=\"section-description__inner\">\n\t\t<div class=\"section-description__text-wrapper\">\n\t\t\t\t\t\t\t\t\t\t<h2 class=\"section-description__title\">Pr\u00eat de mat\u00e9riel <\/h2>\n\t\t\t\t\t\t<div class=\"section-description__content typography\"><p>Le pr\u00eat de mat\u00e9riel pour des r\u00e9visions pratiques est possible.<\/p>\n<p>Vous pouvez vous adresser :<\/p>\n<ul>\n<li>au bureau de la formation pour r\u00e9server une salle pratique<\/li>\n<li>\u00e0 l\u2019Unit\u00e9 d\u2019enseignement par la simulation pour les demandes de mat\u00e9riel sp\u00e9cifique<\/li>\n<\/ul>\n<p>Chaque fili\u00e8re organise \u00e9galement un syst\u00e8me de pr\u00eat de mat\u00e9riel. Si vous souhaitez emprunter du mat\u00e9riel pour des besoins de formation, veuillez vous adresser au responsable de votre fili\u00e8re qui d\u00e9terminera avec vous les conditions du pr\u00eat.<\/p>\n<p>En cas de d\u00e9faillance du mat\u00e9riel ou de d\u00e9g\u00e2ts constat\u00e9s dans les salles de cours, il est important d'avertir sans d\u00e9lai le responsable mat\u00e9riel.<\/p>\n<p><strong>Commandes group\u00e9es de mat\u00e9riel<\/strong><\/p>\n<p>Des commandes group\u00e9es de mat\u00e9riel ou livres peuvent \u00eatre r\u00e9alis\u00e9es par l'interm\u00e9diaire de l'Association Interfili\u00e8re Des Etudiants (ASSIDE).<\/p>\n<\/div>\n\t\t<\/div>\n\t\t\t<\/div>\n<\/section>\n\n\n\t\t\n<section class=\"section-description \" >\n\t<div class=\"section-description__inner\">\n\t\t<div class=\"section-description__text-wrapper\">\n\t\t\t\t\t\t\t\t\t\t<h2 class=\"section-description__title\">V\u00eatements professionnels<\/h2>\n\t\t\t\t\t\t<div class=\"section-description__content typography\"><p>Des v\u00eatements professionnels pour les p\u00e9riodes de stage \/ formation pratique ainsi que pour certains cours pratiques vous sont fournis. Ils sont mis \u00e0 disposition en d\u00e9but de formation par le CHUV, apr\u00e8s d\u00e9p\u00f4t d'une caution de CHF 50.-.<br \/>\nL\u2019utilisation de tenue professionnelle fournie est indispensable afin de prot\u00e9ger les plus vuln\u00e9rables et respecter les mesures d\u2019hygi\u00e8ne dans le cadre de la prise en charge de patient\u00b7es. L\u2019utilisation en cours, permet d\u2019entrainer les comp\u00e9tences en lien avec cet aspect de la pratique professionnelle.<\/p>\n<p>Pour le port de la tenue professionnelle, les \u00e9tudiant\u00b7es se conforment aux consignes donn\u00e9es par les enseignant\u00b7es pour l\u2019enseignement pratique, et par les institutions pour les stages.<br \/>\nPour des raisons d'hygi\u00e8ne, le nettoyage des v\u00eatements de travail est obligatoirement assur\u00e9 par le CHUV et ils doivent \u00eatre r\u00e9guli\u00e8rement \u00e9chang\u00e9s au distributeur de l'H\u00f4pital orthop\u00e9dique.<\/p>\n<\/div>\n\t\t<\/div>\n\t\t\t<\/div>\n<\/section>\n","protected":false},"excerpt":{"rendered":"","protected":false},"author":1,"featured_media":0,"parent":0,"menu_order":0,"comment_status":"closed","ping_status":"closed","template":"","meta":{"_acf_changed":false,"footnotes":""},"class_list":["post-127","page","type-page","status-publish","hentry"],"acf":[],"yoast_head":"<!-- This site is optimized with the Yoast SEO plugin v24.7 - https:\/\/yoast.com\/wordpress\/plugins\/seo\/ -->\n<title>Mat\u00e9riel \u00e0 disposition - Le guide de l&#039;\u00e9tudiant.e - HESAV<\/title>\n<meta name=\"robots\" content=\"index, follow, max-snippet:-1, max-image-preview:large, max-video-preview:-1\" \/>\n<link rel=\"canonical\" href=\"https:\/\/hesav.ch\/guide-etu\/materiel-a-disposition\/\" \/>\n<meta property=\"og:locale\" content=\"fr_FR\" \/>\n<meta property=\"og:type\" content=\"article\" \/>\n<meta property=\"og:title\" content=\"Mat\u00e9riel \u00e0 disposition - Le guide de l&#039;\u00e9tudiant.e - HESAV\" \/>\n<meta property=\"og:url\" content=\"https:\/\/hesav.ch\/guide-etu\/materiel-a-disposition\/\" \/>\n<meta property=\"og:site_name\" content=\"Le guide de l&#039;\u00e9tudiant.e - HESAV\" \/>\n<meta property=\"article:modified_time\" content=\"2025-04-29T10:15:59+00:00\" \/>\n<meta name=\"twitter:card\" content=\"summary_large_image\" \/>\n<script type=\"application\/ld+json\" class=\"yoast-schema-graph\">{\"@context\":\"https:\/\/schema.org\",\"@graph\":[{\"@type\":\"WebPage\",\"@id\":\"https:\/\/hesav.ch\/guide-etu\/materiel-a-disposition\/\",\"url\":\"https:\/\/hesav.ch\/guide-etu\/materiel-a-disposition\/\",\"name\":\"Mat\u00e9riel \u00e0 disposition - Le guide de l&#039;\u00e9tudiant.e - HESAV\",\"isPartOf\":{\"@id\":\"https:\/\/hesav.ch\/guide-etu\/#website\"},\"datePublished\":\"2022-09-13T11:53:36+00:00\",\"dateModified\":\"2025-04-29T10:15:59+00:00\",\"breadcrumb\":{\"@id\":\"https:\/\/hesav.ch\/guide-etu\/materiel-a-disposition\/#breadcrumb\"},\"inLanguage\":\"fr-FR\",\"potentialAction\":[{\"@type\":\"ReadAction\",\"target\":[\"https:\/\/hesav.ch\/guide-etu\/materiel-a-disposition\/\"]}]},{\"@type\":\"BreadcrumbList\",\"@id\":\"https:\/\/hesav.ch\/guide-etu\/materiel-a-disposition\/#breadcrumb\",\"itemListElement\":[{\"@type\":\"ListItem\",\"position\":1,\"name\":\"Accueil\",\"item\":\"https:\/\/hesav.ch\/guide-etu\/\"},{\"@type\":\"ListItem\",\"position\":2,\"name\":\"Mat\u00e9riel \u00e0 disposition\"}]},{\"@type\":\"WebSite\",\"@id\":\"https:\/\/hesav.ch\/guide-etu\/#website\",\"url\":\"https:\/\/hesav.ch\/guide-etu\/\",\"name\":\"Le guide de l&#039;\u00e9tudiant.e - HESAV\",\"description\":\"HESAV \/  Haute \u00c9cole de Sant\u00e9 - Vaud\",\"publisher\":{\"@id\":\"https:\/\/hesav.ch\/guide-etu\/#organization\"},\"potentialAction\":[{\"@type\":\"SearchAction\",\"target\":{\"@type\":\"EntryPoint\",\"urlTemplate\":\"https:\/\/hesav.ch\/guide-etu\/?s={search_term_string}\"},\"query-input\":{\"@type\":\"PropertyValueSpecification\",\"valueRequired\":true,\"valueName\":\"search_term_string\"}}],\"inLanguage\":\"fr-FR\"},{\"@type\":\"Organization\",\"@id\":\"https:\/\/hesav.ch\/guide-etu\/#organization\",\"name\":\"Le guide de l&#039;\u00e9tudiant.e - HESAV\",\"url\":\"https:\/\/hesav.ch\/guide-etu\/\",\"logo\":{\"@type\":\"ImageObject\",\"inLanguage\":\"fr-FR\",\"@id\":\"https:\/\/hesav.ch\/guide-etu\/#\/schema\/logo\/image\/\",\"url\":\"https:\/\/hesav.ch\/guide-etu\/wp-content\/uploads\/2025\/10\/logo_hesav_150.png\",\"contentUrl\":\"https:\/\/hesav.ch\/guide-etu\/wp-content\/uploads\/2025\/10\/logo_hesav_150.png\",\"width\":150,\"height\":150,\"caption\":\"Le guide de l&#039;\u00e9tudiant.e - HESAV\"},\"image\":{\"@id\":\"https:\/\/hesav.ch\/guide-etu\/#\/schema\/logo\/image\/\"}}]}<\/script>\n<!-- \/ Yoast SEO plugin. -->","yoast_head_json":{"title":"Mat\u00e9riel \u00e0 disposition - Le guide de l&#039;\u00e9tudiant.e - HESAV","robots":{"index":"index","follow":"follow","max-snippet":"max-snippet:-1","max-image-preview":"max-image-preview:large","max-video-preview":"max-video-preview:-1"},"canonical":"https:\/\/hesav.ch\/guide-etu\/materiel-a-disposition\/","og_locale":"fr_FR","og_type":"article","og_title":"Mat\u00e9riel \u00e0 disposition - Le guide de l&#039;\u00e9tudiant.e - HESAV","og_url":"https:\/\/hesav.ch\/guide-etu\/materiel-a-disposition\/","og_site_name":"Le guide de l&#039;\u00e9tudiant.e - HESAV","article_modified_time":"2025-04-29T10:15:59+00:00","twitter_card":"summary_large_image","schema":{"@context":"https:\/\/schema.org","@graph":[{"@type":"WebPage","@id":"https:\/\/hesav.ch\/guide-etu\/materiel-a-disposition\/","url":"https:\/\/hesav.ch\/guide-etu\/materiel-a-disposition\/","name":"Mat\u00e9riel \u00e0 disposition - Le guide de l&#039;\u00e9tudiant.e - HESAV","isPartOf":{"@id":"https:\/\/hesav.ch\/guide-etu\/#website"},"datePublished":"2022-09-13T11:53:36+00:00","dateModified":"2025-04-29T10:15:59+00:00","breadcrumb":{"@id":"https:\/\/hesav.ch\/guide-etu\/materiel-a-disposition\/#breadcrumb"},"inLanguage":"fr-FR","potentialAction":[{"@type":"ReadAction","target":["https:\/\/hesav.ch\/guide-etu\/materiel-a-disposition\/"]}]},{"@type":"BreadcrumbList","@id":"https:\/\/hesav.ch\/guide-etu\/materiel-a-disposition\/#breadcrumb","itemListElement":[{"@type":"ListItem","position":1,"name":"Accueil","item":"https:\/\/hesav.ch\/guide-etu\/"},{"@type":"ListItem","position":2,"name":"Mat\u00e9riel \u00e0 disposition"}]},{"@type":"WebSite","@id":"https:\/\/hesav.ch\/guide-etu\/#website","url":"https:\/\/hesav.ch\/guide-etu\/","name":"Le guide de l&#039;\u00e9tudiant.e - HESAV","description":"HESAV \/  Haute \u00c9cole de Sant\u00e9 - Vaud","publisher":{"@id":"https:\/\/hesav.ch\/guide-etu\/#organization"},"potentialAction":[{"@type":"SearchAction","target":{"@type":"EntryPoint","urlTemplate":"https:\/\/hesav.ch\/guide-etu\/?s={search_term_string}"},"query-input":{"@type":"PropertyValueSpecification","valueRequired":true,"valueName":"search_term_string"}}],"inLanguage":"fr-FR"},{"@type":"Organization","@id":"https:\/\/hesav.ch\/guide-etu\/#organization","name":"Le guide de l&#039;\u00e9tudiant.e - HESAV","url":"https:\/\/hesav.ch\/guide-etu\/","logo":{"@type":"ImageObject","inLanguage":"fr-FR","@id":"https:\/\/hesav.ch\/guide-etu\/#\/schema\/logo\/image\/","url":"https:\/\/hesav.ch\/guide-etu\/wp-content\/uploads\/2025\/10\/logo_hesav_150.png","contentUrl":"https:\/\/hesav.ch\/guide-etu\/wp-content\/uploads\/2025\/10\/logo_hesav_150.png","width":150,"height":150,"caption":"Le guide de l&#039;\u00e9tudiant.e - HESAV"},"image":{"@id":"https:\/\/hesav.ch\/guide-etu\/#\/schema\/logo\/image\/"}}]}},"_links":{"self":[{"href":"https:\/\/hesav.ch\/guide-etu\/wp-json\/wp\/v2\/pages\/127","targetHints":{"allow":["GET"]}}],"collection":[{"href":"https:\/\/hesav.ch\/guide-etu\/wp-json\/wp\/v2\/pages"}],"about":[{"href":"https:\/\/hesav.ch\/guide-etu\/wp-json\/wp\/v2\/types\/page"}],"author":[{"embeddable":true,"href":"https:\/\/hesav.ch\/guide-etu\/wp-json\/wp\/v2\/users\/1"}],"replies":[{"embeddable":true,"href":"https:\/\/hesav.ch\/guide-etu\/wp-json\/wp\/v2\/comments?post=127"}],"version-history":[{"count":10,"href":"https:\/\/hesav.ch\/guide-etu\/wp-json\/wp\/v2\/pages\/127\/revisions"}],"predecessor-version":[{"id":614,"href":"https:\/\/hesav.ch\/guide-etu\/wp-json\/wp\/v2\/pages\/127\/revisions\/614"}],"wp:attachment":[{"href":"https:\/\/hesav.ch\/guide-etu\/wp-json\/wp\/v2\/media?parent=127"}],"curies":[{"name":"wp","href":"https:\/\/api.w.org\/{rel}","templated":true}]}}