{"id":146,"date":"2022-09-13T13:53:36","date_gmt":"2022-09-13T11:53:36","guid":{"rendered":"https:\/\/www.hesav.ch\/new-guide-etu\/?page_id=146"},"modified":"2025-05-15T15:37:39","modified_gmt":"2025-05-15T13:37:39","slug":"communication-et-information","status":"publish","type":"page","link":"https:\/\/hesav.ch\/guide-etu\/communication-et-information\/","title":{"rendered":"Communication et information"},"content":{"rendered":"\n\n\t\t\n<section class=\"section-description \" >\n\t<div class=\"section-description__inner\">\n\t\t<div class=\"section-description__text-wrapper\">\n\t\t\t\t\t\t\t\t\t\t<h2 class=\"section-description__title\">Boite mails et courrier <\/h2>\n\t\t\t\t\t\t<div class=\"section-description__content typography\"><p><strong>Messagerie \u00e9lectronique<\/strong><\/p>\n<p>Le courrier \u00e9lectronique est LE moyen de communication utilis\u00e9 \u00e0 HESAV.<\/p>\n<p>Seule votre adresse @hesav.ch sera utilis\u00e9e pour les communications de la Direction ou des enseignant\u00b7es. Vous \u00eates donc pri\u00e9\u00b7e de consulter r\u00e9guli\u00e8rement votre messagerie et vous assurer de son bon fonctionnement.<\/p>\n<p>L\u2019utilisation de la messagerie est strictement r\u00e9serv\u00e9e aux activit\u00e9s li\u00e9es \u00e0 votre formation. Pour tout autre type de message, vous pouvez utiliser l\u2019App HESAV.<\/p>\n<p>&nbsp;<\/p>\n<p><strong>Courrier<\/strong><\/p>\n<p>Certaines d\u00e9cisions ayant un impact sur votre formation vous sont communiqu\u00e9es par courrier postal, en recommand\u00e9 ou en courrier A+.<\/p>\n<p>Merci de signaler tout changement d\u2019adresse dans les meilleurs d\u00e9lais via le portail \u00e9tudiant.<\/p>\n<p>Pour faciliter l\u2019acheminement interne, nous vous prions d\u2019adresser toute correspondance postale \u00e0 l\u2019attention du service, du secr\u00e9tariat ou de la personne concern\u00e9e et non \u00e0 HESAV sans autre pr\u00e9cision.<\/p>\n<p>Il est possible de d\u00e9poser du courrier ou des documents directement dans les boites aux lettres des services ou personnes concern\u00e9es.<\/p>\n<ul>\n<li>Pour les bureaux situ\u00e9s \u00e0 Beaumont 21, les services de HESAV et les \u00e9tudiant\u00b7es logeant dans la Tour : boites aux lettres \u00e0 c\u00f4t\u00e9 de la r\u00e9ception<\/li>\n<li>Bureaux situ\u00e9s \u00e0 Bugnon 19 : boites aux lettres au rez-de-chauss\u00e9e de l\u2019annexe de Beaumont 21<\/li>\n<li>Bureaux situ\u00e9s dans l'annexe de Beaumont 21 : boites aux lettres au rez-de-chauss\u00e9e de l\u2019annexe de Beaumont 21<\/li>\n<li>Bureaux situ\u00e9s \u00e0 C\u00e9sar-Roux 19 : boites aux lettres au rez-de-chauss\u00e9e du b\u00e2timent<\/li>\n<li>Bureaux situ\u00e9s \u00e0 l'Elys\u00e9e 4 : boites aux lettres \u00e0 c\u00f4t\u00e9 de la r\u00e9ception de Beaumont 21<\/li>\n<\/ul>\n<\/div>\n\t\t<\/div>\n\t\t\t<\/div>\n<\/section>\n\n\n\t\t\n<section class=\"section-description \" >\n\t<div class=\"section-description__inner\">\n\t\t<div class=\"section-description__text-wrapper\">\n\t\t\t\t\t\t\t\t\t\t<h2 class=\"section-description__title\">App HESAV<\/h2>\n\t\t\t\t\t\t<div class=\"section-description__content typography\"><p>Vos horaires de cours, les liens utiles ou encore les petites annonces se trouvent sur l\u2019application mobile disponible pour Android, IOS et Huawei.<\/p>\n<p>Pour t\u00e9l\u00e9charger l\u2019application\u00a0:\u00a0<a href=\"https:\/\/hesav.ch\/app-etudiant\/\" target=\"_blank\" rel=\"noopener\">https\u00a0:\/\/hesav.ch\/app-etudiant\/<\/a><\/p>\n<\/div>\n\t\t<\/div>\n\t\t\t<\/div>\n<\/section>\n\n\n\t\t\n<section class=\"section-description \" >\n\t<div class=\"section-description__inner\">\n\t\t<div class=\"section-description__text-wrapper\">\n\t\t\t\t\t\t\t\t\t\t<h2 class=\"section-description__title\">Communication interne <\/h2>\n\t\t\t\t\t\t<div class=\"section-description__content typography\"><p><strong>Intranet<\/strong><\/p>\n<p>HESAV dispose d\u2019un Intranet ouvert \u00e0 ses collaborateur\u00b7ices et \u00e9tudiant\u00b7es.<\/p>\n<p>Vous y trouverez l\u2019actualit\u00e9 de la Haute Ecole, des informations administratives et pratiques, des documents de r\u00e9f\u00e9rence ainsi que toutes les communications li\u00e9es aux activit\u00e9s et \u00e0 la vie de notre Campus. Vous y trouverez \u00e9galement toutes les informations de l'ASSIDE et des Commissions, conseils et associations de HESAV.<\/p>\n<p>Toutes les pages sont accessibles \u00e0 chacun\u00b7e. Cependant, des pages d\u00e9di\u00e9es sp\u00e9cifiquement aux \u00e9tudiant\u00b7es sont disponibles au lien suivant : <a href=\"https:\/\/hesav.sharepoint.com\/sites\/etudiants\" target=\"_blank\" rel=\"noopener\">Bienvenue sur le site destin\u00e9 aux \u00e9tudiant.e.s (sharepoint.com)<\/a><\/p>\n<p>&nbsp;<\/p>\n<p><strong>Ecrans d'affichage<\/strong><\/p>\n<p>Des \u00e9crans d\u2019affichage sont install\u00e9s dans tous les b\u00e2timents. Vous y retrouvez les horaires du jour, des informations utiles pour la vie quotidienne ainsi que les annonces d\u2019\u00e9v\u00e8nements.<\/p>\n<\/div>\n\t\t<\/div>\n\t\t\t<\/div>\n<\/section>\n\n\n\t\t\n<section class=\"section-description \" >\n\t<div class=\"section-description__inner\">\n\t\t<div class=\"section-description__text-wrapper\">\n\t\t\t\t\t\t\t\t\t\t<h2 class=\"section-description__title\">Moodle - cyberlearn <\/h2>\n\t\t\t\t\t\t<div class=\"section-description__content typography\"><p>La plateforme de e-learning Cyberlearn\/Moodle vous permet d\u2019acc\u00e9der \u00e0 la documentation et aux supports de cours des diff\u00e9rents modules.<\/p>\n<p>Pour acc\u00e9der \u00e0 la plateforme\u00a0: <a href=\"https:\/\/cyberlearn.hes-so.ch\/\" target=\"_blank\" rel=\"noopener\">https:\/\/cyberlearn.hes-so.ch\/<\/a><\/p>\n<p>Vos enseignant\u00b7es vous indiqueront les codes et modalit\u00e9s d\u2019acc\u00e8s \u00e0 vos modules.<\/p>\n<\/div>\n\t\t<\/div>\n\t\t\t<\/div>\n<\/section>\n\n\n\t\t\n<section class=\"section-description \" >\n\t<div class=\"section-description__inner\">\n\t\t<div class=\"section-description__text-wrapper\">\n\t\t\t\t\t\t\t\t\t\t<h2 class=\"section-description__title\">Portail \u00e9tudiant <\/h2>\n\t\t\t\t\t\t<div class=\"section-description__content typography\"><p>Le portail \u00e9tudiant est un espace individuel dans lequel vous pouvez\u00a0:<\/p>\n<ul>\n<li>Retrouver divers documents\u00a0: attestation d\u2019\u00e9tude, relev\u00e9 de notes, \u2026<\/li>\n<li>Annoncer un changement de nom, d\u2019adresse, de coordonn\u00e9es personnels ou d\u2019\u00e9tat civil<\/li>\n<li>Indiquer ou modifier votre compte bancaire, \u2026<\/li>\n<\/ul>\n<p>Pour plus d\u2019information : <a href=\"https:\/\/hesav.sharepoint.com\/sites\/Etudiants\/Documents%20partages\/Forms\/AllItems.aspx?id=%2Fsites%2FEtudiants%2FDocuments%20partages%2FPortail%20Etudiant%2FHESAV%5FGuide%5FPortail%5FEtudiant%2Epdf&amp;parent=%2Fsites%2FEtudiants%2FDocuments%20partages%2FPortail%20Etudiant\" target=\"_blank\" rel=\"noopener\">consulter le mode d\u2019emploi<\/a><\/p>\n<\/div>\n\t\t<\/div>\n\t\t\t<\/div>\n<\/section>\n\n\n\t\t\n<section class=\"section-description \" >\n\t<div class=\"section-description__inner\">\n\t\t<div class=\"section-description__text-wrapper\">\n\t\t\t\t\t\t\t\t\t\t<h2 class=\"section-description__title\">Teams : l'outil pour l'enseignement \u00e0 distance <\/h2>\n\t\t\t\t\t\t<div class=\"section-description__content typography\"><p>L\u2019application Microsoft Teams est l\u2019application choisie par HESAV pour g\u00e9rer les diff\u00e9rentes actes des relations entre enseignant\u00b7es et \u00e9tudiant\u00b7es en cas d\u2019enseignement \u00e0 distance.<\/p>\n<\/div>\n\t\t<\/div>\n\t\t\t<\/div>\n<\/section>\n\n\n\t\t\n<section class=\"section-description \" >\n\t<div class=\"section-description__inner\">\n\t\t<div class=\"section-description__text-wrapper\">\n\t\t\t\t\t\t\t\t\t\t<h2 class=\"section-description__title\">Panneaux d'affichage des petites annonces <\/h2>\n\t\t\t\t\t\t<div class=\"section-description__content typography\"><p>Des panneaux d\u2019affichage libre sont \u00e0 disposition des \u00e9tudiant\u00b7es au rez-de-chauss\u00e9e de Beaumont 21.<\/p>\n<p>&nbsp;<\/p>\n<\/div>\n\t\t<\/div>\n\t\t\t<\/div>\n<\/section>\n\n\n\t\t\n<section class=\"section-description \" >\n\t<div class=\"section-description__inner\">\n\t\t<div class=\"section-description__text-wrapper\">\n\t\t\t\t\t\t\t\t\t\t<h2 class=\"section-description__title\">R\u00e9seaux sociaux <\/h2>\n\t\t\t\t\t\t<div class=\"section-description__content typography\"><p>Retrouvez-nous, suivez et partagez nos nombreuses actualit\u00e9s sur les r\u00e9seaux sociaux :<\/p>\n<p>Instagram : <a href=\"https:\/\/www.instagram.com\/hesav_lausanne\/?hl=fr\" target=\"_blank\" rel=\"noopener\">HESAV Haute \u00c9cole de Sant\u00e9 Vaud | Instagram<\/a><\/p>\n<p>Facebook :\u00a0<a href=\"https:\/\/www.facebook.com\/HauteEcoleDeSanteVaud\" target=\"_blank\" rel=\"noopener\">HESAV - Haute \u00c9cole de Sant\u00e9 Vaud | Facebook<\/a><\/p>\n<p>LinkedIn :\u00a0<a href=\"https:\/\/www.linkedin.com\/company\/hesav\/mycompany\/\" target=\"_blank\" rel=\"noopener\">HESAV - Haute \u00c9cole de Sant\u00e9 Vaud | LinkedIn<\/a><\/p>\n<p>Youtube\u00a0: <a href=\"https:\/\/www.youtube.com\/channel\/UCo0X-9UB8VffqpMSrFD6Lgg\" target=\"_blank\" rel=\"noopener\">HESAV - Haute \u00c9cole de Sant\u00e9 Vaud - Recherche | YouTube<\/a><\/p>\n<\/div>\n\t\t<\/div>\n\t\t\t<\/div>\n<\/section>\n","protected":false},"excerpt":{"rendered":"","protected":false},"author":1,"featured_media":0,"parent":0,"menu_order":0,"comment_status":"closed","ping_status":"closed","template":"","meta":{"_acf_changed":false,"footnotes":""},"class_list":["post-146","page","type-page","status-publish","hentry"],"acf":[],"yoast_head":"<!-- This site is optimized with the Yoast SEO plugin v24.7 - https:\/\/yoast.com\/wordpress\/plugins\/seo\/ -->\n<title>Communication et information - Le guide de l&#039;\u00e9tudiant.e - HESAV<\/title>\n<meta name=\"robots\" content=\"index, follow, max-snippet:-1, max-image-preview:large, max-video-preview:-1\" \/>\n<link rel=\"canonical\" href=\"https:\/\/hesav.ch\/guide-etu\/communication-et-information\/\" \/>\n<meta property=\"og:locale\" content=\"fr_FR\" \/>\n<meta property=\"og:type\" content=\"article\" \/>\n<meta property=\"og:title\" content=\"Communication et information - Le guide de l&#039;\u00e9tudiant.e - HESAV\" \/>\n<meta property=\"og:url\" content=\"https:\/\/hesav.ch\/guide-etu\/communication-et-information\/\" \/>\n<meta property=\"og:site_name\" content=\"Le guide de l&#039;\u00e9tudiant.e - HESAV\" \/>\n<meta property=\"article:modified_time\" content=\"2025-05-15T13:37:39+00:00\" \/>\n<meta name=\"twitter:card\" content=\"summary_large_image\" \/>\n<script type=\"application\/ld+json\" class=\"yoast-schema-graph\">{\"@context\":\"https:\/\/schema.org\",\"@graph\":[{\"@type\":\"WebPage\",\"@id\":\"https:\/\/hesav.ch\/guide-etu\/communication-et-information\/\",\"url\":\"https:\/\/hesav.ch\/guide-etu\/communication-et-information\/\",\"name\":\"Communication et information - Le guide de l&#039;\u00e9tudiant.e - HESAV\",\"isPartOf\":{\"@id\":\"https:\/\/hesav.ch\/guide-etu\/#website\"},\"datePublished\":\"2022-09-13T11:53:36+00:00\",\"dateModified\":\"2025-05-15T13:37:39+00:00\",\"breadcrumb\":{\"@id\":\"https:\/\/hesav.ch\/guide-etu\/communication-et-information\/#breadcrumb\"},\"inLanguage\":\"fr-FR\",\"potentialAction\":[{\"@type\":\"ReadAction\",\"target\":[\"https:\/\/hesav.ch\/guide-etu\/communication-et-information\/\"]}]},{\"@type\":\"BreadcrumbList\",\"@id\":\"https:\/\/hesav.ch\/guide-etu\/communication-et-information\/#breadcrumb\",\"itemListElement\":[{\"@type\":\"ListItem\",\"position\":1,\"name\":\"Accueil\",\"item\":\"https:\/\/hesav.ch\/guide-etu\/\"},{\"@type\":\"ListItem\",\"position\":2,\"name\":\"Communication et information\"}]},{\"@type\":\"WebSite\",\"@id\":\"https:\/\/hesav.ch\/guide-etu\/#website\",\"url\":\"https:\/\/hesav.ch\/guide-etu\/\",\"name\":\"Le guide de l&#039;\u00e9tudiant.e - HESAV\",\"description\":\"HESAV \/  Haute \u00c9cole de Sant\u00e9 - Vaud\",\"publisher\":{\"@id\":\"https:\/\/hesav.ch\/guide-etu\/#organization\"},\"potentialAction\":[{\"@type\":\"SearchAction\",\"target\":{\"@type\":\"EntryPoint\",\"urlTemplate\":\"https:\/\/hesav.ch\/guide-etu\/?s={search_term_string}\"},\"query-input\":{\"@type\":\"PropertyValueSpecification\",\"valueRequired\":true,\"valueName\":\"search_term_string\"}}],\"inLanguage\":\"fr-FR\"},{\"@type\":\"Organization\",\"@id\":\"https:\/\/hesav.ch\/guide-etu\/#organization\",\"name\":\"Le guide de l&#039;\u00e9tudiant.e - HESAV\",\"url\":\"https:\/\/hesav.ch\/guide-etu\/\",\"logo\":{\"@type\":\"ImageObject\",\"inLanguage\":\"fr-FR\",\"@id\":\"https:\/\/hesav.ch\/guide-etu\/#\/schema\/logo\/image\/\",\"url\":\"https:\/\/hesav.ch\/guide-etu\/wp-content\/uploads\/2025\/10\/logo_hesav_150.png\",\"contentUrl\":\"https:\/\/hesav.ch\/guide-etu\/wp-content\/uploads\/2025\/10\/logo_hesav_150.png\",\"width\":150,\"height\":150,\"caption\":\"Le guide de l&#039;\u00e9tudiant.e - HESAV\"},\"image\":{\"@id\":\"https:\/\/hesav.ch\/guide-etu\/#\/schema\/logo\/image\/\"}}]}<\/script>\n<!-- \/ Yoast SEO plugin. -->","yoast_head_json":{"title":"Communication et information - Le guide de l&#039;\u00e9tudiant.e - HESAV","robots":{"index":"index","follow":"follow","max-snippet":"max-snippet:-1","max-image-preview":"max-image-preview:large","max-video-preview":"max-video-preview:-1"},"canonical":"https:\/\/hesav.ch\/guide-etu\/communication-et-information\/","og_locale":"fr_FR","og_type":"article","og_title":"Communication et information - Le guide de l&#039;\u00e9tudiant.e - HESAV","og_url":"https:\/\/hesav.ch\/guide-etu\/communication-et-information\/","og_site_name":"Le guide de l&#039;\u00e9tudiant.e - HESAV","article_modified_time":"2025-05-15T13:37:39+00:00","twitter_card":"summary_large_image","schema":{"@context":"https:\/\/schema.org","@graph":[{"@type":"WebPage","@id":"https:\/\/hesav.ch\/guide-etu\/communication-et-information\/","url":"https:\/\/hesav.ch\/guide-etu\/communication-et-information\/","name":"Communication et information - Le guide de l&#039;\u00e9tudiant.e - HESAV","isPartOf":{"@id":"https:\/\/hesav.ch\/guide-etu\/#website"},"datePublished":"2022-09-13T11:53:36+00:00","dateModified":"2025-05-15T13:37:39+00:00","breadcrumb":{"@id":"https:\/\/hesav.ch\/guide-etu\/communication-et-information\/#breadcrumb"},"inLanguage":"fr-FR","potentialAction":[{"@type":"ReadAction","target":["https:\/\/hesav.ch\/guide-etu\/communication-et-information\/"]}]},{"@type":"BreadcrumbList","@id":"https:\/\/hesav.ch\/guide-etu\/communication-et-information\/#breadcrumb","itemListElement":[{"@type":"ListItem","position":1,"name":"Accueil","item":"https:\/\/hesav.ch\/guide-etu\/"},{"@type":"ListItem","position":2,"name":"Communication et information"}]},{"@type":"WebSite","@id":"https:\/\/hesav.ch\/guide-etu\/#website","url":"https:\/\/hesav.ch\/guide-etu\/","name":"Le guide de l&#039;\u00e9tudiant.e - HESAV","description":"HESAV \/  Haute \u00c9cole de Sant\u00e9 - Vaud","publisher":{"@id":"https:\/\/hesav.ch\/guide-etu\/#organization"},"potentialAction":[{"@type":"SearchAction","target":{"@type":"EntryPoint","urlTemplate":"https:\/\/hesav.ch\/guide-etu\/?s={search_term_string}"},"query-input":{"@type":"PropertyValueSpecification","valueRequired":true,"valueName":"search_term_string"}}],"inLanguage":"fr-FR"},{"@type":"Organization","@id":"https:\/\/hesav.ch\/guide-etu\/#organization","name":"Le guide de l&#039;\u00e9tudiant.e - HESAV","url":"https:\/\/hesav.ch\/guide-etu\/","logo":{"@type":"ImageObject","inLanguage":"fr-FR","@id":"https:\/\/hesav.ch\/guide-etu\/#\/schema\/logo\/image\/","url":"https:\/\/hesav.ch\/guide-etu\/wp-content\/uploads\/2025\/10\/logo_hesav_150.png","contentUrl":"https:\/\/hesav.ch\/guide-etu\/wp-content\/uploads\/2025\/10\/logo_hesav_150.png","width":150,"height":150,"caption":"Le guide de l&#039;\u00e9tudiant.e - HESAV"},"image":{"@id":"https:\/\/hesav.ch\/guide-etu\/#\/schema\/logo\/image\/"}}]}},"_links":{"self":[{"href":"https:\/\/hesav.ch\/guide-etu\/wp-json\/wp\/v2\/pages\/146","targetHints":{"allow":["GET"]}}],"collection":[{"href":"https:\/\/hesav.ch\/guide-etu\/wp-json\/wp\/v2\/pages"}],"about":[{"href":"https:\/\/hesav.ch\/guide-etu\/wp-json\/wp\/v2\/types\/page"}],"author":[{"embeddable":true,"href":"https:\/\/hesav.ch\/guide-etu\/wp-json\/wp\/v2\/users\/1"}],"replies":[{"embeddable":true,"href":"https:\/\/hesav.ch\/guide-etu\/wp-json\/wp\/v2\/comments?post=146"}],"version-history":[{"count":24,"href":"https:\/\/hesav.ch\/guide-etu\/wp-json\/wp\/v2\/pages\/146\/revisions"}],"predecessor-version":[{"id":630,"href":"https:\/\/hesav.ch\/guide-etu\/wp-json\/wp\/v2\/pages\/146\/revisions\/630"}],"wp:attachment":[{"href":"https:\/\/hesav.ch\/guide-etu\/wp-json\/wp\/v2\/media?parent=146"}],"curies":[{"name":"wp","href":"https:\/\/api.w.org\/{rel}","templated":true}]}}