{"id":27,"date":"2022-09-05T13:24:40","date_gmt":"2022-09-05T11:24:40","guid":{"rendered":"https:\/\/www.hesav.ch\/new-guide-etu\/?page_id=27"},"modified":"2025-05-15T15:33:39","modified_gmt":"2025-05-15T13:33:39","slug":"campus","status":"publish","type":"page","link":"https:\/\/hesav.ch\/guide-etu\/campus\/","title":{"rendered":"Campus"},"content":{"rendered":"\n\n\t\t\n<section class=\"section-description \" >\n\t<div class=\"section-description__inner\">\n\t\t<div class=\"section-description__text-wrapper\">\n\t\t\t\t\t\t\t\t\t\t<h2 class=\"section-description__title\">HESAV vous accueille sur son campus qui se d\u00e9ploie sur quatre lieux situ\u00e9s autour du CHUV et en ville :<\/h2>\n\t\t\t\t\t\t<div class=\"section-description__content typography\"><ul>\n<li><strong>Avenue de Beaumont 21<\/strong><br \/>\nSite principal de l\u2019\u00e9cole, il regroupe la direction et l\u2019administration, des salles d\u2019enseignement, ainsi que la biblioth\u00e8que.<\/li>\n<li><strong>Avenue C\u00e9sar-Roux 19<\/strong><br \/>\nSite qui regroupe des salles d\u2019enseignement, des auditoires, des bureaux et un espace d\u00e9tente muni de machines \u00e0 caf\u00e9 et de distributeurs de snacks.<\/li>\n<li><strong>Rue du Bugnon 19<\/strong><br \/>\nSite qui regroupe des salles d\u2019enseignement, des locaux d\u00e9di\u00e9s \u00e0 l\u2019imagerie m\u00e9dicale et des bureaux.<\/li>\n<li><strong>Avenue de l\u2019\u00c9lys\u00e9e 4<\/strong><br \/>\nSite principal de l\u2019enseignement de la pratique simul\u00e9e, ses salles sont dot\u00e9es des derniers \u00e9quipements high-tech.<\/li>\n<\/ul>\n<p>Ses infrastructures font de HESAV l\u2019un des plus importants centres de formation dans le domaine de la sant\u00e9 en Suisse romande.<\/p>\n<p><a href=\"https:\/\/hesav.ch\/wp-content\/uploads\/2025\/03\/HESAV_Plan_Sites_2025.pdf\" target=\"_blank\" rel=\"noopener\">T\u00e9l\u00e9charger le plan au format PDF<\/a><\/p>\n<\/div>\n\t\t<\/div>\n\t\t\t<\/div>\n<\/section>\n\n\n\t\t\n<section class=\"section-description \" >\n\t<div class=\"section-description__inner\">\n\t\t<div class=\"section-description__text-wrapper\">\n\t\t\t\t\t\t\t\t\t\t<h2 class=\"section-description__title\">Transports<\/h2>\n\t\t\t\t\t\t<div class=\"section-description__content typography\"><p><strong>Avec le m2, c\u2019est facile<\/strong><br \/>\nHESAV est desservie par le m\u00e9tro M2 - Arr\u00eat CHUV.<br \/>\nLe M2 est \u00e9galement le moyen le plus pratique pour vous rendre au b\u00e2timent de l\u2019Elys\u00e9e (arr\u00eat D\u00e9lices).<\/p>\n<p><strong>En deux roues, c\u2019est possible<\/strong><br \/>\nHESAV met \u00e0 votre disposition quelques places devant l\u2019entr\u00e9e de Beaumont 21. Le macaron est obligatoire, pour cela nous vous remercions de vous adresser \u00e0 la r\u00e9ception de HESAV.<\/p>\n<p><strong>En voiture, c\u2019est d\u00e9conseill\u00e9<\/strong><br \/>\nHESAV ne dispose d\u2019aucune place de parc pour les \u00e9tudiant\u00b7es. Les r\u00e9sident\u00b7es de la Tour peuvent s\u2019adresser \u00e0 <a href=\"https:\/\/www.lausanne.ch\/prestations\/police\/demande-macaron-pour-residents.html\" target=\"_blank\" rel=\"noopener\">l\u2019Office de stationnement de la police municipale<\/a> pour obtenir un macaron leur permettant le stationnement prolong\u00e9 sur des places en zone bleue.<\/p>\n<\/div>\n\t\t<\/div>\n\t\t\t<\/div>\n<\/section>\n\n\n\t\t\n<section class=\"section-description \" >\n\t<div class=\"section-description__inner\">\n\t\t<div class=\"section-description__text-wrapper\">\n\t\t\t\t\t\t\t\t\t\t<h2 class=\"section-description__title\">Objets perdus ou trouv\u00e9s <\/h2>\n\t\t\t\t\t\t<div class=\"section-description__content typography\"><p>Les objets trouv\u00e9s sont, en principe, d\u00e9pos\u00e9s \u00e0 la r\u00e9ception de Beaumont 21 o\u00f9 ils peuvent \u00eatre r\u00e9cup\u00e9r\u00e9s.<\/p>\n<p>En cas de perte dans les autres b\u00e2timents de HESAV, vous pouvez vous adresser au concierge ou \u00e0 l\u2019enseignant\u00b7e qui a donn\u00e9 le cours.<\/p>\n<\/div>\n\t\t<\/div>\n\t\t\t<\/div>\n<\/section>\n","protected":false},"excerpt":{"rendered":"","protected":false},"author":1,"featured_media":0,"parent":0,"menu_order":0,"comment_status":"closed","ping_status":"closed","template":"","meta":{"_acf_changed":false,"footnotes":""},"class_list":["post-27","page","type-page","status-publish","hentry"],"acf":[],"yoast_head":"<!-- This site is optimized with the Yoast SEO plugin v24.7 - https:\/\/yoast.com\/wordpress\/plugins\/seo\/ -->\n<title>Campus - Le guide de l&#039;\u00e9tudiant.e - HESAV<\/title>\n<meta name=\"robots\" content=\"index, follow, max-snippet:-1, max-image-preview:large, max-video-preview:-1\" \/>\n<link rel=\"canonical\" href=\"https:\/\/hesav.ch\/guide-etu\/campus\/\" \/>\n<meta property=\"og:locale\" content=\"fr_FR\" \/>\n<meta property=\"og:type\" content=\"article\" \/>\n<meta property=\"og:title\" content=\"Campus - Le guide de l&#039;\u00e9tudiant.e - HESAV\" \/>\n<meta property=\"og:url\" content=\"https:\/\/hesav.ch\/guide-etu\/campus\/\" \/>\n<meta property=\"og:site_name\" content=\"Le guide de l&#039;\u00e9tudiant.e - HESAV\" \/>\n<meta property=\"article:modified_time\" content=\"2025-05-15T13:33:39+00:00\" \/>\n<meta name=\"twitter:card\" content=\"summary_large_image\" \/>\n<script type=\"application\/ld+json\" class=\"yoast-schema-graph\">{\"@context\":\"https:\/\/schema.org\",\"@graph\":[{\"@type\":\"WebPage\",\"@id\":\"https:\/\/hesav.ch\/guide-etu\/campus\/\",\"url\":\"https:\/\/hesav.ch\/guide-etu\/campus\/\",\"name\":\"Campus - Le guide de l&#039;\u00e9tudiant.e - HESAV\",\"isPartOf\":{\"@id\":\"https:\/\/hesav.ch\/guide-etu\/#website\"},\"datePublished\":\"2022-09-05T11:24:40+00:00\",\"dateModified\":\"2025-05-15T13:33:39+00:00\",\"breadcrumb\":{\"@id\":\"https:\/\/hesav.ch\/guide-etu\/campus\/#breadcrumb\"},\"inLanguage\":\"fr-FR\",\"potentialAction\":[{\"@type\":\"ReadAction\",\"target\":[\"https:\/\/hesav.ch\/guide-etu\/campus\/\"]}]},{\"@type\":\"BreadcrumbList\",\"@id\":\"https:\/\/hesav.ch\/guide-etu\/campus\/#breadcrumb\",\"itemListElement\":[{\"@type\":\"ListItem\",\"position\":1,\"name\":\"Accueil\",\"item\":\"https:\/\/hesav.ch\/guide-etu\/\"},{\"@type\":\"ListItem\",\"position\":2,\"name\":\"Campus\"}]},{\"@type\":\"WebSite\",\"@id\":\"https:\/\/hesav.ch\/guide-etu\/#website\",\"url\":\"https:\/\/hesav.ch\/guide-etu\/\",\"name\":\"Le guide de l&#039;\u00e9tudiant.e - HESAV\",\"description\":\"HESAV \/  Haute \u00c9cole de Sant\u00e9 - Vaud\",\"publisher\":{\"@id\":\"https:\/\/hesav.ch\/guide-etu\/#organization\"},\"potentialAction\":[{\"@type\":\"SearchAction\",\"target\":{\"@type\":\"EntryPoint\",\"urlTemplate\":\"https:\/\/hesav.ch\/guide-etu\/?s={search_term_string}\"},\"query-input\":{\"@type\":\"PropertyValueSpecification\",\"valueRequired\":true,\"valueName\":\"search_term_string\"}}],\"inLanguage\":\"fr-FR\"},{\"@type\":\"Organization\",\"@id\":\"https:\/\/hesav.ch\/guide-etu\/#organization\",\"name\":\"Le guide de l&#039;\u00e9tudiant.e - HESAV\",\"url\":\"https:\/\/hesav.ch\/guide-etu\/\",\"logo\":{\"@type\":\"ImageObject\",\"inLanguage\":\"fr-FR\",\"@id\":\"https:\/\/hesav.ch\/guide-etu\/#\/schema\/logo\/image\/\",\"url\":\"https:\/\/hesav.ch\/guide-etu\/wp-content\/uploads\/2025\/10\/logo_hesav_150.png\",\"contentUrl\":\"https:\/\/hesav.ch\/guide-etu\/wp-content\/uploads\/2025\/10\/logo_hesav_150.png\",\"width\":150,\"height\":150,\"caption\":\"Le guide de l&#039;\u00e9tudiant.e - HESAV\"},\"image\":{\"@id\":\"https:\/\/hesav.ch\/guide-etu\/#\/schema\/logo\/image\/\"}}]}<\/script>\n<!-- \/ Yoast SEO plugin. -->","yoast_head_json":{"title":"Campus - Le guide de l&#039;\u00e9tudiant.e - HESAV","robots":{"index":"index","follow":"follow","max-snippet":"max-snippet:-1","max-image-preview":"max-image-preview:large","max-video-preview":"max-video-preview:-1"},"canonical":"https:\/\/hesav.ch\/guide-etu\/campus\/","og_locale":"fr_FR","og_type":"article","og_title":"Campus - Le guide de l&#039;\u00e9tudiant.e - HESAV","og_url":"https:\/\/hesav.ch\/guide-etu\/campus\/","og_site_name":"Le guide de l&#039;\u00e9tudiant.e - HESAV","article_modified_time":"2025-05-15T13:33:39+00:00","twitter_card":"summary_large_image","schema":{"@context":"https:\/\/schema.org","@graph":[{"@type":"WebPage","@id":"https:\/\/hesav.ch\/guide-etu\/campus\/","url":"https:\/\/hesav.ch\/guide-etu\/campus\/","name":"Campus - Le guide de l&#039;\u00e9tudiant.e - HESAV","isPartOf":{"@id":"https:\/\/hesav.ch\/guide-etu\/#website"},"datePublished":"2022-09-05T11:24:40+00:00","dateModified":"2025-05-15T13:33:39+00:00","breadcrumb":{"@id":"https:\/\/hesav.ch\/guide-etu\/campus\/#breadcrumb"},"inLanguage":"fr-FR","potentialAction":[{"@type":"ReadAction","target":["https:\/\/hesav.ch\/guide-etu\/campus\/"]}]},{"@type":"BreadcrumbList","@id":"https:\/\/hesav.ch\/guide-etu\/campus\/#breadcrumb","itemListElement":[{"@type":"ListItem","position":1,"name":"Accueil","item":"https:\/\/hesav.ch\/guide-etu\/"},{"@type":"ListItem","position":2,"name":"Campus"}]},{"@type":"WebSite","@id":"https:\/\/hesav.ch\/guide-etu\/#website","url":"https:\/\/hesav.ch\/guide-etu\/","name":"Le guide de l&#039;\u00e9tudiant.e - HESAV","description":"HESAV \/  Haute \u00c9cole de Sant\u00e9 - Vaud","publisher":{"@id":"https:\/\/hesav.ch\/guide-etu\/#organization"},"potentialAction":[{"@type":"SearchAction","target":{"@type":"EntryPoint","urlTemplate":"https:\/\/hesav.ch\/guide-etu\/?s={search_term_string}"},"query-input":{"@type":"PropertyValueSpecification","valueRequired":true,"valueName":"search_term_string"}}],"inLanguage":"fr-FR"},{"@type":"Organization","@id":"https:\/\/hesav.ch\/guide-etu\/#organization","name":"Le guide de l&#039;\u00e9tudiant.e - HESAV","url":"https:\/\/hesav.ch\/guide-etu\/","logo":{"@type":"ImageObject","inLanguage":"fr-FR","@id":"https:\/\/hesav.ch\/guide-etu\/#\/schema\/logo\/image\/","url":"https:\/\/hesav.ch\/guide-etu\/wp-content\/uploads\/2025\/10\/logo_hesav_150.png","contentUrl":"https:\/\/hesav.ch\/guide-etu\/wp-content\/uploads\/2025\/10\/logo_hesav_150.png","width":150,"height":150,"caption":"Le guide de l&#039;\u00e9tudiant.e - HESAV"},"image":{"@id":"https:\/\/hesav.ch\/guide-etu\/#\/schema\/logo\/image\/"}}]}},"_links":{"self":[{"href":"https:\/\/hesav.ch\/guide-etu\/wp-json\/wp\/v2\/pages\/27","targetHints":{"allow":["GET"]}}],"collection":[{"href":"https:\/\/hesav.ch\/guide-etu\/wp-json\/wp\/v2\/pages"}],"about":[{"href":"https:\/\/hesav.ch\/guide-etu\/wp-json\/wp\/v2\/types\/page"}],"author":[{"embeddable":true,"href":"https:\/\/hesav.ch\/guide-etu\/wp-json\/wp\/v2\/users\/1"}],"replies":[{"embeddable":true,"href":"https:\/\/hesav.ch\/guide-etu\/wp-json\/wp\/v2\/comments?post=27"}],"version-history":[{"count":12,"href":"https:\/\/hesav.ch\/guide-etu\/wp-json\/wp\/v2\/pages\/27\/revisions"}],"predecessor-version":[{"id":628,"href":"https:\/\/hesav.ch\/guide-etu\/wp-json\/wp\/v2\/pages\/27\/revisions\/628"}],"wp:attachment":[{"href":"https:\/\/hesav.ch\/guide-etu\/wp-json\/wp\/v2\/media?parent=27"}],"curies":[{"name":"wp","href":"https:\/\/api.w.org\/{rel}","templated":true}]}}