{"id":35,"date":"2022-09-07T15:34:33","date_gmt":"2022-09-07T13:34:33","guid":{"rendered":"https:\/\/www.hesav.ch\/new-guide-etu\/?page_id=35"},"modified":"2025-05-15T15:32:53","modified_gmt":"2025-05-15T13:32:53","slug":"horaires-et-lieux","status":"publish","type":"page","link":"https:\/\/hesav.ch\/guide-etu\/horaires-et-lieux\/","title":{"rendered":"Horaires et lieux"},"content":{"rendered":"\n\n\t\t\n<section class=\"section-description \" >\n\t<div class=\"section-description__inner\">\n\t\t<div class=\"section-description__text-wrapper\">\n\t\t\t\t\t\t\t\t\t\t<h2 class=\"section-description__title\">Horaires<\/h2>\n\t\t\t\t\t\t<div class=\"section-description__content typography\"><p>Les cours sont planifi\u00e9s du lundi au vendredi par p\u00e9riodes de 45 minutes dans les plages horaires suivantes :<\/p>\n<ul>\n<li><strong>Matin<\/strong><br \/>\n8h15 - 9h45<br \/>\n10h15 - 11h45<\/li>\n<li><strong>Apr\u00e8s-midi<\/strong><br \/>\n12h30 - 13h15<br \/>\n13h15 - 14h45<br \/>\n15h00 - 16h30<\/li>\n<li><strong>Soir (occasionnel)<\/strong><br \/>\n16:45 - 19:00<\/li>\n<\/ul>\n<p>Des cours peuvent \u00eatre occasionnellement planifi\u00e9s le samedi.<\/p>\n<p>Attention : les horaires et les lieux de cours de la semaine peuvent \u00eatre modifi\u00e9s et doivent \u00eatre r\u00e9guli\u00e8rement consult\u00e9s sur les sites internet, intranet ou via l\u2019application HESAV.<\/p>\n<\/div>\n\t\t<\/div>\n\t\t\t<\/div>\n<\/section>\n\n\n<section class=\"section-card-resource \" >\n\t<div class=\"section-card-resource__inner\">\n\t\t\t\t<ul class=\"list-card list-card--resources has-1-cards \" data-appear>\n\t\t<li class=\"list-card__item\">\n\t\t\t<a\n\t href=\"https:\/\/hesav.ch\/guide-etu\/wp-content\/uploads\/2024\/06\/Calendrier_Academique_HESAV_2024-2025.pdf\"\tclass=\"card card--resource \"\n\t title=\"T\u00e9l\u00e9charger 'Calendrier_Academique_HESAV_2024-2025.pdf'\"\ttarget=\"_blank\"\n>\n\t<div class=\"card__inner\">\n\t\t\t\t<h5 class=\"card__title\">Calendrier acad\u00e9mique formations 24-25<\/h5>\n\t\t\n\t\t<div class=\"card__footer\">\n\t\t\t\t\t\t<p class=\"card__info\">692 Ko - Fichier pdf<\/p>\n\t\t\t\t\t\t<svg xmlns=\"http:\/\/www.w3.org\/2000\/svg\" width=\"24\" height=\"24\" viewBox=\"0 0 24 24\" fill=\"none\">\n  <path d=\"M12 14.25L16.4444 9.85M12 14.25L7.55556 9.85M12 14.25L12 6M7 17L17 17\" stroke=\"black\" stroke-width=\"1.5\"\/>\n<\/svg>\n\t\t\t<div class=\"card__delete\"><\/div>\n\t\t<\/div>\n\t<\/div>\n<\/a>\n\n\t<\/li>\n\t<\/ul>\n\n\t<\/div>\n\t<\/section>\n\n\n\t\t\n<section class=\"section-description \" >\n\t<div class=\"section-description__inner\">\n\t\t<div class=\"section-description__text-wrapper\">\n\t\t\t\t\t\t\t\t\t\t<h2 class=\"section-description__title\">Lieux de cours <\/h2>\n\t\t\t\t\t\t<div class=\"section-description__content typography\"><p>Les cours ont lieu sur les quatre sites de notre Campus :<\/p>\n<ul>\n<li><strong>Avenue de Beaumont 21<\/strong><\/li>\n<li><strong>Avenue C\u00e9sar-Roux 19<\/strong><\/li>\n<li><strong>Rue du Bugnon 19 <\/strong>(fili\u00e8re TRM)<\/li>\n<li><strong>Avenue de l\u2019\u00c9lys\u00e9e 4 <\/strong>(enseignement par la simulation)<\/li>\n<\/ul>\n<p><a href=\"https:\/\/hesav.ch\/wp-content\/uploads\/2025\/03\/HESAV_Plan_Sites_2025.pdf\" target=\"_blank\" rel=\"noopener\">T\u00e9l\u00e9charger le plan au format PDF<\/a><\/p>\n<\/div>\n\t\t<\/div>\n\t\t\t<\/div>\n<\/section>\n\n\n\t\t\n<section class=\"section-description \" >\n\t<div class=\"section-description__inner\">\n\t\t<div class=\"section-description__text-wrapper\">\n\t\t\t\t\t\t\t\t\t\t<h2 class=\"section-description__title\">Salles de cours <\/h2>\n\t\t\t\t\t\t<div class=\"section-description__content typography\"><p>HESAV dispose de salles de cours th\u00e9oriques et pratiques r\u00e9parties sur ses diff\u00e9rents sites.<\/p>\n<p>Les salles de cours th\u00e9oriques sont \u00e9quip\u00e9es de tout le mat\u00e9riel n\u00e9cessaire, y compris pour assurer un enseignement \u00e0 distance.<\/p>\n<p>Les salles de cours pratiques vous permettent d\u2019exercer les gestes cliniques.<\/p>\n<p>A l'Elys\u00e9e 4, les salles de simulation immersive permettent un apprentissage en contexte aussi proche que possible de la r\u00e9alit\u00e9 (chambre d\u2019h\u00f4pital par exemple).<\/p>\n<p>Pour des demandes de location en journ\u00e9e (lors des p\u00e9riodes de cours), vous pouvez vous adresser au bureau de la formation.<\/p>\n<\/div>\n\t\t<\/div>\n\t\t\t<\/div>\n<\/section>\n\n\n\t\t\n<section class=\"section-description \" >\n\t<div class=\"section-description__inner\">\n\t\t<div class=\"section-description__text-wrapper\">\n\t\t\t\t\t\t\t\t\t\t<h2 class=\"section-description__title\">Vestiaires et casiers <\/h2>\n\t\t\t\t\t\t<div class=\"section-description__content typography\"><p>Des vestiaires et des casiers sont disponibles \u00e0 Beaumont 21 ainsi qu'\u00e0 l'Elys\u00e9e 4.<\/p>\n<ul>\n<li>au sous-sol de Beaumont. En nombre limit\u00e9, ces casiers sont mis \u00e0 disposition dans la mesure des possibilit\u00e9s, gratuitement et \u00e0 bien plaire. Une caution de CHF 50.- est demand\u00e9e, restitu\u00e9e au retour de la cl\u00e9.<\/li>\n<li>\u00e0 l\u2019Elys\u00e9e 4 : chaque \u00e9tudiant.e, lors de son arriv\u00e9e \u00e0 l\u2019Elys\u00e9e 4, peut prendre possession d'un casier fermant \u00e0 cl\u00e9, situ\u00e9 au sous-sol du b\u00e2timent. Le casier doit \u00eatre restitu\u00e9 avant de quitter le b\u00e2timent.<\/li>\n<\/ul>\n<\/div>\n\t\t<\/div>\n\t\t\t<\/div>\n<\/section>\n","protected":false},"excerpt":{"rendered":"","protected":false},"author":1,"featured_media":0,"parent":0,"menu_order":0,"comment_status":"closed","ping_status":"closed","template":"","meta":{"_acf_changed":false,"footnotes":""},"class_list":["post-35","page","type-page","status-publish","hentry"],"acf":[],"yoast_head":"<!-- This site is optimized with the Yoast SEO plugin v24.7 - https:\/\/yoast.com\/wordpress\/plugins\/seo\/ -->\n<title>Horaires et lieux - Le guide de l&#039;\u00e9tudiant.e - HESAV<\/title>\n<meta name=\"robots\" content=\"index, follow, max-snippet:-1, max-image-preview:large, max-video-preview:-1\" \/>\n<link rel=\"canonical\" href=\"https:\/\/hesav.ch\/guide-etu\/horaires-et-lieux\/\" \/>\n<meta property=\"og:locale\" content=\"fr_FR\" \/>\n<meta property=\"og:type\" content=\"article\" \/>\n<meta property=\"og:title\" content=\"Horaires et lieux - Le guide de l&#039;\u00e9tudiant.e - HESAV\" \/>\n<meta property=\"og:url\" content=\"https:\/\/hesav.ch\/guide-etu\/horaires-et-lieux\/\" \/>\n<meta property=\"og:site_name\" content=\"Le guide de l&#039;\u00e9tudiant.e - HESAV\" \/>\n<meta property=\"article:modified_time\" content=\"2025-05-15T13:32:53+00:00\" \/>\n<meta name=\"twitter:card\" content=\"summary_large_image\" \/>\n<script type=\"application\/ld+json\" class=\"yoast-schema-graph\">{\"@context\":\"https:\/\/schema.org\",\"@graph\":[{\"@type\":\"WebPage\",\"@id\":\"https:\/\/hesav.ch\/guide-etu\/horaires-et-lieux\/\",\"url\":\"https:\/\/hesav.ch\/guide-etu\/horaires-et-lieux\/\",\"name\":\"Horaires et lieux - Le guide de l&#039;\u00e9tudiant.e - HESAV\",\"isPartOf\":{\"@id\":\"https:\/\/hesav.ch\/guide-etu\/#website\"},\"datePublished\":\"2022-09-07T13:34:33+00:00\",\"dateModified\":\"2025-05-15T13:32:53+00:00\",\"breadcrumb\":{\"@id\":\"https:\/\/hesav.ch\/guide-etu\/horaires-et-lieux\/#breadcrumb\"},\"inLanguage\":\"fr-FR\",\"potentialAction\":[{\"@type\":\"ReadAction\",\"target\":[\"https:\/\/hesav.ch\/guide-etu\/horaires-et-lieux\/\"]}]},{\"@type\":\"BreadcrumbList\",\"@id\":\"https:\/\/hesav.ch\/guide-etu\/horaires-et-lieux\/#breadcrumb\",\"itemListElement\":[{\"@type\":\"ListItem\",\"position\":1,\"name\":\"Accueil\",\"item\":\"https:\/\/hesav.ch\/guide-etu\/\"},{\"@type\":\"ListItem\",\"position\":2,\"name\":\"Horaires et lieux\"}]},{\"@type\":\"WebSite\",\"@id\":\"https:\/\/hesav.ch\/guide-etu\/#website\",\"url\":\"https:\/\/hesav.ch\/guide-etu\/\",\"name\":\"Le guide de l&#039;\u00e9tudiant.e - HESAV\",\"description\":\"HESAV \/  Haute \u00c9cole de Sant\u00e9 - Vaud\",\"publisher\":{\"@id\":\"https:\/\/hesav.ch\/guide-etu\/#organization\"},\"potentialAction\":[{\"@type\":\"SearchAction\",\"target\":{\"@type\":\"EntryPoint\",\"urlTemplate\":\"https:\/\/hesav.ch\/guide-etu\/?s={search_term_string}\"},\"query-input\":{\"@type\":\"PropertyValueSpecification\",\"valueRequired\":true,\"valueName\":\"search_term_string\"}}],\"inLanguage\":\"fr-FR\"},{\"@type\":\"Organization\",\"@id\":\"https:\/\/hesav.ch\/guide-etu\/#organization\",\"name\":\"Le guide de l&#039;\u00e9tudiant.e - HESAV\",\"url\":\"https:\/\/hesav.ch\/guide-etu\/\",\"logo\":{\"@type\":\"ImageObject\",\"inLanguage\":\"fr-FR\",\"@id\":\"https:\/\/hesav.ch\/guide-etu\/#\/schema\/logo\/image\/\",\"url\":\"https:\/\/hesav.ch\/guide-etu\/wp-content\/uploads\/2025\/10\/logo_hesav_150.png\",\"contentUrl\":\"https:\/\/hesav.ch\/guide-etu\/wp-content\/uploads\/2025\/10\/logo_hesav_150.png\",\"width\":150,\"height\":150,\"caption\":\"Le guide de l&#039;\u00e9tudiant.e - HESAV\"},\"image\":{\"@id\":\"https:\/\/hesav.ch\/guide-etu\/#\/schema\/logo\/image\/\"}}]}<\/script>\n<!-- \/ Yoast SEO plugin. -->","yoast_head_json":{"title":"Horaires et lieux - Le guide de l&#039;\u00e9tudiant.e - HESAV","robots":{"index":"index","follow":"follow","max-snippet":"max-snippet:-1","max-image-preview":"max-image-preview:large","max-video-preview":"max-video-preview:-1"},"canonical":"https:\/\/hesav.ch\/guide-etu\/horaires-et-lieux\/","og_locale":"fr_FR","og_type":"article","og_title":"Horaires et lieux - Le guide de l&#039;\u00e9tudiant.e - HESAV","og_url":"https:\/\/hesav.ch\/guide-etu\/horaires-et-lieux\/","og_site_name":"Le guide de l&#039;\u00e9tudiant.e - HESAV","article_modified_time":"2025-05-15T13:32:53+00:00","twitter_card":"summary_large_image","schema":{"@context":"https:\/\/schema.org","@graph":[{"@type":"WebPage","@id":"https:\/\/hesav.ch\/guide-etu\/horaires-et-lieux\/","url":"https:\/\/hesav.ch\/guide-etu\/horaires-et-lieux\/","name":"Horaires et lieux - Le guide de l&#039;\u00e9tudiant.e - HESAV","isPartOf":{"@id":"https:\/\/hesav.ch\/guide-etu\/#website"},"datePublished":"2022-09-07T13:34:33+00:00","dateModified":"2025-05-15T13:32:53+00:00","breadcrumb":{"@id":"https:\/\/hesav.ch\/guide-etu\/horaires-et-lieux\/#breadcrumb"},"inLanguage":"fr-FR","potentialAction":[{"@type":"ReadAction","target":["https:\/\/hesav.ch\/guide-etu\/horaires-et-lieux\/"]}]},{"@type":"BreadcrumbList","@id":"https:\/\/hesav.ch\/guide-etu\/horaires-et-lieux\/#breadcrumb","itemListElement":[{"@type":"ListItem","position":1,"name":"Accueil","item":"https:\/\/hesav.ch\/guide-etu\/"},{"@type":"ListItem","position":2,"name":"Horaires et lieux"}]},{"@type":"WebSite","@id":"https:\/\/hesav.ch\/guide-etu\/#website","url":"https:\/\/hesav.ch\/guide-etu\/","name":"Le guide de l&#039;\u00e9tudiant.e - HESAV","description":"HESAV \/  Haute \u00c9cole de Sant\u00e9 - Vaud","publisher":{"@id":"https:\/\/hesav.ch\/guide-etu\/#organization"},"potentialAction":[{"@type":"SearchAction","target":{"@type":"EntryPoint","urlTemplate":"https:\/\/hesav.ch\/guide-etu\/?s={search_term_string}"},"query-input":{"@type":"PropertyValueSpecification","valueRequired":true,"valueName":"search_term_string"}}],"inLanguage":"fr-FR"},{"@type":"Organization","@id":"https:\/\/hesav.ch\/guide-etu\/#organization","name":"Le guide de l&#039;\u00e9tudiant.e - HESAV","url":"https:\/\/hesav.ch\/guide-etu\/","logo":{"@type":"ImageObject","inLanguage":"fr-FR","@id":"https:\/\/hesav.ch\/guide-etu\/#\/schema\/logo\/image\/","url":"https:\/\/hesav.ch\/guide-etu\/wp-content\/uploads\/2025\/10\/logo_hesav_150.png","contentUrl":"https:\/\/hesav.ch\/guide-etu\/wp-content\/uploads\/2025\/10\/logo_hesav_150.png","width":150,"height":150,"caption":"Le guide de l&#039;\u00e9tudiant.e - HESAV"},"image":{"@id":"https:\/\/hesav.ch\/guide-etu\/#\/schema\/logo\/image\/"}}]}},"_links":{"self":[{"href":"https:\/\/hesav.ch\/guide-etu\/wp-json\/wp\/v2\/pages\/35","targetHints":{"allow":["GET"]}}],"collection":[{"href":"https:\/\/hesav.ch\/guide-etu\/wp-json\/wp\/v2\/pages"}],"about":[{"href":"https:\/\/hesav.ch\/guide-etu\/wp-json\/wp\/v2\/types\/page"}],"author":[{"embeddable":true,"href":"https:\/\/hesav.ch\/guide-etu\/wp-json\/wp\/v2\/users\/1"}],"replies":[{"embeddable":true,"href":"https:\/\/hesav.ch\/guide-etu\/wp-json\/wp\/v2\/comments?post=35"}],"version-history":[{"count":24,"href":"https:\/\/hesav.ch\/guide-etu\/wp-json\/wp\/v2\/pages\/35\/revisions"}],"predecessor-version":[{"id":627,"href":"https:\/\/hesav.ch\/guide-etu\/wp-json\/wp\/v2\/pages\/35\/revisions\/627"}],"wp:attachment":[{"href":"https:\/\/hesav.ch\/guide-etu\/wp-json\/wp\/v2\/media?parent=35"}],"curies":[{"name":"wp","href":"https:\/\/api.w.org\/{rel}","templated":true}]}}