{"id":38,"date":"2022-09-07T15:36:46","date_gmt":"2022-09-07T13:36:46","guid":{"rendered":"https:\/\/www.hesav.ch\/new-guide-etu\/?page_id=38"},"modified":"2025-06-03T09:34:49","modified_gmt":"2025-06-03T07:34:49","slug":"informatique","status":"publish","type":"page","link":"https:\/\/hesav.ch\/guide-etu\/informatique\/","title":{"rendered":"Informatique"},"content":{"rendered":"\n\n\t\t\n<section class=\"section-description \" >\n\t<div class=\"section-description__inner\">\n\t\t<div class=\"section-description__text-wrapper\">\n\t\t\t\t\t\t\t\t\t\t<h2 class=\"section-description__title\">Service informatique <\/h2>\n\t\t\t\t\t\t<div class=\"section-description__content typography\"><p>Le service informatique est responsable du service \u00e0 l\u2019utilisateur\u00b7trice, des syst\u00e8mes informatiques et d\u2019informations de HESAV. Il g\u00e8re vos comptes et acc\u00e8s ainsi que tous les services informatiques mis \u00e0 votre disposition par HESAV. Il assure la s\u00e9curit\u00e9 et la confidentialit\u00e9 de vos donn\u00e9es et le bon fonctionnement des ressources informatiques.<\/p>\n<p>Vous avez un probl\u00e8me ou une question \u00e0 ce sujet ? Ouvrez un ticket informatique en cliquant ici : <a href=\"https:\/\/hesav.freshservice.com\/support\/home\" target=\"_blank\" rel=\"noopener\">Support : HESAV (freshservice.com)<\/a> (n\u2019oubliez pas de vous connecter en cliquant en haut \u00e0 droite de la page).<\/p>\n<p>&nbsp;<\/p>\n<p><strong>Le\u00a0service \u00e0 l\u2019utilisateur\u00b7trice est \u00e0 votre disposition :<\/strong><\/p>\n<p>Du lundi au vendredi de 8h00 \u00e0 12h00 et de 13h00 \u00e0 17h00<br \/>\nsur le site de Beaumont 21, b\u00e2timent annexe, au sous-sol.<\/p>\n<\/div>\n\t\t<\/div>\n\t\t\t<\/div>\n<\/section>\n\n\n\t\t\n<section class=\"section-description \" >\n\t<div class=\"section-description__inner\">\n\t\t<div class=\"section-description__text-wrapper\">\n\t\t\t\t\t\t\t\t\t\t<h2 class=\"section-description__title\">Conditions d'utilisation<\/h2>\n\t\t\t\t\t\t<div class=\"section-description__content typography\"><p>L\u2019utilisation des ressources informatiques mises \u00e0 disposition par HESAV est r\u00e9gie par une directive. Nous vous remercions de bien vouloir en prendre connaissance aupr\u00e8s du service informatique.<\/p>\n<p>Une violation grave ou r\u00e9p\u00e9t\u00e9e des conditions d\u2019utilisation peut entra\u00eener le retrait de l\u2019acc\u00e8s aux ressources informatiques de HESAV, voire des sanctions disciplinaires.<\/p>\n<\/div>\n\t\t<\/div>\n\t\t\t<\/div>\n<\/section>\n","protected":false},"excerpt":{"rendered":"","protected":false},"author":1,"featured_media":0,"parent":0,"menu_order":0,"comment_status":"closed","ping_status":"closed","template":"","meta":{"_acf_changed":false,"footnotes":""},"class_list":["post-38","page","type-page","status-publish","hentry"],"acf":[],"yoast_head":"<!-- This site is optimized with the Yoast SEO plugin v24.7 - https:\/\/yoast.com\/wordpress\/plugins\/seo\/ -->\n<title>Informatique - Le guide de l&#039;\u00e9tudiant.e - HESAV<\/title>\n<meta name=\"robots\" content=\"index, follow, max-snippet:-1, max-image-preview:large, max-video-preview:-1\" \/>\n<link rel=\"canonical\" href=\"https:\/\/hesav.ch\/guide-etu\/informatique\/\" \/>\n<meta property=\"og:locale\" content=\"fr_FR\" \/>\n<meta property=\"og:type\" content=\"article\" \/>\n<meta property=\"og:title\" content=\"Informatique - Le guide de l&#039;\u00e9tudiant.e - HESAV\" \/>\n<meta property=\"og:url\" content=\"https:\/\/hesav.ch\/guide-etu\/informatique\/\" \/>\n<meta property=\"og:site_name\" content=\"Le guide de l&#039;\u00e9tudiant.e - HESAV\" \/>\n<meta property=\"article:modified_time\" content=\"2025-06-03T07:34:49+00:00\" \/>\n<meta name=\"twitter:card\" content=\"summary_large_image\" \/>\n<script type=\"application\/ld+json\" class=\"yoast-schema-graph\">{\"@context\":\"https:\/\/schema.org\",\"@graph\":[{\"@type\":\"WebPage\",\"@id\":\"https:\/\/hesav.ch\/guide-etu\/informatique\/\",\"url\":\"https:\/\/hesav.ch\/guide-etu\/informatique\/\",\"name\":\"Informatique - Le guide de l&#039;\u00e9tudiant.e - HESAV\",\"isPartOf\":{\"@id\":\"https:\/\/hesav.ch\/guide-etu\/#website\"},\"datePublished\":\"2022-09-07T13:36:46+00:00\",\"dateModified\":\"2025-06-03T07:34:49+00:00\",\"breadcrumb\":{\"@id\":\"https:\/\/hesav.ch\/guide-etu\/informatique\/#breadcrumb\"},\"inLanguage\":\"fr-FR\",\"potentialAction\":[{\"@type\":\"ReadAction\",\"target\":[\"https:\/\/hesav.ch\/guide-etu\/informatique\/\"]}]},{\"@type\":\"BreadcrumbList\",\"@id\":\"https:\/\/hesav.ch\/guide-etu\/informatique\/#breadcrumb\",\"itemListElement\":[{\"@type\":\"ListItem\",\"position\":1,\"name\":\"Accueil\",\"item\":\"https:\/\/hesav.ch\/guide-etu\/\"},{\"@type\":\"ListItem\",\"position\":2,\"name\":\"Informatique\"}]},{\"@type\":\"WebSite\",\"@id\":\"https:\/\/hesav.ch\/guide-etu\/#website\",\"url\":\"https:\/\/hesav.ch\/guide-etu\/\",\"name\":\"Le guide de l&#039;\u00e9tudiant.e - HESAV\",\"description\":\"HESAV \/  Haute \u00c9cole de Sant\u00e9 - Vaud\",\"publisher\":{\"@id\":\"https:\/\/hesav.ch\/guide-etu\/#organization\"},\"potentialAction\":[{\"@type\":\"SearchAction\",\"target\":{\"@type\":\"EntryPoint\",\"urlTemplate\":\"https:\/\/hesav.ch\/guide-etu\/?s={search_term_string}\"},\"query-input\":{\"@type\":\"PropertyValueSpecification\",\"valueRequired\":true,\"valueName\":\"search_term_string\"}}],\"inLanguage\":\"fr-FR\"},{\"@type\":\"Organization\",\"@id\":\"https:\/\/hesav.ch\/guide-etu\/#organization\",\"name\":\"Le guide de l&#039;\u00e9tudiant.e - HESAV\",\"url\":\"https:\/\/hesav.ch\/guide-etu\/\",\"logo\":{\"@type\":\"ImageObject\",\"inLanguage\":\"fr-FR\",\"@id\":\"https:\/\/hesav.ch\/guide-etu\/#\/schema\/logo\/image\/\",\"url\":\"https:\/\/hesav.ch\/guide-etu\/wp-content\/uploads\/2025\/10\/logo_hesav_150.png\",\"contentUrl\":\"https:\/\/hesav.ch\/guide-etu\/wp-content\/uploads\/2025\/10\/logo_hesav_150.png\",\"width\":150,\"height\":150,\"caption\":\"Le guide de l&#039;\u00e9tudiant.e - HESAV\"},\"image\":{\"@id\":\"https:\/\/hesav.ch\/guide-etu\/#\/schema\/logo\/image\/\"}}]}<\/script>\n<!-- \/ Yoast SEO plugin. -->","yoast_head_json":{"title":"Informatique - Le guide de l&#039;\u00e9tudiant.e - HESAV","robots":{"index":"index","follow":"follow","max-snippet":"max-snippet:-1","max-image-preview":"max-image-preview:large","max-video-preview":"max-video-preview:-1"},"canonical":"https:\/\/hesav.ch\/guide-etu\/informatique\/","og_locale":"fr_FR","og_type":"article","og_title":"Informatique - Le guide de l&#039;\u00e9tudiant.e - HESAV","og_url":"https:\/\/hesav.ch\/guide-etu\/informatique\/","og_site_name":"Le guide de l&#039;\u00e9tudiant.e - HESAV","article_modified_time":"2025-06-03T07:34:49+00:00","twitter_card":"summary_large_image","schema":{"@context":"https:\/\/schema.org","@graph":[{"@type":"WebPage","@id":"https:\/\/hesav.ch\/guide-etu\/informatique\/","url":"https:\/\/hesav.ch\/guide-etu\/informatique\/","name":"Informatique - Le guide de l&#039;\u00e9tudiant.e - HESAV","isPartOf":{"@id":"https:\/\/hesav.ch\/guide-etu\/#website"},"datePublished":"2022-09-07T13:36:46+00:00","dateModified":"2025-06-03T07:34:49+00:00","breadcrumb":{"@id":"https:\/\/hesav.ch\/guide-etu\/informatique\/#breadcrumb"},"inLanguage":"fr-FR","potentialAction":[{"@type":"ReadAction","target":["https:\/\/hesav.ch\/guide-etu\/informatique\/"]}]},{"@type":"BreadcrumbList","@id":"https:\/\/hesav.ch\/guide-etu\/informatique\/#breadcrumb","itemListElement":[{"@type":"ListItem","position":1,"name":"Accueil","item":"https:\/\/hesav.ch\/guide-etu\/"},{"@type":"ListItem","position":2,"name":"Informatique"}]},{"@type":"WebSite","@id":"https:\/\/hesav.ch\/guide-etu\/#website","url":"https:\/\/hesav.ch\/guide-etu\/","name":"Le guide de l&#039;\u00e9tudiant.e - HESAV","description":"HESAV \/  Haute \u00c9cole de Sant\u00e9 - Vaud","publisher":{"@id":"https:\/\/hesav.ch\/guide-etu\/#organization"},"potentialAction":[{"@type":"SearchAction","target":{"@type":"EntryPoint","urlTemplate":"https:\/\/hesav.ch\/guide-etu\/?s={search_term_string}"},"query-input":{"@type":"PropertyValueSpecification","valueRequired":true,"valueName":"search_term_string"}}],"inLanguage":"fr-FR"},{"@type":"Organization","@id":"https:\/\/hesav.ch\/guide-etu\/#organization","name":"Le guide de l&#039;\u00e9tudiant.e - HESAV","url":"https:\/\/hesav.ch\/guide-etu\/","logo":{"@type":"ImageObject","inLanguage":"fr-FR","@id":"https:\/\/hesav.ch\/guide-etu\/#\/schema\/logo\/image\/","url":"https:\/\/hesav.ch\/guide-etu\/wp-content\/uploads\/2025\/10\/logo_hesav_150.png","contentUrl":"https:\/\/hesav.ch\/guide-etu\/wp-content\/uploads\/2025\/10\/logo_hesav_150.png","width":150,"height":150,"caption":"Le guide de l&#039;\u00e9tudiant.e - HESAV"},"image":{"@id":"https:\/\/hesav.ch\/guide-etu\/#\/schema\/logo\/image\/"}}]}},"_links":{"self":[{"href":"https:\/\/hesav.ch\/guide-etu\/wp-json\/wp\/v2\/pages\/38","targetHints":{"allow":["GET"]}}],"collection":[{"href":"https:\/\/hesav.ch\/guide-etu\/wp-json\/wp\/v2\/pages"}],"about":[{"href":"https:\/\/hesav.ch\/guide-etu\/wp-json\/wp\/v2\/types\/page"}],"author":[{"embeddable":true,"href":"https:\/\/hesav.ch\/guide-etu\/wp-json\/wp\/v2\/users\/1"}],"replies":[{"embeddable":true,"href":"https:\/\/hesav.ch\/guide-etu\/wp-json\/wp\/v2\/comments?post=38"}],"version-history":[{"count":15,"href":"https:\/\/hesav.ch\/guide-etu\/wp-json\/wp\/v2\/pages\/38\/revisions"}],"predecessor-version":[{"id":631,"href":"https:\/\/hesav.ch\/guide-etu\/wp-json\/wp\/v2\/pages\/38\/revisions\/631"}],"wp:attachment":[{"href":"https:\/\/hesav.ch\/guide-etu\/wp-json\/wp\/v2\/media?parent=38"}],"curies":[{"name":"wp","href":"https:\/\/api.w.org\/{rel}","templated":true}]}}