{"id":41,"date":"2022-09-07T15:37:48","date_gmt":"2022-09-07T13:37:48","guid":{"rendered":"https:\/\/www.hesav.ch\/new-guide-etu\/?page_id=41"},"modified":"2025-04-29T12:08:40","modified_gmt":"2025-04-29T10:08:40","slug":"enseignement","status":"publish","type":"page","link":"https:\/\/hesav.ch\/guide-etu\/enseignement\/","title":{"rendered":"Enseignement"},"content":{"rendered":"\n\n\t\t\n<section class=\"section-description \" >\n\t<div class=\"section-description__inner\">\n\t\t<div class=\"section-description__text-wrapper\">\n\t\t\t\t\t\t\t\t\t\t<h2 class=\"section-description__title\">Pr\u00e9sences<\/h2>\n\t\t\t\t\t\t<div class=\"section-description__content typography\"><p><strong>APS<\/strong><\/p>\n<p>La pr\u00e9sence en cours est obligatoire pour les \u00e9tudiant\u00b7es de l'Ann\u00e9e Prop\u00e9deutique Sant\u00e9.<\/p>\n<p>&nbsp;<\/p>\n<p><strong>Formation et stages pratiques<\/strong><\/p>\n<p>La pr\u00e9sence en stage\/formation pratique est obligatoire.<\/p>\n<p>&nbsp;<\/p>\n<p><strong>Bachelor<\/strong><\/p>\n<p>Les exigences li\u00e9es \u00e0 la fr\u00e9quentation de la formation pour les \u00e9tudiant\u00b7es Bachelor sont pr\u00e9cis\u00e9es dans les descriptifs de modules.<\/p>\n<\/div>\n\t\t<\/div>\n\t\t\t<\/div>\n<\/section>\n\n\n\t\t\n<section class=\"section-description \" >\n\t<div class=\"section-description__inner\">\n\t\t<div class=\"section-description__text-wrapper\">\n\t\t\t\t\t\t\t\t\t\t<h2 class=\"section-description__title\">Absences <\/h2>\n\t\t\t\t\t\t<div class=\"section-description__content typography\"><p>Toute absence lors d'une p\u00e9riode de stage \/ formation pratique doit imp\u00e9rativement et dans les plus brefs d\u00e9lais \u00eatre annonc\u00e9e :<\/p>\n<ul>\n<li>au.\u00e0 la PF ou \u00e0 la personne d\u00e9sign\u00e9e par le lieu de stage \/ formation pratique<\/li>\n<li>\u00e0 la r\u00e9ception de HESAV par t\u00e9l\u00e9phone au <a href=\"tel:+41213168000\">021 316 80 00<\/a><\/li>\n<\/ul>\n<p>Toute absence programm\u00e9e lors d'une p\u00e9riode de cours doit \u00eatre annonc\u00e9e par mail aupr\u00e8s du bureau des \u00e9tudiants.<\/p>\n<p>Toute absence impr\u00e9vue lors d'une p\u00e9riode de cours doit imp\u00e9rativement et dans les plus brefs d\u00e9lais \u00eatre annonc\u00e9e aupr\u00e8s de la r\u00e9ception de HESAV par t\u00e9l\u00e9phone au <a href=\"tel:+41213168000\">021 316 80 00.\u00a0<\/a><\/p>\n<p>&nbsp;<\/p>\n<p><strong>Certificat m\u00e9dical<\/strong><\/p>\n<p>Un certificat m\u00e9dical en cas d'absence de plus de 3 jours (si absence du vendredi au lundi y compris = certificat m\u00e9dical) doit \u00eatre \u00e9tabli, au moment de l'absence.<\/p>\n<p>D\u00e8s votre retour, vous devez justifier votre absence au bureau des \u00e9tudiants qui vous pr\u00e9cisera les diff\u00e9rentes d\u00e9marches administratives \u00e0 effectuer en fonction du motif de l'absence.<\/p>\n<\/div>\n\t\t<\/div>\n\t\t\t<\/div>\n<\/section>\n\n\n\t\t\n<section class=\"section-description \" >\n\t<div class=\"section-description__inner\">\n\t\t<div class=\"section-description__text-wrapper\">\n\t\t\t\t\t\t\t\t\t\t<h2 class=\"section-description__title\">Absences ou retard des enseignant.e.s<\/h2>\n\t\t\t\t\t\t<div class=\"section-description__content typography\"><p>En cas d'absence impr\u00e9vue ou de retard d'un\u00b7e enseignant\u00b7e, veuillez-vous informer aupr\u00e8s de la r\u00e9ception et vous conformer aux consignes donn\u00e9es (T\u00e9l. <a href=\"tel:+41213168000\">021 316 80 00<\/a>).<\/p>\n<\/div>\n\t\t<\/div>\n\t\t\t<\/div>\n<\/section>\n\n\n\t\t\n<section class=\"section-description \" >\n\t<div class=\"section-description__inner\">\n\t\t<div class=\"section-description__text-wrapper\">\n\t\t\t\t\t\t\t\t\t\t<h2 class=\"section-description__title\">Enseignement \u00e0 distance <\/h2>\n\t\t\t\t\t\t<div class=\"section-description__content typography\"><p>L\u2019enseignement \u00e0 distance, d\u00e9velopp\u00e9 durant la p\u00e9riode de la crise COVID, continuera \u00e0 \u00eatre utilis\u00e9, soit en raison de la persistance de mesures sanitaires, soit dans un but d\u2019innovation p\u00e9dagogique.<\/p>\n<p>L\u2019application <strong>Microsoft Teams<\/strong> est l\u2019application choisie par HESAV pour g\u00e9rer les diff\u00e9rentes actes des relations entre enseignant\u00b7es et \u00e9tudiant\u00b7es en cas d\u2019enseignement \u00e0 distance.<\/p>\n<\/div>\n\t\t<\/div>\n\t\t\t<\/div>\n<\/section>\n\n\n\t\t\n<section class=\"section-description \" >\n\t<div class=\"section-description__inner\">\n\t\t<div class=\"section-description__text-wrapper\">\n\t\t\t\t\t\t\t\t\t\t<h2 class=\"section-description__title\">Evaluation de l'enseignement<\/h2>\n\t\t\t\t\t\t<div class=\"section-description__content typography\"><p>A des fins d'am\u00e9lioration continue, les enseignements sont r\u00e9guli\u00e8rement \u00e9valu\u00e9s par les \u00e9tudiant\u00b7es. Aidez-nous \u00e0 nous am\u00e9liorer !<\/p>\n<p>La participation des \u00e9tudiant\u00b7es \u00e0 l\u2019\u00e9valuation de l\u2019enseignement dans les modules et dans le programme est sollicit\u00e9e \u00e0 chaque semestre \u00e0 partir d\u2019une plateforme informatique (Evasys).<\/p>\n<p>Chaque module est \u00e9valu\u00e9 tous les 3 ans. Un taux de participation estudiantine \u00e9lev\u00e9 est attendu afin que les r\u00e9sultats obtenus puissent servir \u00e0 l\u2019am\u00e9lioration continue de l\u2019enseignement. Un retour des r\u00e9sultats de ces \u00e9valuations est \u00e9galement pr\u00e9vu.<\/p>\n<p>Nous comptons sur votre participation\u00a0!<\/p>\n<\/div>\n\t\t<\/div>\n\t\t\t<\/div>\n<\/section>\n","protected":false},"excerpt":{"rendered":"","protected":false},"author":1,"featured_media":0,"parent":0,"menu_order":0,"comment_status":"closed","ping_status":"closed","template":"","meta":{"_acf_changed":false,"footnotes":""},"class_list":["post-41","page","type-page","status-publish","hentry"],"acf":[],"yoast_head":"<!-- This site is optimized with the Yoast SEO plugin v24.7 - https:\/\/yoast.com\/wordpress\/plugins\/seo\/ -->\n<title>Enseignement - Le guide de l&#039;\u00e9tudiant.e - HESAV<\/title>\n<meta name=\"robots\" content=\"index, follow, max-snippet:-1, max-image-preview:large, max-video-preview:-1\" \/>\n<link rel=\"canonical\" href=\"https:\/\/hesav.ch\/guide-etu\/enseignement\/\" \/>\n<meta property=\"og:locale\" content=\"fr_FR\" \/>\n<meta property=\"og:type\" content=\"article\" \/>\n<meta property=\"og:title\" content=\"Enseignement - Le guide de l&#039;\u00e9tudiant.e - HESAV\" \/>\n<meta property=\"og:url\" content=\"https:\/\/hesav.ch\/guide-etu\/enseignement\/\" \/>\n<meta property=\"og:site_name\" content=\"Le guide de l&#039;\u00e9tudiant.e - HESAV\" \/>\n<meta property=\"article:modified_time\" content=\"2025-04-29T10:08:40+00:00\" \/>\n<meta name=\"twitter:card\" content=\"summary_large_image\" \/>\n<script type=\"application\/ld+json\" class=\"yoast-schema-graph\">{\"@context\":\"https:\/\/schema.org\",\"@graph\":[{\"@type\":\"WebPage\",\"@id\":\"https:\/\/hesav.ch\/guide-etu\/enseignement\/\",\"url\":\"https:\/\/hesav.ch\/guide-etu\/enseignement\/\",\"name\":\"Enseignement - Le guide de l&#039;\u00e9tudiant.e - HESAV\",\"isPartOf\":{\"@id\":\"https:\/\/hesav.ch\/guide-etu\/#website\"},\"datePublished\":\"2022-09-07T13:37:48+00:00\",\"dateModified\":\"2025-04-29T10:08:40+00:00\",\"breadcrumb\":{\"@id\":\"https:\/\/hesav.ch\/guide-etu\/enseignement\/#breadcrumb\"},\"inLanguage\":\"fr-FR\",\"potentialAction\":[{\"@type\":\"ReadAction\",\"target\":[\"https:\/\/hesav.ch\/guide-etu\/enseignement\/\"]}]},{\"@type\":\"BreadcrumbList\",\"@id\":\"https:\/\/hesav.ch\/guide-etu\/enseignement\/#breadcrumb\",\"itemListElement\":[{\"@type\":\"ListItem\",\"position\":1,\"name\":\"Accueil\",\"item\":\"https:\/\/hesav.ch\/guide-etu\/\"},{\"@type\":\"ListItem\",\"position\":2,\"name\":\"Enseignement\"}]},{\"@type\":\"WebSite\",\"@id\":\"https:\/\/hesav.ch\/guide-etu\/#website\",\"url\":\"https:\/\/hesav.ch\/guide-etu\/\",\"name\":\"Le guide de l&#039;\u00e9tudiant.e - HESAV\",\"description\":\"HESAV \/  Haute \u00c9cole de Sant\u00e9 - Vaud\",\"publisher\":{\"@id\":\"https:\/\/hesav.ch\/guide-etu\/#organization\"},\"potentialAction\":[{\"@type\":\"SearchAction\",\"target\":{\"@type\":\"EntryPoint\",\"urlTemplate\":\"https:\/\/hesav.ch\/guide-etu\/?s={search_term_string}\"},\"query-input\":{\"@type\":\"PropertyValueSpecification\",\"valueRequired\":true,\"valueName\":\"search_term_string\"}}],\"inLanguage\":\"fr-FR\"},{\"@type\":\"Organization\",\"@id\":\"https:\/\/hesav.ch\/guide-etu\/#organization\",\"name\":\"Le guide de l&#039;\u00e9tudiant.e - HESAV\",\"url\":\"https:\/\/hesav.ch\/guide-etu\/\",\"logo\":{\"@type\":\"ImageObject\",\"inLanguage\":\"fr-FR\",\"@id\":\"https:\/\/hesav.ch\/guide-etu\/#\/schema\/logo\/image\/\",\"url\":\"https:\/\/hesav.ch\/guide-etu\/wp-content\/uploads\/2025\/10\/logo_hesav_150.png\",\"contentUrl\":\"https:\/\/hesav.ch\/guide-etu\/wp-content\/uploads\/2025\/10\/logo_hesav_150.png\",\"width\":150,\"height\":150,\"caption\":\"Le guide de l&#039;\u00e9tudiant.e - HESAV\"},\"image\":{\"@id\":\"https:\/\/hesav.ch\/guide-etu\/#\/schema\/logo\/image\/\"}}]}<\/script>\n<!-- \/ Yoast SEO plugin. -->","yoast_head_json":{"title":"Enseignement - Le guide de l&#039;\u00e9tudiant.e - HESAV","robots":{"index":"index","follow":"follow","max-snippet":"max-snippet:-1","max-image-preview":"max-image-preview:large","max-video-preview":"max-video-preview:-1"},"canonical":"https:\/\/hesav.ch\/guide-etu\/enseignement\/","og_locale":"fr_FR","og_type":"article","og_title":"Enseignement - Le guide de l&#039;\u00e9tudiant.e - HESAV","og_url":"https:\/\/hesav.ch\/guide-etu\/enseignement\/","og_site_name":"Le guide de l&#039;\u00e9tudiant.e - HESAV","article_modified_time":"2025-04-29T10:08:40+00:00","twitter_card":"summary_large_image","schema":{"@context":"https:\/\/schema.org","@graph":[{"@type":"WebPage","@id":"https:\/\/hesav.ch\/guide-etu\/enseignement\/","url":"https:\/\/hesav.ch\/guide-etu\/enseignement\/","name":"Enseignement - Le guide de l&#039;\u00e9tudiant.e - HESAV","isPartOf":{"@id":"https:\/\/hesav.ch\/guide-etu\/#website"},"datePublished":"2022-09-07T13:37:48+00:00","dateModified":"2025-04-29T10:08:40+00:00","breadcrumb":{"@id":"https:\/\/hesav.ch\/guide-etu\/enseignement\/#breadcrumb"},"inLanguage":"fr-FR","potentialAction":[{"@type":"ReadAction","target":["https:\/\/hesav.ch\/guide-etu\/enseignement\/"]}]},{"@type":"BreadcrumbList","@id":"https:\/\/hesav.ch\/guide-etu\/enseignement\/#breadcrumb","itemListElement":[{"@type":"ListItem","position":1,"name":"Accueil","item":"https:\/\/hesav.ch\/guide-etu\/"},{"@type":"ListItem","position":2,"name":"Enseignement"}]},{"@type":"WebSite","@id":"https:\/\/hesav.ch\/guide-etu\/#website","url":"https:\/\/hesav.ch\/guide-etu\/","name":"Le guide de l&#039;\u00e9tudiant.e - HESAV","description":"HESAV \/  Haute \u00c9cole de Sant\u00e9 - Vaud","publisher":{"@id":"https:\/\/hesav.ch\/guide-etu\/#organization"},"potentialAction":[{"@type":"SearchAction","target":{"@type":"EntryPoint","urlTemplate":"https:\/\/hesav.ch\/guide-etu\/?s={search_term_string}"},"query-input":{"@type":"PropertyValueSpecification","valueRequired":true,"valueName":"search_term_string"}}],"inLanguage":"fr-FR"},{"@type":"Organization","@id":"https:\/\/hesav.ch\/guide-etu\/#organization","name":"Le guide de l&#039;\u00e9tudiant.e - HESAV","url":"https:\/\/hesav.ch\/guide-etu\/","logo":{"@type":"ImageObject","inLanguage":"fr-FR","@id":"https:\/\/hesav.ch\/guide-etu\/#\/schema\/logo\/image\/","url":"https:\/\/hesav.ch\/guide-etu\/wp-content\/uploads\/2025\/10\/logo_hesav_150.png","contentUrl":"https:\/\/hesav.ch\/guide-etu\/wp-content\/uploads\/2025\/10\/logo_hesav_150.png","width":150,"height":150,"caption":"Le guide de l&#039;\u00e9tudiant.e - HESAV"},"image":{"@id":"https:\/\/hesav.ch\/guide-etu\/#\/schema\/logo\/image\/"}}]}},"_links":{"self":[{"href":"https:\/\/hesav.ch\/guide-etu\/wp-json\/wp\/v2\/pages\/41","targetHints":{"allow":["GET"]}}],"collection":[{"href":"https:\/\/hesav.ch\/guide-etu\/wp-json\/wp\/v2\/pages"}],"about":[{"href":"https:\/\/hesav.ch\/guide-etu\/wp-json\/wp\/v2\/types\/page"}],"author":[{"embeddable":true,"href":"https:\/\/hesav.ch\/guide-etu\/wp-json\/wp\/v2\/users\/1"}],"replies":[{"embeddable":true,"href":"https:\/\/hesav.ch\/guide-etu\/wp-json\/wp\/v2\/comments?post=41"}],"version-history":[{"count":13,"href":"https:\/\/hesav.ch\/guide-etu\/wp-json\/wp\/v2\/pages\/41\/revisions"}],"predecessor-version":[{"id":608,"href":"https:\/\/hesav.ch\/guide-etu\/wp-json\/wp\/v2\/pages\/41\/revisions\/608"}],"wp:attachment":[{"href":"https:\/\/hesav.ch\/guide-etu\/wp-json\/wp\/v2\/media?parent=41"}],"curies":[{"name":"wp","href":"https:\/\/api.w.org\/{rel}","templated":true}]}}