{"id":44,"date":"2022-09-07T15:38:21","date_gmt":"2022-09-07T13:38:21","guid":{"rendered":"https:\/\/www.hesav.ch\/new-guide-etu\/?page_id=44"},"modified":"2025-04-29T12:26:23","modified_gmt":"2025-04-29T10:26:23","slug":"vie-estudiantine","status":"publish","type":"page","link":"https:\/\/hesav.ch\/guide-etu\/vie-estudiantine\/","title":{"rendered":"Vie estudiantine"},"content":{"rendered":"\n\n\t\t\n<section class=\"section-description \" >\n\t<div class=\"section-description__inner\">\n\t\t<div class=\"section-description__text-wrapper\">\n\t\t\t\t\t\t\t\t\t\t<h2 class=\"section-description__title\">Faites vivre votre Haute \u00e9cole <\/h2>\n\t\t\t\t\t\t<div class=\"section-description__content typography\"><p>Profitez des nombreuses occasions qui vous sont donn\u00e9es de faire vivre votre Haute \u00e9cole en \u00e9tant d\u00e9l\u00e9gu\u00e9\u00b7e de vol\u00e9e, membre du Conseil repr\u00e9sentatif ou membre d\u2019une des associations de HESAV, ou en vous annon\u00e7ant pour un des jobs \u00e9tudiant propos\u00e9s par votre Haute \u00c9cole.<\/p>\n<\/div>\n\t\t<\/div>\n\t\t\t<\/div>\n<\/section>\n\n\n\t\t\n<section class=\"section-description \" >\n\t<div class=\"section-description__inner\">\n\t\t<div class=\"section-description__text-wrapper\">\n\t\t\t\t\t\t\t\t\t\t<h2 class=\"section-description__title\">Nos associations d'\u00e9tudiant\u00b7es <\/h2>\n\t\t\t\t\t\t<div class=\"section-description__content typography\"><p><strong>ASSIDE<\/strong><\/p>\n<p>L'ASSIDE est l'Association interfili\u00e8re des \u00e9tudiant\u00b7es de HESAV. Elle organise de nombreux \u00e9v\u00e9nements festifs mais aussi assure une pr\u00e9sence et un soutien dans toutes situations. N'h\u00e9sitez pas \u00e0 faire appel \u00e0 eux ou \u00e0 rejoindre le Comit\u00e9.<\/p>\n<p>Toutes les informations sur : <a href=\"https:\/\/hesav.sharepoint.com\/sites\/etudiants-asside\" target=\"_blank\" rel=\"noopener\">Asside - Home (sharepoint.com)<\/a><\/p>\n<p>&nbsp;<\/p>\n<p><strong>SKYPHYSIO<\/strong><\/p>\n<p>Skyphysio est l'Association d\u2019\u00e9tudiants physioth\u00e9rapeutes et propose des services de massage dans le cadre de manifestations sportives.<\/p>\n<p>Toutes les informations sur : <a href=\"http:\/\/www.skyphysio.ch\/\" target=\"_blank\" rel=\"noopener\">Site de Skyphysio | Association d\u2019\u00e9tudiants en physioth\u00e9rapie<\/a><\/p>\n<p>&nbsp;<\/p>\n<p><strong>REACH<\/strong><\/p>\n<p>REACHED est un groupe d\u2019\u00e9tudiant\u00b7es cr\u00e9\u00e9 en 2019, puis \u00e9largi en 2023, pour r\u00e9pondre aux probl\u00e9matiques de harc\u00e8lement sexuel et de discrimination dans les soins et vous soutenir, si vous y \u00eates confront\u00e9\u00b7es.<\/p>\n<p>Toutes les informations sur <a href=\"https:\/\/hesav.ch\/associations\/reached\/\" target=\"_blank\" rel=\"noopener\">Reached - HESAV<\/a><\/p>\n<p>&nbsp;<\/p>\n<p><strong>SUNFLOWER ASSOCIATION FOR HELP AND HOPE (SA2H)<\/strong><\/p>\n<p>Sunflower Association for Help and Hope (SA2H) a \u00e9t\u00e9 cr\u00e9\u00e9e en 2022 en r\u00e9ponse \u00e0 un \u00e9lan de solidarit\u00e9 de plusieurs membres de la communaut\u00e9 de HESAV pour venir en aide aux populations victimes de conflits ou de catastrophes naturelles.<\/p>\n<p>Toutes les informations sur : <a href=\"https:\/\/hesav.ch\/associations\/sa2h\/\">Sunflower Association for Help and Hope - HESAV<\/a><\/p>\n<p>&nbsp;<\/p>\n<p><strong>ALUMNI HESAV<\/strong><\/p>\n<p>Association des \u00e9tudiant\u00b7es dipl\u00f4m\u00e9s de HESAV ainsi que de ses anciennes \u00e9coles.<br \/>\nToutes les informations sur : <a href=\"https:\/\/hesav.ch\/associations\">Alumni-HESAV<\/a><\/p>\n<\/div>\n\t\t<\/div>\n\t\t\t<\/div>\n<\/section>\n\n\n\t\t\n<section class=\"section-description \" >\n\t<div class=\"section-description__inner\">\n\t\t<div class=\"section-description__text-wrapper\">\n\t\t\t\t\t\t\t\t\t\t<h2 class=\"section-description__title\">Repr\u00e9sentez les \u00e9tudiant\u00b7es <\/h2>\n\t\t\t\t\t\t<div class=\"section-description__content typography\"><p><strong>Devenez d\u00e9l\u00e9gu\u00e9\u00b7e de votre vol\u00e9e<\/strong><\/p>\n<p>Les \u00e9tudiant\u00b7es de chaque vol\u00e9e \u00e9lisent d\u00e9mocratiquement deux d\u00e9l\u00e9gu\u00e9\u00b7es pour une dur\u00e9e d'un an renouvelable, jusqu\u2019au 15 octobre de l\u2019ann\u00e9e acad\u00e9mique en cours. Celles et ceux-ci organisent avec le ou la doyen\u00b7ne, en dehors du temps de formation, au moins une rencontre par semestre et peuvent solliciter des s\u00e9ances suppl\u00e9mentaires lorsque des circonstances particuli\u00e8res l'exigent.<\/p>\n<p>Une rencontre des d\u00e9l\u00e9gu\u00e9\u00b7es avec la direction est organis\u00e9e au moins une fois par ann\u00e9e.<\/p>\n<p>En dehors des activit\u00e9s de repr\u00e9sentation, les d\u00e9l\u00e9gu\u00e9\u00b7es sont \u00e9galement responsables de l'organisation du rangement des salles, de l'installation et du rangement du mat\u00e9riel mis \u00e0 disposition des charg\u00e9\u00b7es de cours.<\/p>\n<p>Par l'interm\u00e9diaire des d\u00e9l\u00e9gu\u00e9\u00b7es, vous avez ainsi la possibilit\u00e9 de faire des remarques et des propositions au ou \u00e0 la doyen\u00b7ne ou \u00e0 la direction pour am\u00e9liorer la vie et le fonctionnement de la fili\u00e8re et de l\u2019\u00e9cole.<\/p>\n<p>&nbsp;<\/p>\n<p><strong>Participez au Conseil repr\u00e9sentatif et rejoignez les coulisses de notre Haute \u00e9cole.\u00a0<\/strong><\/p>\n<p>Le Conseil Repr\u00e9sentatif est compos\u00e9 de 20 membres \u00e9lus par la communaut\u00e9 HESAV : 1 professeur\u00b7e HES ordinaire, 2 professeur\u00b7es HES associ\u00e9\u00b7es, 3 ma\u00eetres d'enseignement, 4 adjoint\u00b7es scientifiques - assistant\u00b7es HES, dont au moins 1 repr\u00e9sentant\u00b7e de chaque fonction, 4 membres du personnel administratif et technique et <strong>6 \u00e9tudiant\u00b7es. <\/strong><\/p>\n<p>En rejoignant le Conseil repr\u00e9sentatif, vous serez au courant des d\u00e9cisions et orientations strat\u00e9giques de HESAV et pourrez faire entendre la voix des \u00e9tudiant\u00b7es aupr\u00e8s de la Direction.<\/p>\n<p>Retrouvez toutes les informations d\u00e9taill\u00e9es sur <a href=\"https:\/\/hesav.sharepoint.com\/sites\/corep\/\" target=\"_blank\" rel=\"noopener\">la page intranet du Conseil repr\u00e9sentatif<\/a>.<\/p>\n<\/div>\n\t\t<\/div>\n\t\t\t<\/div>\n<\/section>\n\n\n\t\t\n<section class=\"section-description \" >\n\t<div class=\"section-description__inner\">\n\t\t<div class=\"section-description__text-wrapper\">\n\t\t\t\t\t\t\t\t\t\t<h2 class=\"section-description__title\">Travaillez pour HESAV <\/h2>\n\t\t\t\t\t\t<div class=\"section-description__content typography\"><p>HESAV propose r\u00e9guli\u00e8rement diverses activit\u00e9s r\u00e9mun\u00e9r\u00e9es \u00e0 ses \u00e9tudiant\u00b7es en tant que :<\/p>\n<ul>\n<li>assistant\u00b7e biblioth\u00e8que : assurer l\u2019accueil et le pr\u00eat le soir (lundi au jeudi) et le samedi (journ\u00e9e).<\/li>\n<li>ambassadreur\u00b7ice : assurer l\u2019accueil et l\u2019orientation des participant\u00b7es durant la rentr\u00e9e acad\u00e9mique ou les \u00e9v\u00e8nements organis\u00e9s par HESAV.<\/li>\n<li>assistant\u00b7e \u00e9tudiant\u00b7e : participer \u00e0 un projet de recherche port\u00e9 par un\u00b7e professeur\u00b7e de HESAV.<\/li>\n<li>\u00e9tudiant\u00b7e coach : accompagner un\u00b7e \u00e9tudiant\u00b7e ou un groupe d\u2019\u00e9tudiant\u00b7es pour des r\u00e9visions ou pour son apprentissage.<\/li>\n<\/ul>\n<\/div>\n\t\t<\/div>\n\t\t\t<\/div>\n<\/section>\n","protected":false},"excerpt":{"rendered":"","protected":false},"author":1,"featured_media":0,"parent":0,"menu_order":0,"comment_status":"closed","ping_status":"closed","template":"","meta":{"_acf_changed":false,"footnotes":""},"class_list":["post-44","page","type-page","status-publish","hentry"],"acf":[],"yoast_head":"<!-- This site is optimized with the Yoast SEO plugin v24.7 - https:\/\/yoast.com\/wordpress\/plugins\/seo\/ -->\n<title>Vie estudiantine - Le guide de l&#039;\u00e9tudiant.e - HESAV<\/title>\n<meta name=\"robots\" content=\"index, follow, max-snippet:-1, max-image-preview:large, max-video-preview:-1\" \/>\n<link rel=\"canonical\" href=\"https:\/\/hesav.ch\/guide-etu\/vie-estudiantine\/\" \/>\n<meta property=\"og:locale\" content=\"fr_FR\" \/>\n<meta property=\"og:type\" content=\"article\" \/>\n<meta property=\"og:title\" content=\"Vie estudiantine - Le guide de l&#039;\u00e9tudiant.e - HESAV\" \/>\n<meta property=\"og:url\" content=\"https:\/\/hesav.ch\/guide-etu\/vie-estudiantine\/\" \/>\n<meta property=\"og:site_name\" content=\"Le guide de l&#039;\u00e9tudiant.e - HESAV\" \/>\n<meta property=\"article:modified_time\" content=\"2025-04-29T10:26:23+00:00\" \/>\n<meta name=\"twitter:card\" content=\"summary_large_image\" \/>\n<script type=\"application\/ld+json\" class=\"yoast-schema-graph\">{\"@context\":\"https:\/\/schema.org\",\"@graph\":[{\"@type\":\"WebPage\",\"@id\":\"https:\/\/hesav.ch\/guide-etu\/vie-estudiantine\/\",\"url\":\"https:\/\/hesav.ch\/guide-etu\/vie-estudiantine\/\",\"name\":\"Vie estudiantine - Le guide de l&#039;\u00e9tudiant.e - HESAV\",\"isPartOf\":{\"@id\":\"https:\/\/hesav.ch\/guide-etu\/#website\"},\"datePublished\":\"2022-09-07T13:38:21+00:00\",\"dateModified\":\"2025-04-29T10:26:23+00:00\",\"breadcrumb\":{\"@id\":\"https:\/\/hesav.ch\/guide-etu\/vie-estudiantine\/#breadcrumb\"},\"inLanguage\":\"fr-FR\",\"potentialAction\":[{\"@type\":\"ReadAction\",\"target\":[\"https:\/\/hesav.ch\/guide-etu\/vie-estudiantine\/\"]}]},{\"@type\":\"BreadcrumbList\",\"@id\":\"https:\/\/hesav.ch\/guide-etu\/vie-estudiantine\/#breadcrumb\",\"itemListElement\":[{\"@type\":\"ListItem\",\"position\":1,\"name\":\"Accueil\",\"item\":\"https:\/\/hesav.ch\/guide-etu\/\"},{\"@type\":\"ListItem\",\"position\":2,\"name\":\"Vie estudiantine\"}]},{\"@type\":\"WebSite\",\"@id\":\"https:\/\/hesav.ch\/guide-etu\/#website\",\"url\":\"https:\/\/hesav.ch\/guide-etu\/\",\"name\":\"Le guide de l&#039;\u00e9tudiant.e - HESAV\",\"description\":\"HESAV \/  Haute \u00c9cole de Sant\u00e9 - Vaud\",\"publisher\":{\"@id\":\"https:\/\/hesav.ch\/guide-etu\/#organization\"},\"potentialAction\":[{\"@type\":\"SearchAction\",\"target\":{\"@type\":\"EntryPoint\",\"urlTemplate\":\"https:\/\/hesav.ch\/guide-etu\/?s={search_term_string}\"},\"query-input\":{\"@type\":\"PropertyValueSpecification\",\"valueRequired\":true,\"valueName\":\"search_term_string\"}}],\"inLanguage\":\"fr-FR\"},{\"@type\":\"Organization\",\"@id\":\"https:\/\/hesav.ch\/guide-etu\/#organization\",\"name\":\"Le guide de l&#039;\u00e9tudiant.e - HESAV\",\"url\":\"https:\/\/hesav.ch\/guide-etu\/\",\"logo\":{\"@type\":\"ImageObject\",\"inLanguage\":\"fr-FR\",\"@id\":\"https:\/\/hesav.ch\/guide-etu\/#\/schema\/logo\/image\/\",\"url\":\"https:\/\/hesav.ch\/guide-etu\/wp-content\/uploads\/2025\/10\/logo_hesav_150.png\",\"contentUrl\":\"https:\/\/hesav.ch\/guide-etu\/wp-content\/uploads\/2025\/10\/logo_hesav_150.png\",\"width\":150,\"height\":150,\"caption\":\"Le guide de l&#039;\u00e9tudiant.e - HESAV\"},\"image\":{\"@id\":\"https:\/\/hesav.ch\/guide-etu\/#\/schema\/logo\/image\/\"}}]}<\/script>\n<!-- \/ Yoast SEO plugin. -->","yoast_head_json":{"title":"Vie estudiantine - Le guide de l&#039;\u00e9tudiant.e - HESAV","robots":{"index":"index","follow":"follow","max-snippet":"max-snippet:-1","max-image-preview":"max-image-preview:large","max-video-preview":"max-video-preview:-1"},"canonical":"https:\/\/hesav.ch\/guide-etu\/vie-estudiantine\/","og_locale":"fr_FR","og_type":"article","og_title":"Vie estudiantine - Le guide de l&#039;\u00e9tudiant.e - HESAV","og_url":"https:\/\/hesav.ch\/guide-etu\/vie-estudiantine\/","og_site_name":"Le guide de l&#039;\u00e9tudiant.e - HESAV","article_modified_time":"2025-04-29T10:26:23+00:00","twitter_card":"summary_large_image","schema":{"@context":"https:\/\/schema.org","@graph":[{"@type":"WebPage","@id":"https:\/\/hesav.ch\/guide-etu\/vie-estudiantine\/","url":"https:\/\/hesav.ch\/guide-etu\/vie-estudiantine\/","name":"Vie estudiantine - Le guide de l&#039;\u00e9tudiant.e - HESAV","isPartOf":{"@id":"https:\/\/hesav.ch\/guide-etu\/#website"},"datePublished":"2022-09-07T13:38:21+00:00","dateModified":"2025-04-29T10:26:23+00:00","breadcrumb":{"@id":"https:\/\/hesav.ch\/guide-etu\/vie-estudiantine\/#breadcrumb"},"inLanguage":"fr-FR","potentialAction":[{"@type":"ReadAction","target":["https:\/\/hesav.ch\/guide-etu\/vie-estudiantine\/"]}]},{"@type":"BreadcrumbList","@id":"https:\/\/hesav.ch\/guide-etu\/vie-estudiantine\/#breadcrumb","itemListElement":[{"@type":"ListItem","position":1,"name":"Accueil","item":"https:\/\/hesav.ch\/guide-etu\/"},{"@type":"ListItem","position":2,"name":"Vie estudiantine"}]},{"@type":"WebSite","@id":"https:\/\/hesav.ch\/guide-etu\/#website","url":"https:\/\/hesav.ch\/guide-etu\/","name":"Le guide de l&#039;\u00e9tudiant.e - HESAV","description":"HESAV \/  Haute \u00c9cole de Sant\u00e9 - Vaud","publisher":{"@id":"https:\/\/hesav.ch\/guide-etu\/#organization"},"potentialAction":[{"@type":"SearchAction","target":{"@type":"EntryPoint","urlTemplate":"https:\/\/hesav.ch\/guide-etu\/?s={search_term_string}"},"query-input":{"@type":"PropertyValueSpecification","valueRequired":true,"valueName":"search_term_string"}}],"inLanguage":"fr-FR"},{"@type":"Organization","@id":"https:\/\/hesav.ch\/guide-etu\/#organization","name":"Le guide de l&#039;\u00e9tudiant.e - HESAV","url":"https:\/\/hesav.ch\/guide-etu\/","logo":{"@type":"ImageObject","inLanguage":"fr-FR","@id":"https:\/\/hesav.ch\/guide-etu\/#\/schema\/logo\/image\/","url":"https:\/\/hesav.ch\/guide-etu\/wp-content\/uploads\/2025\/10\/logo_hesav_150.png","contentUrl":"https:\/\/hesav.ch\/guide-etu\/wp-content\/uploads\/2025\/10\/logo_hesav_150.png","width":150,"height":150,"caption":"Le guide de l&#039;\u00e9tudiant.e - HESAV"},"image":{"@id":"https:\/\/hesav.ch\/guide-etu\/#\/schema\/logo\/image\/"}}]}},"_links":{"self":[{"href":"https:\/\/hesav.ch\/guide-etu\/wp-json\/wp\/v2\/pages\/44","targetHints":{"allow":["GET"]}}],"collection":[{"href":"https:\/\/hesav.ch\/guide-etu\/wp-json\/wp\/v2\/pages"}],"about":[{"href":"https:\/\/hesav.ch\/guide-etu\/wp-json\/wp\/v2\/types\/page"}],"author":[{"embeddable":true,"href":"https:\/\/hesav.ch\/guide-etu\/wp-json\/wp\/v2\/users\/1"}],"replies":[{"embeddable":true,"href":"https:\/\/hesav.ch\/guide-etu\/wp-json\/wp\/v2\/comments?post=44"}],"version-history":[{"count":18,"href":"https:\/\/hesav.ch\/guide-etu\/wp-json\/wp\/v2\/pages\/44\/revisions"}],"predecessor-version":[{"id":621,"href":"https:\/\/hesav.ch\/guide-etu\/wp-json\/wp\/v2\/pages\/44\/revisions\/621"}],"wp:attachment":[{"href":"https:\/\/hesav.ch\/guide-etu\/wp-json\/wp\/v2\/media?parent=44"}],"curies":[{"name":"wp","href":"https:\/\/api.w.org\/{rel}","templated":true}]}}