{"id":53,"date":"2022-09-07T15:40:13","date_gmt":"2022-09-07T13:40:13","guid":{"rendered":"https:\/\/www.hesav.ch\/new-guide-etu\/?page_id=53"},"modified":"2025-04-29T12:23:10","modified_gmt":"2025-04-29T10:23:10","slug":"sport-et-sante","status":"publish","type":"page","link":"https:\/\/hesav.ch\/guide-etu\/sport-et-sante\/","title":{"rendered":"Sport et sant\u00e9"},"content":{"rendered":"\n\n\t\t\n<section class=\"section-description \" >\n\t<div class=\"section-description__inner\">\n\t\t<div class=\"section-description__text-wrapper\">\n\t\t\t\t\t\t\t\t\t\t<h2 class=\"section-description__title\">Activit\u00e9s sportives et sport d'\u00e9lite<\/h2>\n\t\t\t\t\t\t<div class=\"section-description__content typography\"><p>Prenez soin de vous pendant vos \u00e9tudes et pratiquez du sport. HESAV met \u00e0 votre disposition des tables de ping-pong, ainsi qu\u2019une salle de sport \u00e0 usage exclusif des \u00e9tudiant\u00b7es de HESAV.<\/p>\n<p>La salle de sport de HESAV est ouverte de 7h \u00e0 22h. Elle est r\u00e9serv\u00e9e exclusivement aux \u00e9tudiant\u00b7es r\u00e9guli\u00e8rement inscrit\u00b7es \u00e0 HESAV.<\/p>\n<p>En tant qu\u2019\u00e9tudiant\u00b7e \u00e0 HESAV, vous pouvez \u00e9galement profiter des nombreuses installations sportives de l\u2019Universit\u00e9 de Lausanne.<\/p>\n<p>Des activit\u00e9s sportives vous sont \u00e9galement propos\u00e9es tout au long de l\u2019ann\u00e9e par l\u2019ASSIDE.<\/p>\n<p>&nbsp;<\/p>\n<p><strong>Sport d'\u00e9lite<\/strong><\/p>\n<p>Vous \u00eates sportif d\u2019\u00e9lite ? HESAV vous soutient afin de concilier votre activit\u00e9 avec des \u00e9tudes HES.<\/p>\n<p>HESAV offre des possibilit\u00e9s d\u2019am\u00e9nagement d\u2019\u00e9tudes qui vous permettent de concilier exigences acad\u00e9miques d\u2019une part, et pr\u00e9paration et comp\u00e9tition d\u2019autre part.<\/p>\n<p>Ces possibilit\u00e9s concernent l\u2019ensemble des programmes d\u2019ann\u00e9e prop\u00e9deutique sant\u00e9 et de bachelor \u00e0 plein temps offerts \u00e0 HESAV.<\/p>\n<\/div>\n\t\t<\/div>\n\t\t\t<\/div>\n<\/section>\n\n\n\t\t\n<section class=\"section-description \" >\n\t<div class=\"section-description__inner\">\n\t\t<div class=\"section-description__text-wrapper\">\n\t\t\t\t\t\t\t\t\t\t<h2 class=\"section-description__title\">Service sant\u00e9 <\/h2>\n\t\t\t\t\t\t<div class=\"section-description__content typography\"><p>Le service de sant\u00e9 a pour mission de promouvoir la sant\u00e9 individuelle et collective au sein de HESAV. Les infirmi\u00e8res accueillent, \u00e9valuent, traitent et orientent les \u00e9tudiant\u00b7es pr\u00e9sentant un probl\u00e8me de sant\u00e9 dans le r\u00e9seau socio-sanitaire.<\/p>\n<p>Pour plus d\u2019infos et prendre rendez-vous : <a href=\"https:\/\/hesav.sharepoint.com\/sites\/service-de-sante\/SitePages\/Home.aspx\" target=\"_blank\" rel=\"noopener\">Service de sant\u00e9 - Home (sharepoint.com)<\/a><\/p>\n<\/div>\n\t\t<\/div>\n\t\t\t<\/div>\n<\/section>\n\n\n\t\t\n<section class=\"section-description \" >\n\t<div class=\"section-description__inner\">\n\t\t<div class=\"section-description__text-wrapper\">\n\t\t\t\t\t\t\t\t\t\t<h2 class=\"section-description__title\">Espace d\u00e9tente <\/h2>\n\t\t\t\t\t\t<div class=\"section-description__content typography\"><p>Un espace \u00ab D\u00e9tente et bien-\u00eatre \u00bb vous accueille gratuitement pour des massages de confort ou de r\u00e9flexologie plantaire prodigu\u00e9s par des \u00e9tudiant\u00b7es sous supervision d\u2019un\u00b7e enseignant\u00b7e.<\/p>\n<\/div>\n\t\t<\/div>\n\t\t\t<\/div>\n<\/section>\n\n\n\t\t\n<section class=\"section-description \" >\n\t<div class=\"section-description__inner\">\n\t\t<div class=\"section-description__text-wrapper\">\n\t\t\t\t\t\t\t\t\t\t<h2 class=\"section-description__title\">Maternit\u00e9 et \u00e9tudes <\/h2>\n\t\t\t\t\t\t<div class=\"section-description__content typography\"><p>Vous \u00eates \u00e9tudiante \u00e0 HESAV et vous venez d\u2019apprendre que vous \u00eates enceinte ?<\/p>\n<p>F\u00e9licitations ! HESAV tient \u00e0 vous soutenir tout au long de votre formation, afin de g\u00e9rer au mieux cette nouvelle situation tout en terminant vos \u00e9tudes. Il n\u2019est pas toujours facile de mener de front \u00e9tudes et grossesse, d\u2019\u00eatre maman et \u00e9tudiante. Informez rapidement votre doyenne afin de b\u00e9n\u00e9ficier des am\u00e9nagements d\u2019\u00e9tudes n\u00e9cessaires. De plus, nous avons \u00e9labor\u00e9 <a href=\"https:\/\/hesav.sharepoint.com\/sites\/service-de-sante\/SitePages\/Maternit%C3%A9-et-allaitement.aspx\" target=\"_blank\" rel=\"noopener\">une brochure<\/a> qui vous informe sur les diff\u00e9rentes d\u00e9marches \u00e0 effectuer afin de b\u00e9n\u00e9ficier des meilleures conditions de formation possibles.<\/p>\n<\/div>\n\t\t<\/div>\n\t\t\t<\/div>\n<\/section>\n\n\n\t\t\n<section class=\"section-description \" >\n\t<div class=\"section-description__inner\">\n\t\t<div class=\"section-description__text-wrapper\">\n\t\t\t\t\t\t\t\t\t\t<h2 class=\"section-description__title\">Vaccination <\/h2>\n\t\t\t\t\t\t<div class=\"section-description__content typography\"><p>En tant que futur.e professionnel\u00b7le de la sant\u00e9, certaines vaccinations sont fortement recommand\u00e9es. Ces vaccinations ont un co\u00fbt qui est \u00e0 votre charge.<\/p>\n<p>Vous trouverez sur la page <a href=\"https:\/\/hesav.sharepoint.com\/sites\/service-de-sante\/SitePages\/Home.aspx\" target=\"_blank\" rel=\"noopener\">Service de sant\u00e9 du site internet HESAV<\/a> toutes les informations concernant les vaccinations.<\/p>\n<p>A noter que certaines institutions ou services refusent les \u00e9tudiant\u00b7es qui ne satisfont pas aux recommandations sur la vaccination des professionnel\u00b7les de la sant\u00e9 \u00e9dict\u00e9es par l\u2019Office F\u00e9d\u00e9ral de la Sant\u00e9 Publique (OFSP).<\/p>\n<\/div>\n\t\t<\/div>\n\t\t\t<\/div>\n<\/section>\n\n\n\t\t\n<section class=\"section-description \" >\n\t<div class=\"section-description__inner\">\n\t\t<div class=\"section-description__text-wrapper\">\n\t\t\t\t\t\t\t\t\t\t<h2 class=\"section-description__title\">Un campus sans fum\u00e9e, une question de sant\u00e9<\/h2>\n\t\t\t\t\t\t<div class=\"section-description__content typography\"><p>Les b\u00e2timents de HESAV sont des lieux 100% sans fum\u00e9e, conform\u00e9ment \u00e0 la loi vaudoise sur l\u2019interdiction de fumer dans les lieux publics (LIFLP). La consommation de tabac, de chanvre CBD, ainsi que le vapotage n\u2019y sont pas tol\u00e9r\u00e9s.<\/p>\n<p>A l\u2019ext\u00e9rieur des b\u00e2timents, il est attendu de la part des fumeurs de respecter les personnes comme les lieux et d\u2019utiliser les cendriers mis \u00e0 leur disposition.<\/p>\n<\/div>\n\t\t<\/div>\n\t\t\t<\/div>\n<\/section>\n","protected":false},"excerpt":{"rendered":"","protected":false},"author":1,"featured_media":0,"parent":0,"menu_order":0,"comment_status":"closed","ping_status":"closed","template":"","meta":{"_acf_changed":false,"footnotes":""},"class_list":["post-53","page","type-page","status-publish","hentry"],"acf":[],"yoast_head":"<!-- This site is optimized with the Yoast SEO plugin v24.7 - https:\/\/yoast.com\/wordpress\/plugins\/seo\/ -->\n<title>Sport et sant\u00e9 - Le guide de l&#039;\u00e9tudiant.e - HESAV<\/title>\n<meta name=\"robots\" content=\"index, follow, max-snippet:-1, max-image-preview:large, max-video-preview:-1\" \/>\n<link rel=\"canonical\" href=\"https:\/\/hesav.ch\/guide-etu\/sport-et-sante\/\" \/>\n<meta property=\"og:locale\" content=\"fr_FR\" \/>\n<meta property=\"og:type\" content=\"article\" \/>\n<meta property=\"og:title\" content=\"Sport et sant\u00e9 - Le guide de l&#039;\u00e9tudiant.e - HESAV\" \/>\n<meta property=\"og:url\" content=\"https:\/\/hesav.ch\/guide-etu\/sport-et-sante\/\" \/>\n<meta property=\"og:site_name\" content=\"Le guide de l&#039;\u00e9tudiant.e - HESAV\" \/>\n<meta property=\"article:modified_time\" content=\"2025-04-29T10:23:10+00:00\" \/>\n<meta name=\"twitter:card\" content=\"summary_large_image\" \/>\n<script type=\"application\/ld+json\" class=\"yoast-schema-graph\">{\"@context\":\"https:\/\/schema.org\",\"@graph\":[{\"@type\":\"WebPage\",\"@id\":\"https:\/\/hesav.ch\/guide-etu\/sport-et-sante\/\",\"url\":\"https:\/\/hesav.ch\/guide-etu\/sport-et-sante\/\",\"name\":\"Sport et sant\u00e9 - Le guide de l&#039;\u00e9tudiant.e - HESAV\",\"isPartOf\":{\"@id\":\"https:\/\/hesav.ch\/guide-etu\/#website\"},\"datePublished\":\"2022-09-07T13:40:13+00:00\",\"dateModified\":\"2025-04-29T10:23:10+00:00\",\"breadcrumb\":{\"@id\":\"https:\/\/hesav.ch\/guide-etu\/sport-et-sante\/#breadcrumb\"},\"inLanguage\":\"fr-FR\",\"potentialAction\":[{\"@type\":\"ReadAction\",\"target\":[\"https:\/\/hesav.ch\/guide-etu\/sport-et-sante\/\"]}]},{\"@type\":\"BreadcrumbList\",\"@id\":\"https:\/\/hesav.ch\/guide-etu\/sport-et-sante\/#breadcrumb\",\"itemListElement\":[{\"@type\":\"ListItem\",\"position\":1,\"name\":\"Accueil\",\"item\":\"https:\/\/hesav.ch\/guide-etu\/\"},{\"@type\":\"ListItem\",\"position\":2,\"name\":\"Sport et sant\u00e9\"}]},{\"@type\":\"WebSite\",\"@id\":\"https:\/\/hesav.ch\/guide-etu\/#website\",\"url\":\"https:\/\/hesav.ch\/guide-etu\/\",\"name\":\"Le guide de l&#039;\u00e9tudiant.e - HESAV\",\"description\":\"HESAV \/  Haute \u00c9cole de Sant\u00e9 - Vaud\",\"publisher\":{\"@id\":\"https:\/\/hesav.ch\/guide-etu\/#organization\"},\"potentialAction\":[{\"@type\":\"SearchAction\",\"target\":{\"@type\":\"EntryPoint\",\"urlTemplate\":\"https:\/\/hesav.ch\/guide-etu\/?s={search_term_string}\"},\"query-input\":{\"@type\":\"PropertyValueSpecification\",\"valueRequired\":true,\"valueName\":\"search_term_string\"}}],\"inLanguage\":\"fr-FR\"},{\"@type\":\"Organization\",\"@id\":\"https:\/\/hesav.ch\/guide-etu\/#organization\",\"name\":\"Le guide de l&#039;\u00e9tudiant.e - HESAV\",\"url\":\"https:\/\/hesav.ch\/guide-etu\/\",\"logo\":{\"@type\":\"ImageObject\",\"inLanguage\":\"fr-FR\",\"@id\":\"https:\/\/hesav.ch\/guide-etu\/#\/schema\/logo\/image\/\",\"url\":\"https:\/\/hesav.ch\/guide-etu\/wp-content\/uploads\/2025\/10\/logo_hesav_150.png\",\"contentUrl\":\"https:\/\/hesav.ch\/guide-etu\/wp-content\/uploads\/2025\/10\/logo_hesav_150.png\",\"width\":150,\"height\":150,\"caption\":\"Le guide de l&#039;\u00e9tudiant.e - HESAV\"},\"image\":{\"@id\":\"https:\/\/hesav.ch\/guide-etu\/#\/schema\/logo\/image\/\"}}]}<\/script>\n<!-- \/ Yoast SEO plugin. -->","yoast_head_json":{"title":"Sport et sant\u00e9 - Le guide de l&#039;\u00e9tudiant.e - HESAV","robots":{"index":"index","follow":"follow","max-snippet":"max-snippet:-1","max-image-preview":"max-image-preview:large","max-video-preview":"max-video-preview:-1"},"canonical":"https:\/\/hesav.ch\/guide-etu\/sport-et-sante\/","og_locale":"fr_FR","og_type":"article","og_title":"Sport et sant\u00e9 - Le guide de l&#039;\u00e9tudiant.e - HESAV","og_url":"https:\/\/hesav.ch\/guide-etu\/sport-et-sante\/","og_site_name":"Le guide de l&#039;\u00e9tudiant.e - HESAV","article_modified_time":"2025-04-29T10:23:10+00:00","twitter_card":"summary_large_image","schema":{"@context":"https:\/\/schema.org","@graph":[{"@type":"WebPage","@id":"https:\/\/hesav.ch\/guide-etu\/sport-et-sante\/","url":"https:\/\/hesav.ch\/guide-etu\/sport-et-sante\/","name":"Sport et sant\u00e9 - Le guide de l&#039;\u00e9tudiant.e - HESAV","isPartOf":{"@id":"https:\/\/hesav.ch\/guide-etu\/#website"},"datePublished":"2022-09-07T13:40:13+00:00","dateModified":"2025-04-29T10:23:10+00:00","breadcrumb":{"@id":"https:\/\/hesav.ch\/guide-etu\/sport-et-sante\/#breadcrumb"},"inLanguage":"fr-FR","potentialAction":[{"@type":"ReadAction","target":["https:\/\/hesav.ch\/guide-etu\/sport-et-sante\/"]}]},{"@type":"BreadcrumbList","@id":"https:\/\/hesav.ch\/guide-etu\/sport-et-sante\/#breadcrumb","itemListElement":[{"@type":"ListItem","position":1,"name":"Accueil","item":"https:\/\/hesav.ch\/guide-etu\/"},{"@type":"ListItem","position":2,"name":"Sport et sant\u00e9"}]},{"@type":"WebSite","@id":"https:\/\/hesav.ch\/guide-etu\/#website","url":"https:\/\/hesav.ch\/guide-etu\/","name":"Le guide de l&#039;\u00e9tudiant.e - HESAV","description":"HESAV \/  Haute \u00c9cole de Sant\u00e9 - Vaud","publisher":{"@id":"https:\/\/hesav.ch\/guide-etu\/#organization"},"potentialAction":[{"@type":"SearchAction","target":{"@type":"EntryPoint","urlTemplate":"https:\/\/hesav.ch\/guide-etu\/?s={search_term_string}"},"query-input":{"@type":"PropertyValueSpecification","valueRequired":true,"valueName":"search_term_string"}}],"inLanguage":"fr-FR"},{"@type":"Organization","@id":"https:\/\/hesav.ch\/guide-etu\/#organization","name":"Le guide de l&#039;\u00e9tudiant.e - HESAV","url":"https:\/\/hesav.ch\/guide-etu\/","logo":{"@type":"ImageObject","inLanguage":"fr-FR","@id":"https:\/\/hesav.ch\/guide-etu\/#\/schema\/logo\/image\/","url":"https:\/\/hesav.ch\/guide-etu\/wp-content\/uploads\/2025\/10\/logo_hesav_150.png","contentUrl":"https:\/\/hesav.ch\/guide-etu\/wp-content\/uploads\/2025\/10\/logo_hesav_150.png","width":150,"height":150,"caption":"Le guide de l&#039;\u00e9tudiant.e - HESAV"},"image":{"@id":"https:\/\/hesav.ch\/guide-etu\/#\/schema\/logo\/image\/"}}]}},"_links":{"self":[{"href":"https:\/\/hesav.ch\/guide-etu\/wp-json\/wp\/v2\/pages\/53","targetHints":{"allow":["GET"]}}],"collection":[{"href":"https:\/\/hesav.ch\/guide-etu\/wp-json\/wp\/v2\/pages"}],"about":[{"href":"https:\/\/hesav.ch\/guide-etu\/wp-json\/wp\/v2\/types\/page"}],"author":[{"embeddable":true,"href":"https:\/\/hesav.ch\/guide-etu\/wp-json\/wp\/v2\/users\/1"}],"replies":[{"embeddable":true,"href":"https:\/\/hesav.ch\/guide-etu\/wp-json\/wp\/v2\/comments?post=53"}],"version-history":[{"count":14,"href":"https:\/\/hesav.ch\/guide-etu\/wp-json\/wp\/v2\/pages\/53\/revisions"}],"predecessor-version":[{"id":660,"href":"https:\/\/hesav.ch\/guide-etu\/wp-json\/wp\/v2\/pages\/53\/revisions\/660"}],"wp:attachment":[{"href":"https:\/\/hesav.ch\/guide-etu\/wp-json\/wp\/v2\/media?parent=53"}],"curies":[{"name":"wp","href":"https:\/\/api.w.org\/{rel}","templated":true}]}}