{"id":56,"date":"2022-09-07T15:41:22","date_gmt":"2022-09-07T13:41:22","guid":{"rendered":"https:\/\/www.hesav.ch\/new-guide-etu\/?page_id=56"},"modified":"2025-05-15T15:36:40","modified_gmt":"2025-05-15T13:36:40","slug":"ethique-et-valeurs","status":"publish","type":"page","link":"https:\/\/hesav.ch\/guide-etu\/ethique-et-valeurs\/","title":{"rendered":"\u00c9thique et valeurs"},"content":{"rendered":"\n\n\t\t\n<section class=\"section-description \" >\n\t<div class=\"section-description__inner\">\n\t\t<div class=\"section-description__text-wrapper\">\n\t\t\t\t\t\t\t\t\t\t<h2 class=\"section-description__title\">Comportement <\/h2>\n\t\t\t\t\t\t<div class=\"section-description__content typography\"><p>En tant qu'\u00e9tudiant\u00b7es de HESAV, vous devenez les ambassadeurs et ambassadrices de notre Haute \u00e9cole.<\/p>\n<p>Par votre comportement g\u00e9n\u00e9ral et les relations que vous d\u00e9veloppez avec les autres, vous donnez une image de votre Haute \u00e9cole et de vous-m\u00eame en tant que futur\u00b7e professionnel\u00b7le de sant\u00e9.<\/p>\n<p>HESAV attend de vous que vous ayez une attitude appropri\u00e9e, que vous fassiez preuve d\u2019\u00e9ducation ainsi que de bon sens et que vous vous conformiez \u00e0 des r\u00e8gles \u00e9l\u00e9mentaires de conduite.<\/p>\n<\/div>\n\t\t<\/div>\n\t\t\t<\/div>\n<\/section>\n\n\n\t\t\n<section class=\"section-description \" >\n\t<div class=\"section-description__inner\">\n\t\t<div class=\"section-description__text-wrapper\">\n\t\t\t\t\t\t\t\t\t\t<h2 class=\"section-description__title\">Se respecter et respecter les autres<\/h2>\n\t\t\t\t\t\t<div class=\"section-description__content typography\"><p>La tenue vestimentaire est le premier signe de votre volont\u00e9 d\u2019exercer une profession de sant\u00e9 dans laquelle les relations et le respect de l\u2019autre, comme de soi-m\u00eame, jouent un r\u00f4le essentiel. Votre tenue doit \u00e9galement \u00eatre adapt\u00e9e \u00e0 la formation et aux cours pratiques.<\/p>\n<p>Des v\u00eatements professionnels vous sont fournis \u00e0 votre entr\u00e9e \u00e0 la Haute \u00e9cole. Lors de vos stages, nous vous prions de prendre la peine de vous informer des r\u00e8gles en vigueur dans l\u2019institution qui vous accueille et de vous y conformer en tout point.<\/p>\n<p>Durant les cours, le port de signes distinctifs religieux est tol\u00e9r\u00e9, \u00e0 l\u2019exception des cours pratiques pour lesquels la tenue exig\u00e9e est la tenue professionnelle.<\/p>\n<p>Vous prendrez soin d\u2019\u00e9teindre vos t\u00e9l\u00e9phones portables durant les cours. D\u2019une mani\u00e8re g\u00e9n\u00e9rale et dans tous les locaux, nous vous prions de faire preuve de discr\u00e9tion lors de vos conversations t\u00e9l\u00e9phoniques afin de respecter la tranquillit\u00e9 et le travail des autres.<\/p>\n<\/div>\n\t\t<\/div>\n\t\t\t<\/div>\n<\/section>\n\n\n\t\t\n<section class=\"section-description \" >\n\t<div class=\"section-description__inner\">\n\t\t<div class=\"section-description__text-wrapper\">\n\t\t\t\t\t\t\t\t\t\t<h2 class=\"section-description__title\">Droit \u00e0 l'image <\/h2>\n\t\t\t\t\t\t<div class=\"section-description__content typography\"><p>La publication de photos ou de vid\u00e9os prises dans le cadre de HESAV sur les r\u00e9seaux sociaux ou sur internet doit \u00eatre faite dans le respect d\u2019autrui et des r\u00e8gles de la Haute \u00e9cole.<\/p>\n<\/div>\n\t\t<\/div>\n\t\t\t<\/div>\n<\/section>\n\n\n\t\t\n<section class=\"section-description \" >\n\t<div class=\"section-description__inner\">\n\t\t<div class=\"section-description__text-wrapper\">\n\t\t\t\t\t\t\t\t\t\t<h2 class=\"section-description__title\">Charte r\u00e9seaux sociaux <\/h2>\n\t\t\t\t\t\t<div class=\"section-description__content typography\"><p>Les r\u00e9seaux sociaux et les outils digitaux font partie int\u00e9grante de la vie quotidienne. C\u2019est aussi le cas dans le monde professionnel ou durant votre formation.<\/p>\n<p>Les m\u00e9dias web ont permis de diversifier les canaux de communication des entreprises et d\u2019ouvrir des \u00e9changes avec un plus large public.<\/p>\n<p>HESAV est pr\u00e9sente sur les r\u00e9seaux sociaux. Nous y mettons en valeur les activit\u00e9s des fili\u00e8res, les projets de recherche, les \u00e9changes internationaux, les projets d\u2019\u00e9tudiant\u00b7es, la vie estudiantine, etc. N\u2019h\u00e9sitez pas \u00e0 nous suivre !<\/p>\n<p>Instagram :\u00a0<a href=\"https:\/\/www.instagram.com\/hesav_lausanne\/\" target=\"_blank\" rel=\"noopener\">@hesav_lausanne<\/a><\/p>\n<p>Facebook :\u00a0<a href=\"https:\/\/www.facebook.com\/HauteEcoleDeSanteVaud\/\" target=\"_blank\" rel=\"noopener\">@HauteEcoleDeSanteVaud<\/a><\/p>\n<p>Tik Tok : <a href=\"https:\/\/www.tiktok.com\/@hesav_lausanne\" target=\"_blank\" rel=\"noopener\">@hesav_lausanne<\/a><\/p>\n<p>LinkedIn :\u00a0<a href=\"https:\/\/fr.linkedin.com\/company\/hesav\" target=\"_blank\" rel=\"noopener\">@Haute Ecole de Sant\u00e9 Vaud - HESAV<\/a><\/p>\n<p>YouTube : <a href=\"https:\/\/www.youtube.com\/channel\/UCo0X-9UB8VffqpMSrFD6Lgg\" target=\"_blank\" rel=\"noopener\">@HESAVHauteEcoledeSanteVaud<\/a><\/p>\n<p>&nbsp;<\/p>\n<\/div>\n\t\t<\/div>\n\t\t\t<\/div>\n<\/section>\n\n\n\t\t\n<section class=\"section-description \" >\n\t<div class=\"section-description__inner\">\n\t\t<div class=\"section-description__text-wrapper\">\n\t\t\t\t\t\t\t\t\t\t<h2 class=\"section-description__title\">R\u00e8gles de prudence et de respect<\/h2>\n\t\t\t\t\t\t<div class=\"section-description__content typography\"><p>L\u2019omnipr\u00e9sence des r\u00e9seaux sociaux fait quelquefois oublier les r\u00e8gles \u00e9l\u00e9mentaires d\u2019\u00e9thique et de prudence, en particulier en ce qui concerne la protection des donn\u00e9es, de l\u2019image et de la personnalit\u00e9.<\/p>\n<p>De plus, les sph\u00e8res professionnelles et priv\u00e9es se confondent de plus en plus. C\u2019est pourquoi, en tant qu\u2019\u00e9tudiant\u00b7es et \u00ab ambassadeur\u00b7ices \u00bb de HESAV, nous aimerions vous sensibiliser \u00e0 certains risques et vous donner quelques conseils pour votre vie on-line. Ceux-ci s\u2019appliquent aussi bien \u00e0 votre image priv\u00e9e que professionnelle.<\/p>\n<p><strong>Responsabilit\u00e9 :<\/strong>\u00a0vous \u00eates responsables de vos propos sur les m\u00e9dias sociaux et quelques cas r\u00e9cents ont montr\u00e9 que c\u2019est aussi le cas pour un partage ou un simple \u00ab like \u00bb non conforme au respect de la vie priv\u00e9e, \u00e0 des lois sur le racisme, la protection de la personne, etc.<\/p>\n<p><strong>Confidentialit\u00e9 :<\/strong>\u00a0certains r\u00e9seaux, comme Facebook, Instagram ou LinkedIn, permettent de ne publier que pour ses \u00ab ami\u00b7es \u00bb, voire une partie seulement de ceux-ci. On parle de r\u00e9seaux sym\u00e9triques. D\u2019autres sites permettent d\u2019\u00e9changer et partager des contenus \u00e0 un plus large public, par exemple des vid\u00e9os (YouTube), de l\u2019information (Twitter) ou du savoir (Wikip\u00e9dia), des opinions ou exp\u00e9riences (blogs, chats, forums). Il importe de toujours rester conscient du public qui pourra acc\u00e9der \u00e0 votre contenu.<\/p>\n<p><strong>Droit d\u2019auteur :<\/strong>\u00a0les r\u00e8gles qui s\u2019appliquent pour les travaux de recherche sont aussi valables sur le web. Toute reprise d\u2019information doit citer ses sources.<\/p>\n<p><strong>Les images :<\/strong> les r\u00e8gles ci-dessus s\u2019appliquent aux images qui sont le fondement des \u00e9changes notamment sur Instagram. Le droit d\u2019image s\u2019applique aussi.<\/p>\n<p><strong>Consentement :<\/strong>\u00a0toute personne reconnaissable sur une image doit avoir donn\u00e9 son consentement explicite \u00e0 la publication, en connaissance de chaque utilisation de son image. Donner le choix, c\u2019est respecter l\u2019autre. C\u2019est aussi \u00e9viter d\u2019\u00e9ventuelles poursuites.<\/p>\n<p>Il en va de m\u00eame de toutes les images vous repr\u00e9sentant. Votre \u00e9cole est particuli\u00e8rement attentive \u00e0 respecter votre droit d\u2019image, raison pour laquelle vous serez sans doute appel\u00e9 \u00e0 signer des formulaires de consentement si vous \u00eates pris\u00b7e en photo.<\/p>\n<p><strong>Lieux priv\u00e9s :<\/strong>\u00a0les photos dans les lieux de stages ou au sein d\u2019une entreprise (h\u00f4pital, par exemple) font souvent l\u2019objet d\u2019une autorisation sp\u00e9ciale. Renseignez-vous avant de les publier, voire m\u00eame de les prendre.<\/p>\n<p><strong>Personnes fragiles :<\/strong>\u00a0veillez \u00e0 porter une attention particuli\u00e8re aux personnes \u00ab \u00e0 prot\u00e9ger\/fragiles \u00bb<\/p>\n<ul>\n<li>Les enfants (m\u00eame mignons !)<\/li>\n<li>Les patient\u00b7es et malades<\/li>\n<li>Les personnes qui ne comprennent pas en raison d\u2019un d\u00e9calage de langue, de culture, etc.<\/li>\n<\/ul>\n<p>VOUS AVEZ DES QUESTIONS OU AVEZ BESOIN D\u2019AIDE ?<\/p>\n<p>Si vous n\u2019\u00eates pas s\u00fbr d\u2019une pratique sur les m\u00e9dias sociaux, vous pouvez vous adresser au service de la communication, qui vous r\u00e9pondra volontiers (T. 108).<\/p>\n<\/div>\n\t\t<\/div>\n\t\t\t<\/div>\n<\/section>\n\n\n\t\t\n<section class=\"section-description \" >\n\t<div class=\"section-description__inner\">\n\t\t<div class=\"section-description__text-wrapper\">\n\t\t\t\t\t\t\t\t\t\t<h2 class=\"section-description__title\">Utilisation de l\u2019intelligence artificielle g\u00e9n\u00e9rative dans  les travaux acad\u00e9miques<\/h2>\n\t\t\t\t\t\t<div class=\"section-description__content typography\"><p class=\"noSpacingAbove spacingBelow\" data-text-type=\"withSpacing\">L\u2019utilisation croissante d\u2019outils d\u2019intelligence artificielle (IA) g\u00e9n\u00e9rative soul\u00e8ve des questions d\u2019int\u00e9grit\u00e9 intellectuelle et de transparence dans le contexte des travaux acad\u00e9miques. Afin de promouvoir des pratiques responsables, nous demandons aux \u00e9tudiant\u00b7es de mentionner les outils qu\u2019ils utilisent et de pr\u00e9ciser la raison de leur utilisation.<\/p>\n<ol class=\"customListStyle\">\n<li>\n<p class=\"noSpacingAbove spacingBelow\" data-text-type=\"withSpacing\"><strong>Mention des outils<br \/>\n<\/strong>Les \u00e9tudiant\u00b7es doivent mentionner les outils d\u2019IA g\u00e9n\u00e9rative utilis\u00e9s et en sp\u00e9cifier la raison pour les cat\u00e9gories suivantes : synth\u00e8se, explication, inspiration, citation, cr\u00e9ation d\u2019images et mod\u00e9lisation. Pour les corrections orthographiques, les reformulations et les traductions, l\u2019utilisation de l\u2019IA peut se faire sans mention explicite. Cependant, pour les cat\u00e9gories sp\u00e9cifi\u00e9es ci-dessus, il est imp\u00e9ratif d\u2019informer de l\u2019usage de l\u2019IA.<\/p>\n<\/li>\n<li>\n<p class=\"noSpacingAbove spacingBelow\" data-text-type=\"withSpacing\"><strong>Responsabilit\u00e9 de l\u2019\u00e9tudiant\u00b7e<br \/>\n<\/strong>L\u2019\u00e9tudiant\u00b7e est seul\u00b7e responsable de la validit\u00e9 du contenu et des r\u00e9f\u00e9rences cit\u00e9es. Nous encourageons vivement les \u00e9tudiant\u00b7es \u00e0 v\u00e9rifier toutes les informations et sources transmises par les outils d\u2019IA.<\/p>\n<p class=\"noSpacingAbove spacingBelow\" data-text-type=\"withSpacing\">\n<\/li>\n<li>\n<p class=\"noSpacingAbove spacingBelow\" data-text-type=\"withSpacing\"><strong>Mise en garde<br \/>\n<\/strong>Attention \u00e0 ne pas utiliser de r\u00e9f\u00e9rences de documents (livres, articles, etc.) qui n\u2019existent pas. Les \u00e9tudiant\u00b7es doivent se renseigner aupr\u00e8s de leurs professeur\u00b7e\u00b7s sur les r\u00e8gles sp\u00e9cifiques \u00e0 leur domaine d\u2019\u00e9tudes. L\u2019utilisation de l\u2019IA g\u00e9n\u00e9rative doit \u00eatre mentionn\u00e9e dans les travaux, sans la citer comme un document \u00e0 part enti\u00e8re (livre, article, etc.). Pour plus d\u2019informations, nous vous recommandons de vous r\u00e9f\u00e9rer au document cadre de la HES-SO, qui \u00e9volue constamment : <a href=\"https:\/\/numerique.hes-so.ch\/pluginfile.php\/224685\/mod_resource\/content\/0\/Principes%20directeurs%20IA_20240422_VF_.pdf\" target=\"_blank\" rel=\"noopener noreferrer\" data-interception=\"off\">Principes directeurs, ressources et guide d'application<\/a>. Notamment, nous vous invitons \u00e0 consulter le site <a href=\"https:\/\/numerique.hes-so.ch\/course\/view.php?id=254\" target=\"_blank\" rel=\"noopener\">L'IA dans l\u2019enseignement \u00e0 la HES-SO<\/a>, en particulier le <a href=\"https:\/\/numerique.hes-so.ch\/pluginfile.php\/209939\/mod_folder\/content\/0\/Guide_transparence_IA.pdf\" target=\"_blank\" rel=\"noopener\">Guide r\u00e9flexif pour une utilisation transparente de l\u2019IA g\u00e9n\u00e9rative dans l\u2019enseignement<\/a>, qui traite de la citation des sources.<\/p>\n<\/li>\n<\/ol>\n<\/div>\n\t\t<\/div>\n\t\t\t<\/div>\n<\/section>\n","protected":false},"excerpt":{"rendered":"","protected":false},"author":1,"featured_media":0,"parent":0,"menu_order":0,"comment_status":"closed","ping_status":"closed","template":"","meta":{"_acf_changed":false,"footnotes":""},"class_list":["post-56","page","type-page","status-publish","hentry"],"acf":[],"yoast_head":"<!-- This site is optimized with the Yoast SEO plugin v24.7 - https:\/\/yoast.com\/wordpress\/plugins\/seo\/ -->\n<title>\u00c9thique et valeurs - Le guide de l&#039;\u00e9tudiant.e - HESAV<\/title>\n<meta name=\"robots\" content=\"index, follow, max-snippet:-1, max-image-preview:large, max-video-preview:-1\" \/>\n<link rel=\"canonical\" href=\"https:\/\/hesav.ch\/guide-etu\/ethique-et-valeurs\/\" \/>\n<meta property=\"og:locale\" content=\"fr_FR\" \/>\n<meta property=\"og:type\" content=\"article\" \/>\n<meta property=\"og:title\" content=\"\u00c9thique et valeurs - Le guide de l&#039;\u00e9tudiant.e - HESAV\" \/>\n<meta property=\"og:url\" content=\"https:\/\/hesav.ch\/guide-etu\/ethique-et-valeurs\/\" \/>\n<meta property=\"og:site_name\" content=\"Le guide de l&#039;\u00e9tudiant.e - HESAV\" \/>\n<meta property=\"article:modified_time\" content=\"2025-05-15T13:36:40+00:00\" \/>\n<meta name=\"twitter:card\" content=\"summary_large_image\" \/>\n<script type=\"application\/ld+json\" class=\"yoast-schema-graph\">{\"@context\":\"https:\/\/schema.org\",\"@graph\":[{\"@type\":\"WebPage\",\"@id\":\"https:\/\/hesav.ch\/guide-etu\/ethique-et-valeurs\/\",\"url\":\"https:\/\/hesav.ch\/guide-etu\/ethique-et-valeurs\/\",\"name\":\"\u00c9thique et valeurs - Le guide de l&#039;\u00e9tudiant.e - HESAV\",\"isPartOf\":{\"@id\":\"https:\/\/hesav.ch\/guide-etu\/#website\"},\"datePublished\":\"2022-09-07T13:41:22+00:00\",\"dateModified\":\"2025-05-15T13:36:40+00:00\",\"breadcrumb\":{\"@id\":\"https:\/\/hesav.ch\/guide-etu\/ethique-et-valeurs\/#breadcrumb\"},\"inLanguage\":\"fr-FR\",\"potentialAction\":[{\"@type\":\"ReadAction\",\"target\":[\"https:\/\/hesav.ch\/guide-etu\/ethique-et-valeurs\/\"]}]},{\"@type\":\"BreadcrumbList\",\"@id\":\"https:\/\/hesav.ch\/guide-etu\/ethique-et-valeurs\/#breadcrumb\",\"itemListElement\":[{\"@type\":\"ListItem\",\"position\":1,\"name\":\"Accueil\",\"item\":\"https:\/\/hesav.ch\/guide-etu\/\"},{\"@type\":\"ListItem\",\"position\":2,\"name\":\"\u00c9thique et valeurs\"}]},{\"@type\":\"WebSite\",\"@id\":\"https:\/\/hesav.ch\/guide-etu\/#website\",\"url\":\"https:\/\/hesav.ch\/guide-etu\/\",\"name\":\"Le guide de l&#039;\u00e9tudiant.e - HESAV\",\"description\":\"HESAV \/  Haute \u00c9cole de Sant\u00e9 - Vaud\",\"publisher\":{\"@id\":\"https:\/\/hesav.ch\/guide-etu\/#organization\"},\"potentialAction\":[{\"@type\":\"SearchAction\",\"target\":{\"@type\":\"EntryPoint\",\"urlTemplate\":\"https:\/\/hesav.ch\/guide-etu\/?s={search_term_string}\"},\"query-input\":{\"@type\":\"PropertyValueSpecification\",\"valueRequired\":true,\"valueName\":\"search_term_string\"}}],\"inLanguage\":\"fr-FR\"},{\"@type\":\"Organization\",\"@id\":\"https:\/\/hesav.ch\/guide-etu\/#organization\",\"name\":\"Le guide de l&#039;\u00e9tudiant.e - HESAV\",\"url\":\"https:\/\/hesav.ch\/guide-etu\/\",\"logo\":{\"@type\":\"ImageObject\",\"inLanguage\":\"fr-FR\",\"@id\":\"https:\/\/hesav.ch\/guide-etu\/#\/schema\/logo\/image\/\",\"url\":\"https:\/\/hesav.ch\/guide-etu\/wp-content\/uploads\/2025\/10\/logo_hesav_150.png\",\"contentUrl\":\"https:\/\/hesav.ch\/guide-etu\/wp-content\/uploads\/2025\/10\/logo_hesav_150.png\",\"width\":150,\"height\":150,\"caption\":\"Le guide de l&#039;\u00e9tudiant.e - HESAV\"},\"image\":{\"@id\":\"https:\/\/hesav.ch\/guide-etu\/#\/schema\/logo\/image\/\"}}]}<\/script>\n<!-- \/ Yoast SEO plugin. -->","yoast_head_json":{"title":"\u00c9thique et valeurs - Le guide de l&#039;\u00e9tudiant.e - HESAV","robots":{"index":"index","follow":"follow","max-snippet":"max-snippet:-1","max-image-preview":"max-image-preview:large","max-video-preview":"max-video-preview:-1"},"canonical":"https:\/\/hesav.ch\/guide-etu\/ethique-et-valeurs\/","og_locale":"fr_FR","og_type":"article","og_title":"\u00c9thique et valeurs - Le guide de l&#039;\u00e9tudiant.e - HESAV","og_url":"https:\/\/hesav.ch\/guide-etu\/ethique-et-valeurs\/","og_site_name":"Le guide de l&#039;\u00e9tudiant.e - HESAV","article_modified_time":"2025-05-15T13:36:40+00:00","twitter_card":"summary_large_image","schema":{"@context":"https:\/\/schema.org","@graph":[{"@type":"WebPage","@id":"https:\/\/hesav.ch\/guide-etu\/ethique-et-valeurs\/","url":"https:\/\/hesav.ch\/guide-etu\/ethique-et-valeurs\/","name":"\u00c9thique et valeurs - Le guide de l&#039;\u00e9tudiant.e - HESAV","isPartOf":{"@id":"https:\/\/hesav.ch\/guide-etu\/#website"},"datePublished":"2022-09-07T13:41:22+00:00","dateModified":"2025-05-15T13:36:40+00:00","breadcrumb":{"@id":"https:\/\/hesav.ch\/guide-etu\/ethique-et-valeurs\/#breadcrumb"},"inLanguage":"fr-FR","potentialAction":[{"@type":"ReadAction","target":["https:\/\/hesav.ch\/guide-etu\/ethique-et-valeurs\/"]}]},{"@type":"BreadcrumbList","@id":"https:\/\/hesav.ch\/guide-etu\/ethique-et-valeurs\/#breadcrumb","itemListElement":[{"@type":"ListItem","position":1,"name":"Accueil","item":"https:\/\/hesav.ch\/guide-etu\/"},{"@type":"ListItem","position":2,"name":"\u00c9thique et valeurs"}]},{"@type":"WebSite","@id":"https:\/\/hesav.ch\/guide-etu\/#website","url":"https:\/\/hesav.ch\/guide-etu\/","name":"Le guide de l&#039;\u00e9tudiant.e - HESAV","description":"HESAV \/  Haute \u00c9cole de Sant\u00e9 - Vaud","publisher":{"@id":"https:\/\/hesav.ch\/guide-etu\/#organization"},"potentialAction":[{"@type":"SearchAction","target":{"@type":"EntryPoint","urlTemplate":"https:\/\/hesav.ch\/guide-etu\/?s={search_term_string}"},"query-input":{"@type":"PropertyValueSpecification","valueRequired":true,"valueName":"search_term_string"}}],"inLanguage":"fr-FR"},{"@type":"Organization","@id":"https:\/\/hesav.ch\/guide-etu\/#organization","name":"Le guide de l&#039;\u00e9tudiant.e - HESAV","url":"https:\/\/hesav.ch\/guide-etu\/","logo":{"@type":"ImageObject","inLanguage":"fr-FR","@id":"https:\/\/hesav.ch\/guide-etu\/#\/schema\/logo\/image\/","url":"https:\/\/hesav.ch\/guide-etu\/wp-content\/uploads\/2025\/10\/logo_hesav_150.png","contentUrl":"https:\/\/hesav.ch\/guide-etu\/wp-content\/uploads\/2025\/10\/logo_hesav_150.png","width":150,"height":150,"caption":"Le guide de l&#039;\u00e9tudiant.e - HESAV"},"image":{"@id":"https:\/\/hesav.ch\/guide-etu\/#\/schema\/logo\/image\/"}}]}},"_links":{"self":[{"href":"https:\/\/hesav.ch\/guide-etu\/wp-json\/wp\/v2\/pages\/56","targetHints":{"allow":["GET"]}}],"collection":[{"href":"https:\/\/hesav.ch\/guide-etu\/wp-json\/wp\/v2\/pages"}],"about":[{"href":"https:\/\/hesav.ch\/guide-etu\/wp-json\/wp\/v2\/types\/page"}],"author":[{"embeddable":true,"href":"https:\/\/hesav.ch\/guide-etu\/wp-json\/wp\/v2\/users\/1"}],"replies":[{"embeddable":true,"href":"https:\/\/hesav.ch\/guide-etu\/wp-json\/wp\/v2\/comments?post=56"}],"version-history":[{"count":26,"href":"https:\/\/hesav.ch\/guide-etu\/wp-json\/wp\/v2\/pages\/56\/revisions"}],"predecessor-version":[{"id":629,"href":"https:\/\/hesav.ch\/guide-etu\/wp-json\/wp\/v2\/pages\/56\/revisions\/629"}],"wp:attachment":[{"href":"https:\/\/hesav.ch\/guide-etu\/wp-json\/wp\/v2\/media?parent=56"}],"curies":[{"name":"wp","href":"https:\/\/api.w.org\/{rel}","templated":true}]}}