{"id":59,"date":"2022-09-07T15:42:47","date_gmt":"2022-09-07T13:42:47","guid":{"rendered":"https:\/\/www.hesav.ch\/new-guide-etu\/?page_id=59"},"modified":"2025-04-29T12:21:45","modified_gmt":"2025-04-29T10:21:45","slug":"securite-urgences-et-secours","status":"publish","type":"page","link":"https:\/\/hesav.ch\/guide-etu\/securite-urgences-et-secours\/","title":{"rendered":"S\u00e9curit\u00e9, urgences et secours"},"content":{"rendered":"\n\n\t\t\n<section class=\"section-description \" >\n\t<div class=\"section-description__inner\">\n\t\t<div class=\"section-description__text-wrapper\">\n\t\t\t\t\t\t\t\t\t<div class=\"section-description__content typography\"><p>La s\u00e9curit\u00e9 \u00e0 HESAV est assur\u00e9e par le service de s\u00e9curit\u00e9 du CHUV pour les b\u00e2timents de Beaumont 21, de Beaumont 21b et du Bugnon 19.<\/p>\n<p>&nbsp;<\/p>\n<p>NUM\u00c9ROS D'URGENCE :<\/p>\n<p><strong>S\u00e9curit\u00e9 des b\u00e2timents de la cit\u00e9 hospitali\u00e8re (Beaumont 21, Beaumont 21b, Bugnon 19)<\/strong><br \/>\n<a href=\"tel:+41213149117\">021 314 91 17<\/a><\/p>\n<p><strong>Feu<\/strong><br \/>\n<a href=\"tel:+41213149118\">021 314 91 18<\/a><\/p>\n<p><strong>Urgences m\u00e9dicales et r\u00e9animation<\/strong><br \/>\n<a href=\"tel:+41213149144\">021 314 91 44<\/a><\/p>\n<p>Depuis les t\u00e9l\u00e9phones internes d'\u00e9tages, seuls les cinq derniers chiffres suffisent.<\/p>\n<p>&nbsp;<\/p>\n<p>CONCERNANT LES SITES DE C\u00c9SAR-ROUX 19 ET DE L'ELYS\u00c9E 4:<\/p>\n<p><strong>S\u00e9curit\u00e9 :<\/strong>\u00a0<a href=\"tel:117\">117<\/a><\/p>\n<p><strong>Feu :<\/strong>\u00a0<a href=\"tel:118\">118<\/a><\/p>\n<p><strong>Urgences m\u00e9dicales et r\u00e9animation :<\/strong>\u00a0<a href=\"tel:144\">144<\/a><\/p>\n<\/div>\n\t\t<\/div>\n\t\t\t<\/div>\n<\/section>\n","protected":false},"excerpt":{"rendered":"","protected":false},"author":1,"featured_media":0,"parent":0,"menu_order":0,"comment_status":"closed","ping_status":"closed","template":"","meta":{"_acf_changed":false,"footnotes":""},"class_list":["post-59","page","type-page","status-publish","hentry"],"acf":[],"yoast_head":"<!-- This site is optimized with the Yoast SEO plugin v24.7 - https:\/\/yoast.com\/wordpress\/plugins\/seo\/ -->\n<title>S\u00e9curit\u00e9, urgences et secours - Le guide de l&#039;\u00e9tudiant.e - HESAV<\/title>\n<meta name=\"robots\" content=\"index, follow, max-snippet:-1, max-image-preview:large, max-video-preview:-1\" \/>\n<link rel=\"canonical\" href=\"https:\/\/hesav.ch\/guide-etu\/securite-urgences-et-secours\/\" \/>\n<meta property=\"og:locale\" content=\"fr_FR\" \/>\n<meta property=\"og:type\" content=\"article\" \/>\n<meta property=\"og:title\" content=\"S\u00e9curit\u00e9, urgences et secours - Le guide de l&#039;\u00e9tudiant.e - HESAV\" \/>\n<meta property=\"og:url\" content=\"https:\/\/hesav.ch\/guide-etu\/securite-urgences-et-secours\/\" \/>\n<meta property=\"og:site_name\" content=\"Le guide de l&#039;\u00e9tudiant.e - HESAV\" \/>\n<meta property=\"article:modified_time\" content=\"2025-04-29T10:21:45+00:00\" \/>\n<meta name=\"twitter:card\" content=\"summary_large_image\" \/>\n<script type=\"application\/ld+json\" class=\"yoast-schema-graph\">{\"@context\":\"https:\/\/schema.org\",\"@graph\":[{\"@type\":\"WebPage\",\"@id\":\"https:\/\/hesav.ch\/guide-etu\/securite-urgences-et-secours\/\",\"url\":\"https:\/\/hesav.ch\/guide-etu\/securite-urgences-et-secours\/\",\"name\":\"S\u00e9curit\u00e9, urgences et secours - Le guide de l&#039;\u00e9tudiant.e - HESAV\",\"isPartOf\":{\"@id\":\"https:\/\/hesav.ch\/guide-etu\/#website\"},\"datePublished\":\"2022-09-07T13:42:47+00:00\",\"dateModified\":\"2025-04-29T10:21:45+00:00\",\"breadcrumb\":{\"@id\":\"https:\/\/hesav.ch\/guide-etu\/securite-urgences-et-secours\/#breadcrumb\"},\"inLanguage\":\"fr-FR\",\"potentialAction\":[{\"@type\":\"ReadAction\",\"target\":[\"https:\/\/hesav.ch\/guide-etu\/securite-urgences-et-secours\/\"]}]},{\"@type\":\"BreadcrumbList\",\"@id\":\"https:\/\/hesav.ch\/guide-etu\/securite-urgences-et-secours\/#breadcrumb\",\"itemListElement\":[{\"@type\":\"ListItem\",\"position\":1,\"name\":\"Accueil\",\"item\":\"https:\/\/hesav.ch\/guide-etu\/\"},{\"@type\":\"ListItem\",\"position\":2,\"name\":\"S\u00e9curit\u00e9, urgences et secours\"}]},{\"@type\":\"WebSite\",\"@id\":\"https:\/\/hesav.ch\/guide-etu\/#website\",\"url\":\"https:\/\/hesav.ch\/guide-etu\/\",\"name\":\"Le guide de l&#039;\u00e9tudiant.e - HESAV\",\"description\":\"HESAV \/  Haute \u00c9cole de Sant\u00e9 - Vaud\",\"publisher\":{\"@id\":\"https:\/\/hesav.ch\/guide-etu\/#organization\"},\"potentialAction\":[{\"@type\":\"SearchAction\",\"target\":{\"@type\":\"EntryPoint\",\"urlTemplate\":\"https:\/\/hesav.ch\/guide-etu\/?s={search_term_string}\"},\"query-input\":{\"@type\":\"PropertyValueSpecification\",\"valueRequired\":true,\"valueName\":\"search_term_string\"}}],\"inLanguage\":\"fr-FR\"},{\"@type\":\"Organization\",\"@id\":\"https:\/\/hesav.ch\/guide-etu\/#organization\",\"name\":\"Le guide de l&#039;\u00e9tudiant.e - HESAV\",\"url\":\"https:\/\/hesav.ch\/guide-etu\/\",\"logo\":{\"@type\":\"ImageObject\",\"inLanguage\":\"fr-FR\",\"@id\":\"https:\/\/hesav.ch\/guide-etu\/#\/schema\/logo\/image\/\",\"url\":\"https:\/\/hesav.ch\/guide-etu\/wp-content\/uploads\/2025\/10\/logo_hesav_150.png\",\"contentUrl\":\"https:\/\/hesav.ch\/guide-etu\/wp-content\/uploads\/2025\/10\/logo_hesav_150.png\",\"width\":150,\"height\":150,\"caption\":\"Le guide de l&#039;\u00e9tudiant.e - HESAV\"},\"image\":{\"@id\":\"https:\/\/hesav.ch\/guide-etu\/#\/schema\/logo\/image\/\"}}]}<\/script>\n<!-- \/ Yoast SEO plugin. -->","yoast_head_json":{"title":"S\u00e9curit\u00e9, urgences et secours - Le guide de l&#039;\u00e9tudiant.e - HESAV","robots":{"index":"index","follow":"follow","max-snippet":"max-snippet:-1","max-image-preview":"max-image-preview:large","max-video-preview":"max-video-preview:-1"},"canonical":"https:\/\/hesav.ch\/guide-etu\/securite-urgences-et-secours\/","og_locale":"fr_FR","og_type":"article","og_title":"S\u00e9curit\u00e9, urgences et secours - Le guide de l&#039;\u00e9tudiant.e - HESAV","og_url":"https:\/\/hesav.ch\/guide-etu\/securite-urgences-et-secours\/","og_site_name":"Le guide de l&#039;\u00e9tudiant.e - HESAV","article_modified_time":"2025-04-29T10:21:45+00:00","twitter_card":"summary_large_image","schema":{"@context":"https:\/\/schema.org","@graph":[{"@type":"WebPage","@id":"https:\/\/hesav.ch\/guide-etu\/securite-urgences-et-secours\/","url":"https:\/\/hesav.ch\/guide-etu\/securite-urgences-et-secours\/","name":"S\u00e9curit\u00e9, urgences et secours - Le guide de l&#039;\u00e9tudiant.e - HESAV","isPartOf":{"@id":"https:\/\/hesav.ch\/guide-etu\/#website"},"datePublished":"2022-09-07T13:42:47+00:00","dateModified":"2025-04-29T10:21:45+00:00","breadcrumb":{"@id":"https:\/\/hesav.ch\/guide-etu\/securite-urgences-et-secours\/#breadcrumb"},"inLanguage":"fr-FR","potentialAction":[{"@type":"ReadAction","target":["https:\/\/hesav.ch\/guide-etu\/securite-urgences-et-secours\/"]}]},{"@type":"BreadcrumbList","@id":"https:\/\/hesav.ch\/guide-etu\/securite-urgences-et-secours\/#breadcrumb","itemListElement":[{"@type":"ListItem","position":1,"name":"Accueil","item":"https:\/\/hesav.ch\/guide-etu\/"},{"@type":"ListItem","position":2,"name":"S\u00e9curit\u00e9, urgences et secours"}]},{"@type":"WebSite","@id":"https:\/\/hesav.ch\/guide-etu\/#website","url":"https:\/\/hesav.ch\/guide-etu\/","name":"Le guide de l&#039;\u00e9tudiant.e - HESAV","description":"HESAV \/  Haute \u00c9cole de Sant\u00e9 - Vaud","publisher":{"@id":"https:\/\/hesav.ch\/guide-etu\/#organization"},"potentialAction":[{"@type":"SearchAction","target":{"@type":"EntryPoint","urlTemplate":"https:\/\/hesav.ch\/guide-etu\/?s={search_term_string}"},"query-input":{"@type":"PropertyValueSpecification","valueRequired":true,"valueName":"search_term_string"}}],"inLanguage":"fr-FR"},{"@type":"Organization","@id":"https:\/\/hesav.ch\/guide-etu\/#organization","name":"Le guide de l&#039;\u00e9tudiant.e - HESAV","url":"https:\/\/hesav.ch\/guide-etu\/","logo":{"@type":"ImageObject","inLanguage":"fr-FR","@id":"https:\/\/hesav.ch\/guide-etu\/#\/schema\/logo\/image\/","url":"https:\/\/hesav.ch\/guide-etu\/wp-content\/uploads\/2025\/10\/logo_hesav_150.png","contentUrl":"https:\/\/hesav.ch\/guide-etu\/wp-content\/uploads\/2025\/10\/logo_hesav_150.png","width":150,"height":150,"caption":"Le guide de l&#039;\u00e9tudiant.e - HESAV"},"image":{"@id":"https:\/\/hesav.ch\/guide-etu\/#\/schema\/logo\/image\/"}}]}},"_links":{"self":[{"href":"https:\/\/hesav.ch\/guide-etu\/wp-json\/wp\/v2\/pages\/59","targetHints":{"allow":["GET"]}}],"collection":[{"href":"https:\/\/hesav.ch\/guide-etu\/wp-json\/wp\/v2\/pages"}],"about":[{"href":"https:\/\/hesav.ch\/guide-etu\/wp-json\/wp\/v2\/types\/page"}],"author":[{"embeddable":true,"href":"https:\/\/hesav.ch\/guide-etu\/wp-json\/wp\/v2\/users\/1"}],"replies":[{"embeddable":true,"href":"https:\/\/hesav.ch\/guide-etu\/wp-json\/wp\/v2\/comments?post=59"}],"version-history":[{"count":5,"href":"https:\/\/hesav.ch\/guide-etu\/wp-json\/wp\/v2\/pages\/59\/revisions"}],"predecessor-version":[{"id":617,"href":"https:\/\/hesav.ch\/guide-etu\/wp-json\/wp\/v2\/pages\/59\/revisions\/617"}],"wp:attachment":[{"href":"https:\/\/hesav.ch\/guide-etu\/wp-json\/wp\/v2\/media?parent=59"}],"curies":[{"name":"wp","href":"https:\/\/api.w.org\/{rel}","templated":true}]}}