{"id":659,"date":"2026-01-15T10:07:46","date_gmt":"2026-01-15T09:07:46","guid":{"rendered":"https:\/\/hesav.ch\/guide-etu\/?page_id=659"},"modified":"2026-01-15T17:05:14","modified_gmt":"2026-01-15T16:05:14","slug":"logements-campus-sante","status":"publish","type":"page","link":"https:\/\/hesav.ch\/guide-etu\/logements-campus-sante\/","title":{"rendered":"Logements au campus sant\u00e9"},"content":{"rendered":"\n\n\t\t\n<section class=\"section-description \" >\n\t<div class=\"section-description__inner\">\n\t\t<div class=\"section-description__text-wrapper\">\n\t\t\t\t\t\t\t\t\t\t<h2 class=\"section-description__title\">Maisons pour \u00e9tudiant\u00b7es <\/h2>\n\t\t\t\t\t\t<div class=\"section-description__content typography\"><p><b><span data-contrast=\"auto\">Fondation Maisons pour Etudiants Lausanne<\/span><\/b><span data-ccp-props=\"{}\">\u00a0<\/span><\/p>\n<p><span data-contrast=\"auto\">La FMEL\u00a0g\u00e8re l\u2019en<\/span><span data-contrast=\"auto\">semble\u00a0<\/span><span data-contrast=\"auto\">de l'offre locative des\u00a0\u00e9tudiant\u00b7es\u00a0des hautes \u00e9coles et universit\u00e9s lausannoises<\/span><span data-contrast=\"auto\">.\u00a0<\/span><span data-contrast=\"auto\">Elle\u00a0propose diff\u00e9rents types de logements\u00a0:<\/span><span data-ccp-props=\"{}\">\u00a0<\/span><\/p>\n<ul>\n<li><span data-contrast=\"auto\"> Chambres individuelles avec acc\u00e8s \u00e0 des espaces communs (cuisine, salon, etc.)<\/span><\/li>\n<li><span data-contrast=\"auto\"> Chambres en colocation au sein d\u2019un appartement partag\u00e9<\/span><\/li>\n<li><span data-contrast=\"auto\"> Studios pour une personne<\/span><\/li>\n<li><span data-contrast=\"auto\"> Appartements pour une ou deux personnes<\/span><\/li>\n<\/ul>\n<p><span data-contrast=\"auto\">Des logements \u00e9tudiants seront disponibles sur le Campus Sant\u00e9 d\u00e8s la rentr\u00e9e 2026.\u00a0G\u00e9r\u00e9s par la Fondation Maison pour Etudiants Lausanne (FMEL), il est possible de louer des studios, chambres partag\u00e9es ou individuelles, etc. aux m\u00eames conditions que les autres sites de logements propos\u00e9s par la FMEL aux\u00a0\u00e9tudiant<\/span><span data-contrast=\"none\">\u00b7<\/span><span data-contrast=\"auto\">es\u00a0des universit\u00e9s et hautes \u00e9coles\u00a0vaudoises.<\/span><span data-ccp-props=\"{}\">\u00a0<\/span><\/p>\n<p><span data-contrast=\"auto\">Les d\u00e9marches de location\u00a0doivent \u00eatre\u00a0effectu\u00e9es\u00a0directement aupr\u00e8s de la FMEL.\u00a0<\/span><span data-ccp-props=\"{}\">\u00a0<\/span><\/p>\n<p><span data-contrast=\"auto\">La liste d\u2019attente \u00e9tant longue pour se loger \u00e0 Lausanne, nous encouragement vivement toute personne int\u00e9ress\u00e9e \u00e0 postuler.<\/span><span data-ccp-props=\"{}\">\u00a0<\/span><\/p>\n<p><span class=\"TextRun SCXW85697595 BCX8\" lang=\"FR-CH\" xml:lang=\"FR-CH\" data-contrast=\"auto\"><span class=\"NormalTextRun SCXW85697595 BCX8\">Pour toute information compl\u00e9mentaire, consultez leur site internet\u00a0<\/span><\/span><a class=\"Hyperlink SCXW85697595 BCX8\" href=\"https:\/\/www.fmel.ch\/\" target=\"_blank\" rel=\"noreferrer noopener\"><span class=\"TextRun Underlined SCXW85697595 BCX8\" lang=\"FR-CH\" xml:lang=\"FR-CH\" data-contrast=\"none\"><span class=\"NormalTextRun SCXW85697595 BCX8\" data-ccp-charstyle=\"Hyperlink\">www.fmel.ch<\/span><\/span><\/a><span class=\"TextRun SCXW85697595 BCX8\" lang=\"FR-CH\" xml:lang=\"FR-CH\" data-contrast=\"auto\"><span class=\"NormalTextRun SCXW85697595 BCX8\">.\u00a0<\/span><\/span><\/p>\n<p><span data-contrast=\"auto\">Contact\u202f:\u00a0<\/span><span data-ccp-props=\"{}\">\u00a0<\/span><\/p>\n<p><span data-contrast=\"auto\">Administration FMEL<\/span><\/p>\n<p><span data-contrast=\"auto\">B\u00e2timent Vortex - BP927<\/span><\/p>\n<p><span data-contrast=\"auto\">Rte de Praz-V\u00e9guey\u00a029<\/span><br \/>\n<span data-contrast=\"auto\">CH-1022 Chavannes-pr\u00e8s-Renens<\/span><span data-ccp-props=\"{}\">\u00a0<\/span><\/p>\n<p><span data-contrast=\"auto\">T\u00e9l.\u00a0 <\/span>+41 21 617 81 54<\/p>\n<p><a href=\"mailto:info@fmel.ch\">info@fmel.ch<\/a><\/p>\n<p>&nbsp;<\/p>\n<p><b><span data-contrast=\"auto\">HomeStudy\u00a0<\/span><\/b><span data-ccp-props=\"{}\">\u00a0<\/span><\/p>\n<p><span data-contrast=\"auto\">Situ\u00e9e \u00e0 Chavannes-pr\u00e8s <\/span><span data-contrast=\"auto\">Renens, \u00e0 quelques minutes de l\u2019EPFL et\u202f de l\u2019UNIL<\/span><\/p>\n<p><a href=\"http:\/\/www.homestudy.ch\/\">www.homestudy.ch<\/a><\/p>\n<p><span data-ccp-props=\"{}\">\u00a0<\/span><\/p>\n<p><strong>Le\u00a0Cazard<\/strong><\/p>\n<p><span data-contrast=\"auto\">15, Pr\u00e9 du March\u00e9<\/span><\/p>\n<p><span data-contrast=\"auto\">1004 Lausanne<\/span><\/p>\n<p><span data-contrast=\"auto\">T\u00e9l. +41 (0)21 320 52 61<\/span><\/p>\n<p><a href=\"http:\/\/www.lecazard.ch\/\"><span data-contrast=\"none\">www.lecazard.ch<\/span><\/a><\/p>\n<p><a href=\"mailto:info@lecazard.ch\"><span data-contrast=\"none\">info@lecazard.ch<\/span><\/a><span data-ccp-props=\"{}\">\u00a0<\/span><\/p>\n<p><span data-ccp-props=\"{}\">\u00a0<\/span><\/p>\n<p><strong>Centre universitaire catholique <\/strong><\/p>\n<p><span data-contrast=\"auto\">Boulevard de Grancy 31<\/span><\/p>\n<p><span data-contrast=\"auto\">1006 Lausanne<\/span><\/p>\n<p><span data-contrast=\"auto\">Tel +41 (0)21 612 61 40<\/span><\/p>\n<p><a href=\"http:\/\/www.lecuc.ch\/\"><span data-contrast=\"none\">www.lecuc.ch<\/span><\/a><\/p>\n<p><a href=\"mailto:info@lecuc.ch\"><span data-contrast=\"none\">info@lecuc.ch<\/span><\/a><span data-ccp-props=\"{}\">\u00a0<\/span><\/p>\n<p><span data-ccp-props=\"{}\">\u00a0<\/span><\/p>\n<p><strong>R\u00e9sidence Silo Bleu\u00a0\u00a0<\/strong><\/p>\n<p><span data-contrast=\"auto\">Av. du Silo 5, 1020 Renens<\/span><span data-ccp-props=\"{}\">\u00a0<\/span><\/p>\n<p><a href=\"http:\/\/www.silobleu.ch\/\"><span data-contrast=\"none\">www.silobleu.ch\/<\/span><\/a><span data-contrast=\"auto\">\u00a0<\/span><span data-ccp-props=\"{}\">\u00a0<\/span><\/p>\n<p><span data-ccp-props=\"{}\">\u00a0<\/span><\/p>\n<p><strong>Studiomodernes\u00a0<\/strong><\/p>\n<p><span data-contrast=\"auto\">Av. Eglantine 24, 1006 Lausanne\u00a0<\/span><span data-ccp-props=\"{}\">\u00a0<\/span><\/p>\n<p><span data-contrast=\"auto\">T\u00e9l +41 (0)21 320 48 35 (de 1h \u00e0 11h30)<\/span><span data-ccp-props=\"{}\">\u00a0<\/span><\/p>\n<p><a href=\"http:\/\/www.studiomodernes.com\/\"><span data-contrast=\"none\">www.studiomodernes.com<\/span><\/a><span data-contrast=\"auto\">\u00a0<\/span><\/p>\n<p><a href=\"mailto:info@studiomodernes.com\"><span data-contrast=\"none\">info@studiomodernes.com<\/span><\/a><span data-contrast=\"auto\">\u00a0<\/span><span data-ccp-props=\"{}\">\u00a0<\/span><\/p>\n<p><span data-ccp-props=\"{}\">\u00a0<\/span><\/p>\n<p><strong>Regimo\u00a0Lausanne Sa\u00a0<\/strong><\/p>\n<p><span data-contrast=\"auto\">Ch. de\u00a0Mornex\u00a038<\/span><\/p>\n<p><span data-contrast=\"auto\">CH-1007 Lausanne<\/span><\/p>\n<p><span data-contrast=\"none\">T\u00e9l. +41 21 317 58 58<\/span><\/p>\n<p><a href=\"https:\/\/studentflat.ch\/fr\/lausanne#\/\"><span data-contrast=\"none\">studentflat.ch<\/span><\/a><span data-ccp-props=\"{}\">\u00a0<\/span><\/p>\n<p><strong>\u00a0<\/strong><\/p>\n<p><strong>Auberge de jeunesse de Lausanne \u2013\u00a0Jeunotel\u00a0<\/strong><br \/>\n<span data-contrast=\"auto\">Ch. du Bois-de-Vaux 36, 1007 Lausanne-Vidy<\/span> <span data-ccp-props=\"{}\">\u00a0<\/span><\/p>\n<p><span data-contrast=\"auto\">T\u00e9l. +41 (0)21 626 02 22<\/span><span data-ccp-props=\"{}\">\u00a0<\/span><\/p>\n<p><a href=\"mailto:lausanne@youthhostel.ch&quot; \\t &quot;_self\"><span data-contrast=\"none\">lausanne@youthhostel.ch<\/span><\/a><span data-ccp-props=\"{}\">\u00a0<\/span><\/p>\n<p><a href=\"mailto:lausanne@youthhostel.ch&quot; \\t &quot;_self&quot;%EF%B7%9FHYPERLINK &quot;https:\/\/www.youthhostel.ch\/fr\/auberges\/auberge-de-jeunesse-lausanne-jeunotel\"><span data-contrast=\"none\">www.youthhostel.ch<\/span><\/a><span data-ccp-props=\"{}\">\u00a0<\/span><\/p>\n<\/div>\n\t\t<\/div>\n\t\t\t<\/div>\n<\/section>\n\n\n\t\t\n<section class=\"section-description \" >\n\t<div class=\"section-description__inner\">\n\t\t<div class=\"section-description__text-wrapper\">\n\t\t\t\t\t\t\t\t\t\t<h2 class=\"section-description__title\">Colocations et chambres chez l\u2019habitant\u00b7e  <\/h2>\n\t\t\t\t\t\t<div class=\"section-description__content typography\"><p><a href=\"http:\/\/www.colocappart.ch\/\"><span data-contrast=\"none\">www.colocappart.ch<\/span><\/a><span data-ccp-props=\"{}\">\u00a0<\/span><\/p>\n<p><a href=\"http:\/\/www.colocation-lausanne.ch\/\"><span data-contrast=\"none\">www.colocation-lausanne.ch<\/span><\/a><span data-ccp-props=\"{}\">\u00a0<\/span><\/p>\n<p><a href=\"http:\/\/www.colocalausanne.com\/\"><span data-contrast=\"none\">www.colocalausanne.com<\/span><\/a><span data-ccp-props=\"{}\">\u00a0<\/span><\/p>\n<p><a href=\"http:\/\/www.ensembleavectoit.com\/\"><span data-contrast=\"none\">www.ensembleavectoit.com<\/span><\/a><span data-ccp-props=\"{}\">\u00a0<\/span><\/p>\n<p><a href=\"http:\/\/www.wgzimmer.ch\/fr\/wgzimmer.html\"><span data-contrast=\"none\">www.wgzimmer.ch\/<\/span><\/a><span data-contrast=\"auto\">\u00a0<\/span><span data-ccp-props=\"{}\">\u00a0<\/span><\/p>\n<p><a href=\"https:\/\/weegee.ch\/fr\/search\/city-lausanne\"><span data-contrast=\"none\">https:\/\/weegee.ch\/fr\/search\/city-lausanne<\/span><\/a><span data-contrast=\"auto\">\u00a0<\/span><span data-ccp-props=\"{}\">\u00a0<\/span><\/p>\n<p><span data-contrast=\"auto\">Diff\u00e9rentes plateformes et associations, telles qu\u2019<\/span><a href=\"https:\/\/elderli.ch\/%22%20\/t%20%22_blank\"><span data-contrast=\"none\">Elderli<\/span><\/a><span data-contrast=\"auto\">, facilitent la mise en relation entre\u00a0\u00e9tudiant\u00b7es\u00a0et propri\u00e9taires.<\/span><span data-ccp-props=\"{}\">\u00a0<\/span><\/p>\n<\/div>\n\t\t<\/div>\n\t\t\t<\/div>\n<\/section>\n","protected":false},"excerpt":{"rendered":"","protected":false},"author":1,"featured_media":0,"parent":0,"menu_order":0,"comment_status":"closed","ping_status":"closed","template":"","meta":{"_acf_changed":false,"footnotes":""},"class_list":["post-659","page","type-page","status-publish","hentry"],"acf":[],"yoast_head":"<!-- This site is optimized with the Yoast SEO plugin v24.7 - https:\/\/yoast.com\/wordpress\/plugins\/seo\/ -->\n<title>Logements au campus sant\u00e9 - Le guide de l&#039;\u00e9tudiant.e - HESAV<\/title>\n<meta name=\"description\" content=\"Trouver un logement peut se r\u00e9v\u00e9ler compliqu\u00e9, retrouvez toutes les informations utiles pour vous loger \u00e0 proximit\u00e9 du Campus Sant\u00e9.\" \/>\n<meta name=\"robots\" content=\"index, follow, max-snippet:-1, max-image-preview:large, max-video-preview:-1\" \/>\n<link rel=\"canonical\" href=\"https:\/\/hesav.ch\/guide-etu\/logements-campus-sante\/\" \/>\n<meta property=\"og:locale\" content=\"fr_FR\" \/>\n<meta property=\"og:type\" content=\"article\" \/>\n<meta property=\"og:title\" content=\"Logements au campus sant\u00e9 - Le guide de l&#039;\u00e9tudiant.e - HESAV\" \/>\n<meta property=\"og:description\" content=\"Trouver un logement peut se r\u00e9v\u00e9ler compliqu\u00e9, retrouvez toutes les informations utiles pour vous loger \u00e0 proximit\u00e9 du Campus Sant\u00e9.\" \/>\n<meta property=\"og:url\" content=\"https:\/\/hesav.ch\/guide-etu\/logements-campus-sante\/\" \/>\n<meta property=\"og:site_name\" content=\"Le guide de l&#039;\u00e9tudiant.e - HESAV\" \/>\n<meta property=\"article:modified_time\" content=\"2026-01-15T16:05:14+00:00\" \/>\n<meta name=\"twitter:card\" content=\"summary_large_image\" \/>\n<script type=\"application\/ld+json\" class=\"yoast-schema-graph\">{\"@context\":\"https:\/\/schema.org\",\"@graph\":[{\"@type\":\"WebPage\",\"@id\":\"https:\/\/hesav.ch\/guide-etu\/logements-campus-sante\/\",\"url\":\"https:\/\/hesav.ch\/guide-etu\/logements-campus-sante\/\",\"name\":\"Logements au campus sant\u00e9 - Le guide de l&#039;\u00e9tudiant.e - HESAV\",\"isPartOf\":{\"@id\":\"https:\/\/hesav.ch\/guide-etu\/#website\"},\"datePublished\":\"2026-01-15T09:07:46+00:00\",\"dateModified\":\"2026-01-15T16:05:14+00:00\",\"description\":\"Trouver un logement peut se r\u00e9v\u00e9ler compliqu\u00e9, retrouvez toutes les informations utiles pour vous loger \u00e0 proximit\u00e9 du Campus Sant\u00e9.\",\"breadcrumb\":{\"@id\":\"https:\/\/hesav.ch\/guide-etu\/logements-campus-sante\/#breadcrumb\"},\"inLanguage\":\"fr-FR\",\"potentialAction\":[{\"@type\":\"ReadAction\",\"target\":[\"https:\/\/hesav.ch\/guide-etu\/logements-campus-sante\/\"]}]},{\"@type\":\"BreadcrumbList\",\"@id\":\"https:\/\/hesav.ch\/guide-etu\/logements-campus-sante\/#breadcrumb\",\"itemListElement\":[{\"@type\":\"ListItem\",\"position\":1,\"name\":\"Accueil\",\"item\":\"https:\/\/hesav.ch\/guide-etu\/\"},{\"@type\":\"ListItem\",\"position\":2,\"name\":\"Logements au campus sant\u00e9\"}]},{\"@type\":\"WebSite\",\"@id\":\"https:\/\/hesav.ch\/guide-etu\/#website\",\"url\":\"https:\/\/hesav.ch\/guide-etu\/\",\"name\":\"Le guide de l&#039;\u00e9tudiant.e - HESAV\",\"description\":\"HESAV \/  Haute \u00c9cole de Sant\u00e9 - Vaud\",\"publisher\":{\"@id\":\"https:\/\/hesav.ch\/guide-etu\/#organization\"},\"potentialAction\":[{\"@type\":\"SearchAction\",\"target\":{\"@type\":\"EntryPoint\",\"urlTemplate\":\"https:\/\/hesav.ch\/guide-etu\/?s={search_term_string}\"},\"query-input\":{\"@type\":\"PropertyValueSpecification\",\"valueRequired\":true,\"valueName\":\"search_term_string\"}}],\"inLanguage\":\"fr-FR\"},{\"@type\":\"Organization\",\"@id\":\"https:\/\/hesav.ch\/guide-etu\/#organization\",\"name\":\"Le guide de l&#039;\u00e9tudiant.e - HESAV\",\"url\":\"https:\/\/hesav.ch\/guide-etu\/\",\"logo\":{\"@type\":\"ImageObject\",\"inLanguage\":\"fr-FR\",\"@id\":\"https:\/\/hesav.ch\/guide-etu\/#\/schema\/logo\/image\/\",\"url\":\"https:\/\/hesav.ch\/guide-etu\/wp-content\/uploads\/2025\/10\/logo_hesav_150.png\",\"contentUrl\":\"https:\/\/hesav.ch\/guide-etu\/wp-content\/uploads\/2025\/10\/logo_hesav_150.png\",\"width\":150,\"height\":150,\"caption\":\"Le guide de l&#039;\u00e9tudiant.e - HESAV\"},\"image\":{\"@id\":\"https:\/\/hesav.ch\/guide-etu\/#\/schema\/logo\/image\/\"}}]}<\/script>\n<!-- \/ Yoast SEO plugin. -->","yoast_head_json":{"title":"Logements au campus sant\u00e9 - Le guide de l&#039;\u00e9tudiant.e - HESAV","description":"Trouver un logement peut se r\u00e9v\u00e9ler compliqu\u00e9, retrouvez toutes les informations utiles pour vous loger \u00e0 proximit\u00e9 du Campus Sant\u00e9.","robots":{"index":"index","follow":"follow","max-snippet":"max-snippet:-1","max-image-preview":"max-image-preview:large","max-video-preview":"max-video-preview:-1"},"canonical":"https:\/\/hesav.ch\/guide-etu\/logements-campus-sante\/","og_locale":"fr_FR","og_type":"article","og_title":"Logements au campus sant\u00e9 - Le guide de l&#039;\u00e9tudiant.e - HESAV","og_description":"Trouver un logement peut se r\u00e9v\u00e9ler compliqu\u00e9, retrouvez toutes les informations utiles pour vous loger \u00e0 proximit\u00e9 du Campus Sant\u00e9.","og_url":"https:\/\/hesav.ch\/guide-etu\/logements-campus-sante\/","og_site_name":"Le guide de l&#039;\u00e9tudiant.e - HESAV","article_modified_time":"2026-01-15T16:05:14+00:00","twitter_card":"summary_large_image","schema":{"@context":"https:\/\/schema.org","@graph":[{"@type":"WebPage","@id":"https:\/\/hesav.ch\/guide-etu\/logements-campus-sante\/","url":"https:\/\/hesav.ch\/guide-etu\/logements-campus-sante\/","name":"Logements au campus sant\u00e9 - Le guide de l&#039;\u00e9tudiant.e - HESAV","isPartOf":{"@id":"https:\/\/hesav.ch\/guide-etu\/#website"},"datePublished":"2026-01-15T09:07:46+00:00","dateModified":"2026-01-15T16:05:14+00:00","description":"Trouver un logement peut se r\u00e9v\u00e9ler compliqu\u00e9, retrouvez toutes les informations utiles pour vous loger \u00e0 proximit\u00e9 du Campus Sant\u00e9.","breadcrumb":{"@id":"https:\/\/hesav.ch\/guide-etu\/logements-campus-sante\/#breadcrumb"},"inLanguage":"fr-FR","potentialAction":[{"@type":"ReadAction","target":["https:\/\/hesav.ch\/guide-etu\/logements-campus-sante\/"]}]},{"@type":"BreadcrumbList","@id":"https:\/\/hesav.ch\/guide-etu\/logements-campus-sante\/#breadcrumb","itemListElement":[{"@type":"ListItem","position":1,"name":"Accueil","item":"https:\/\/hesav.ch\/guide-etu\/"},{"@type":"ListItem","position":2,"name":"Logements au campus sant\u00e9"}]},{"@type":"WebSite","@id":"https:\/\/hesav.ch\/guide-etu\/#website","url":"https:\/\/hesav.ch\/guide-etu\/","name":"Le guide de l&#039;\u00e9tudiant.e - HESAV","description":"HESAV \/  Haute \u00c9cole de Sant\u00e9 - Vaud","publisher":{"@id":"https:\/\/hesav.ch\/guide-etu\/#organization"},"potentialAction":[{"@type":"SearchAction","target":{"@type":"EntryPoint","urlTemplate":"https:\/\/hesav.ch\/guide-etu\/?s={search_term_string}"},"query-input":{"@type":"PropertyValueSpecification","valueRequired":true,"valueName":"search_term_string"}}],"inLanguage":"fr-FR"},{"@type":"Organization","@id":"https:\/\/hesav.ch\/guide-etu\/#organization","name":"Le guide de l&#039;\u00e9tudiant.e - HESAV","url":"https:\/\/hesav.ch\/guide-etu\/","logo":{"@type":"ImageObject","inLanguage":"fr-FR","@id":"https:\/\/hesav.ch\/guide-etu\/#\/schema\/logo\/image\/","url":"https:\/\/hesav.ch\/guide-etu\/wp-content\/uploads\/2025\/10\/logo_hesav_150.png","contentUrl":"https:\/\/hesav.ch\/guide-etu\/wp-content\/uploads\/2025\/10\/logo_hesav_150.png","width":150,"height":150,"caption":"Le guide de l&#039;\u00e9tudiant.e - HESAV"},"image":{"@id":"https:\/\/hesav.ch\/guide-etu\/#\/schema\/logo\/image\/"}}]}},"_links":{"self":[{"href":"https:\/\/hesav.ch\/guide-etu\/wp-json\/wp\/v2\/pages\/659","targetHints":{"allow":["GET"]}}],"collection":[{"href":"https:\/\/hesav.ch\/guide-etu\/wp-json\/wp\/v2\/pages"}],"about":[{"href":"https:\/\/hesav.ch\/guide-etu\/wp-json\/wp\/v2\/types\/page"}],"author":[{"embeddable":true,"href":"https:\/\/hesav.ch\/guide-etu\/wp-json\/wp\/v2\/users\/1"}],"replies":[{"embeddable":true,"href":"https:\/\/hesav.ch\/guide-etu\/wp-json\/wp\/v2\/comments?post=659"}],"version-history":[{"count":11,"href":"https:\/\/hesav.ch\/guide-etu\/wp-json\/wp\/v2\/pages\/659\/revisions"}],"predecessor-version":[{"id":681,"href":"https:\/\/hesav.ch\/guide-etu\/wp-json\/wp\/v2\/pages\/659\/revisions\/681"}],"wp:attachment":[{"href":"https:\/\/hesav.ch\/guide-etu\/wp-json\/wp\/v2\/media?parent=659"}],"curies":[{"name":"wp","href":"https:\/\/api.w.org\/{rel}","templated":true}]}}