{"id":8,"date":"2022-09-05T12:40:51","date_gmt":"2022-09-05T10:40:51","guid":{"rendered":"https:\/\/www.hesav.ch\/new-guide-etu\/?page_id=8"},"modified":"2026-01-15T13:58:07","modified_gmt":"2026-01-15T12:58:07","slug":"accueil","status":"publish","type":"page","link":"https:\/\/hesav.ch\/guide-etu\/","title":{"rendered":"Accueil"},"content":{"rendered":"\n\n\t\n<section class=\"section-card has-3-items\" >\n\t<div class=\"section-card__content\">\n\t\t\t\t\t\t<h2 class=\"section-card__title\">La vie \u00e0 Hesav !<\/h2>\n\t\t\t\t\t\t<div class=\"section-card__text\"><p>Ce guide de l'\u00e9tudiant\u00b7e vous propose de vous familiariser avec l\u2019ensemble des lieux, des ressources et des services qui vont former le cadre de votre vie d\u2019\u00e9tudiant\u00b7es. Il contient toutes les informations utiles pour pr\u00e9parer votre rentr\u00e9e \u00e0 HESAV et y \u00e9tudier dans les meilleures conditions.<\/p>\n<p>Vous y retrouverez les adresses et contacts utiles, ainsi que les liens pour acc\u00e9der aux informations et documents compl\u00e9mentaires disponibles sur l\u2019intranet (sharepoint.com) de notre Haute \u00e9cole.<\/p>\n<p>Bonne lecture !<\/p>\n<\/div>\n\t\t\t<\/div>\n\t\t\t\t\n<ul class=\"list-card list-card--images has-3-cards\" data-appear>\n\t\t\t<li class=\"list-card__item\">\n\t\t<article class=\"card card--image \" >\n\t<div class=\"card__inner\">\n\t\t\t\t<picture class=\"card__img\">\n\t\t\t<source type=\"image\/webp\" srcset=\"https:\/\/hesav.ch\/guide-etu\/wp-content\/uploads\/2022\/09\/admin-1.webp\">\n<source type=\"image\/jpeg\" srcset=\"https:\/\/hesav.ch\/guide-etu\/wp-content\/uploads\/2022\/09\/admin-1.jpg\">\n<img decoding=\"async\" src=\"https:\/\/hesav.ch\/guide-etu\/wp-content\/uploads\/2022\/09\/admin-1.jpg\" width=\"353\" height=\"325.88151041667\" alt=\"\" loading=\"lazy\">\n\t\t<\/picture>\n\t\t\t\t<div class=\"card__content\">\n\t\t\t\t\t\t<h3 class=\"card__title \">\n\t\t\t\t<a href=\"https:\/\/hesav.ch\/guide-etu\/administration\/\" >Administration<\/a>\n\n\t\t\t\t<span class=\"card__arrow\">\u2192<\/span>\n\t\t\t<\/h3>\n\t\t\t\t\t<\/div>\n\t<\/div>\n<\/article>\n\t\t<\/li>\n\t\t\t<li class=\"list-card__item\">\n\t\t<article class=\"card card--image \" >\n\t<div class=\"card__inner\">\n\t\t\t\t<picture class=\"card__img\">\n\t\t\t<source type=\"image\/webp\" srcset=\"https:\/\/hesav.ch\/guide-etu\/wp-content\/uploads\/2022\/09\/services01.webp\">\n<source type=\"image\/jpeg\" srcset=\"https:\/\/hesav.ch\/guide-etu\/wp-content\/uploads\/2022\/09\/services01.jpg\">\n<img decoding=\"async\" src=\"https:\/\/hesav.ch\/guide-etu\/wp-content\/uploads\/2022\/09\/services01.jpg\" width=\"353\" height=\"325.88151041667\" alt=\"\" loading=\"lazy\">\n\t\t<\/picture>\n\t\t\t\t<div class=\"card__content\">\n\t\t\t\t\t\t<h3 class=\"card__title \">\n\t\t\t\t<a href=\"https:\/\/hesav.ch\/guide-etu\/campus\/\" >Campus<\/a>\n\n\t\t\t\t<span class=\"card__arrow\">\u2192<\/span>\n\t\t\t<\/h3>\n\t\t\t\t\t<\/div>\n\t<\/div>\n<\/article>\n\t\t<\/li>\n\t\t\t<li class=\"list-card__item\">\n\t\t<article class=\"card card--image \" >\n\t<div class=\"card__inner\">\n\t\t\t\t<picture class=\"card__img\">\n\t\t\t<source type=\"image\/webp\" srcset=\"https:\/\/hesav.ch\/guide-etu\/wp-content\/uploads\/2022\/09\/badge.webp\">\n<source type=\"image\/jpeg\" srcset=\"https:\/\/hesav.ch\/guide-etu\/wp-content\/uploads\/2022\/09\/badge.jpg\">\n<img decoding=\"async\" src=\"https:\/\/hesav.ch\/guide-etu\/wp-content\/uploads\/2022\/09\/badge.jpg\" width=\"353\" height=\"325.88151041667\" alt=\"\" loading=\"lazy\">\n\t\t<\/picture>\n\t\t\t\t<div class=\"card__content\">\n\t\t\t\t\t\t<h3 class=\"card__title \">\n\t\t\t\t<a href=\"https:\/\/hesav.ch\/guide-etu\/cartes-et-badges\/\" >Cartes et badges<\/a>\n\n\t\t\t\t<span class=\"card__arrow\">\u2192<\/span>\n\t\t\t<\/h3>\n\t\t\t\t\t<\/div>\n\t<\/div>\n<\/article>\n\t\t<\/li>\n\t\t\t<li class=\"list-card__item\">\n\t\t<article class=\"card card--image \" >\n\t<div class=\"card__inner\">\n\t\t\t\t<picture class=\"card__img\">\n\t\t\t<source type=\"image\/webp\" srcset=\"https:\/\/hesav.ch\/guide-etu\/wp-content\/uploads\/2022\/09\/comm.webp\">\n<source type=\"image\/jpeg\" srcset=\"https:\/\/hesav.ch\/guide-etu\/wp-content\/uploads\/2022\/09\/comm.jpg\">\n<img decoding=\"async\" src=\"https:\/\/hesav.ch\/guide-etu\/wp-content\/uploads\/2022\/09\/comm.jpg\" width=\"353\" height=\"325.88151041667\" alt=\"\" loading=\"lazy\">\n\t\t<\/picture>\n\t\t\t\t<div class=\"card__content\">\n\t\t\t\t\t\t<h3 class=\"card__title \">\n\t\t\t\t<a href=\"https:\/\/hesav.ch\/guide-etu\/communication-et-information\/\" >Communication et information<\/a>\n\n\t\t\t\t<span class=\"card__arrow\">\u2192<\/span>\n\t\t\t<\/h3>\n\t\t\t\t\t<\/div>\n\t<\/div>\n<\/article>\n\t\t<\/li>\n\t\t\t<li class=\"list-card__item\">\n\t\t<article class=\"card card--image \" >\n\t<div class=\"card__inner\">\n\t\t\t\t<picture class=\"card__img\">\n\t\t\t<source type=\"image\/webp\" srcset=\"https:\/\/hesav.ch\/guide-etu\/wp-content\/uploads\/2022\/09\/teacher.webp\">\n<source type=\"image\/jpeg\" srcset=\"https:\/\/hesav.ch\/guide-etu\/wp-content\/uploads\/2022\/09\/teacher.jpg\">\n<img decoding=\"async\" src=\"https:\/\/hesav.ch\/guide-etu\/wp-content\/uploads\/2022\/09\/teacher.jpg\" width=\"353\" height=\"325.88151041667\" alt=\"\" loading=\"lazy\">\n\t\t<\/picture>\n\t\t\t\t<div class=\"card__content\">\n\t\t\t\t\t\t<h3 class=\"card__title \">\n\t\t\t\t<a href=\"https:\/\/hesav.ch\/guide-etu\/enseignement\/\" >Enseignement<\/a>\n\n\t\t\t\t<span class=\"card__arrow\">\u2192<\/span>\n\t\t\t<\/h3>\n\t\t\t\t\t<\/div>\n\t<\/div>\n<\/article>\n\t\t<\/li>\n\t\t\t<li class=\"list-card__item\">\n\t\t<article class=\"card card--image \" >\n\t<div class=\"card__inner\">\n\t\t\t\t<picture class=\"card__img\">\n\t\t\t<source type=\"image\/webp\" srcset=\"https:\/\/hesav.ch\/guide-etu\/wp-content\/uploads\/2022\/09\/ecology-1.webp\">\n<source type=\"image\/jpeg\" srcset=\"https:\/\/hesav.ch\/guide-etu\/wp-content\/uploads\/2022\/09\/ecology-1.jpg\">\n<img decoding=\"async\" src=\"https:\/\/hesav.ch\/guide-etu\/wp-content\/uploads\/2022\/09\/ecology-1.jpg\" width=\"353\" height=\"325.88151041667\" alt=\"\" loading=\"lazy\">\n\t\t<\/picture>\n\t\t\t\t<div class=\"card__content\">\n\t\t\t\t\t\t<h3 class=\"card__title \">\n\t\t\t\t<a href=\"https:\/\/hesav.ch\/guide-etu\/ethique-et-valeurs\/\" >\u00c9thique et valeurs<\/a>\n\n\t\t\t\t<span class=\"card__arrow\">\u2192<\/span>\n\t\t\t<\/h3>\n\t\t\t\t\t<\/div>\n\t<\/div>\n<\/article>\n\t\t<\/li>\n\t\t\t<li class=\"list-card__item\">\n\t\t<article class=\"card card--image \" >\n\t<div class=\"card__inner\">\n\t\t\t\t<picture class=\"card__img\">\n\t\t\t<source type=\"image\/webp\" srcset=\"https:\/\/hesav.ch\/guide-etu\/wp-content\/uploads\/2022\/09\/time.webp\">\n<source type=\"image\/jpeg\" srcset=\"https:\/\/hesav.ch\/guide-etu\/wp-content\/uploads\/2022\/09\/time.jpg\">\n<img decoding=\"async\" src=\"https:\/\/hesav.ch\/guide-etu\/wp-content\/uploads\/2022\/09\/time.jpg\" width=\"353\" height=\"325.88151041667\" alt=\"\" loading=\"lazy\">\n\t\t<\/picture>\n\t\t\t\t<div class=\"card__content\">\n\t\t\t\t\t\t<h3 class=\"card__title \">\n\t\t\t\t<a href=\"https:\/\/hesav.ch\/guide-etu\/horaires-et-lieux\/\" >Horaires et lieux<\/a>\n\n\t\t\t\t<span class=\"card__arrow\">\u2192<\/span>\n\t\t\t<\/h3>\n\t\t\t\t\t<\/div>\n\t<\/div>\n<\/article>\n\t\t<\/li>\n\t\t\t<li class=\"list-card__item\">\n\t\t<article class=\"card card--image \" >\n\t<div class=\"card__inner\">\n\t\t\t\t<picture class=\"card__img\">\n\t\t\t<source type=\"image\/webp\" srcset=\"https:\/\/hesav.ch\/guide-etu\/wp-content\/uploads\/2022\/09\/printer.webp\">\n<source type=\"image\/jpeg\" srcset=\"https:\/\/hesav.ch\/guide-etu\/wp-content\/uploads\/2022\/09\/printer.jpg\">\n<img decoding=\"async\" src=\"https:\/\/hesav.ch\/guide-etu\/wp-content\/uploads\/2022\/09\/printer.jpg\" width=\"353\" height=\"325.88151041667\" alt=\"\" loading=\"lazy\">\n\t\t<\/picture>\n\t\t\t\t<div class=\"card__content\">\n\t\t\t\t\t\t<h3 class=\"card__title \">\n\t\t\t\t<a href=\"https:\/\/hesav.ch\/guide-etu\/impressions\/\" >Impressions<\/a>\n\n\t\t\t\t<span class=\"card__arrow\">\u2192<\/span>\n\t\t\t<\/h3>\n\t\t\t\t\t<\/div>\n\t<\/div>\n<\/article>\n\t\t<\/li>\n\t\t\t<li class=\"list-card__item\">\n\t\t<article class=\"card card--image \" >\n\t<div class=\"card__inner\">\n\t\t\t\t<picture class=\"card__img\">\n\t\t\t<source type=\"image\/webp\" srcset=\"https:\/\/hesav.ch\/guide-etu\/wp-content\/uploads\/2022\/09\/pic05.webp\">\n<source type=\"image\/jpeg\" srcset=\"https:\/\/hesav.ch\/guide-etu\/wp-content\/uploads\/2022\/09\/pic05.jpg\">\n<img decoding=\"async\" src=\"https:\/\/hesav.ch\/guide-etu\/wp-content\/uploads\/2022\/09\/pic05.jpg\" width=\"353\" height=\"325.88151041667\" alt=\"\" loading=\"lazy\">\n\t\t<\/picture>\n\t\t\t\t<div class=\"card__content\">\n\t\t\t\t\t\t<h3 class=\"card__title \">\n\t\t\t\t<a href=\"https:\/\/hesav.ch\/guide-etu\/informatique\/\" >Informatique<\/a>\n\n\t\t\t\t<span class=\"card__arrow\">\u2192<\/span>\n\t\t\t<\/h3>\n\t\t\t\t\t<\/div>\n\t<\/div>\n<\/article>\n\t\t<\/li>\n\t\t\t<li class=\"list-card__item\">\n\t\t<article class=\"card card--image \" >\n\t<div class=\"card__inner\">\n\t\t\t\t<picture class=\"card__img\">\n\t\t\t<source type=\"image\/webp\" srcset=\"https:\/\/hesav.ch\/guide-etu\/wp-content\/uploads\/2022\/09\/materiel.webp\">\n<source type=\"image\/jpeg\" srcset=\"https:\/\/hesav.ch\/guide-etu\/wp-content\/uploads\/2022\/09\/materiel.jpg\">\n<img decoding=\"async\" src=\"https:\/\/hesav.ch\/guide-etu\/wp-content\/uploads\/2022\/09\/materiel.jpg\" width=\"353\" height=\"325.88151041667\" alt=\"\" loading=\"lazy\">\n\t\t<\/picture>\n\t\t\t\t<div class=\"card__content\">\n\t\t\t\t\t\t<h3 class=\"card__title \">\n\t\t\t\t<a href=\"https:\/\/hesav.ch\/guide-etu\/materiel-a-disposition\/\" >Mat\u00e9riel \u00e0 disposition<\/a>\n\n\t\t\t\t<span class=\"card__arrow\">\u2192<\/span>\n\t\t\t<\/h3>\n\t\t\t\t\t<\/div>\n\t<\/div>\n<\/article>\n\t\t<\/li>\n\t\t\t<li class=\"list-card__item\">\n\t\t<article class=\"card card--image \" >\n\t<div class=\"card__inner\">\n\t\t\t\t<picture class=\"card__img\">\n\t\t\t<source type=\"image\/webp\" srcset=\"https:\/\/hesav.ch\/guide-etu\/wp-content\/uploads\/2022\/09\/pic02.webp\">\n<source type=\"image\/jpeg\" srcset=\"https:\/\/hesav.ch\/guide-etu\/wp-content\/uploads\/2022\/09\/pic02.jpg\">\n<img decoding=\"async\" src=\"https:\/\/hesav.ch\/guide-etu\/wp-content\/uploads\/2022\/09\/pic02.jpg\" width=\"353\" height=\"325.88151041667\" alt=\"\" loading=\"lazy\">\n\t\t<\/picture>\n\t\t\t\t<div class=\"card__content\">\n\t\t\t\t\t\t<h3 class=\"card__title \">\n\t\t\t\t<a href=\"https:\/\/hesav.ch\/guide-etu\/services\/\" >Organisation et contacts utiles <\/a>\n\n\t\t\t\t<span class=\"card__arrow\">\u2192<\/span>\n\t\t\t<\/h3>\n\t\t\t\t\t<\/div>\n\t<\/div>\n<\/article>\n\t\t<\/li>\n\t\t\t<li class=\"list-card__item\">\n\t\t<article class=\"card card--image \" >\n\t<div class=\"card__inner\">\n\t\t\t\t<picture class=\"card__img\">\n\t\t\t<source type=\"image\/webp\" srcset=\"https:\/\/hesav.ch\/guide-etu\/wp-content\/uploads\/2022\/09\/securite01.webp\">\n<source type=\"image\/jpeg\" srcset=\"https:\/\/hesav.ch\/guide-etu\/wp-content\/uploads\/2022\/09\/securite01.jpg\">\n<img decoding=\"async\" src=\"https:\/\/hesav.ch\/guide-etu\/wp-content\/uploads\/2022\/09\/securite01.jpg\" width=\"353\" height=\"325.88151041667\" alt=\"\" loading=\"lazy\">\n\t\t<\/picture>\n\t\t\t\t<div class=\"card__content\">\n\t\t\t\t\t\t<h3 class=\"card__title \">\n\t\t\t\t<a href=\"https:\/\/hesav.ch\/guide-etu\/securite-urgences-et-secours\/\" >S\u00e9curit\u00e9, urgences et secours<\/a>\n\n\t\t\t\t<span class=\"card__arrow\">\u2192<\/span>\n\t\t\t<\/h3>\n\t\t\t\t\t<\/div>\n\t<\/div>\n<\/article>\n\t\t<\/li>\n\t\t\t<li class=\"list-card__item\">\n\t\t<article class=\"card card--image \" >\n\t<div class=\"card__inner\">\n\t\t\t\t<picture class=\"card__img\">\n\t\t\t<source type=\"image\/webp\" srcset=\"https:\/\/hesav.ch\/guide-etu\/wp-content\/uploads\/2022\/09\/sport.webp\">\n<source type=\"image\/jpeg\" srcset=\"https:\/\/hesav.ch\/guide-etu\/wp-content\/uploads\/2022\/09\/sport.jpg\">\n<img decoding=\"async\" src=\"https:\/\/hesav.ch\/guide-etu\/wp-content\/uploads\/2022\/09\/sport.jpg\" width=\"353\" height=\"325.88151041667\" alt=\"\" loading=\"lazy\">\n\t\t<\/picture>\n\t\t\t\t<div class=\"card__content\">\n\t\t\t\t\t\t<h3 class=\"card__title \">\n\t\t\t\t<a href=\"https:\/\/hesav.ch\/guide-etu\/sport-et-sante\/\" >Sport et sant\u00e9<\/a>\n\n\t\t\t\t<span class=\"card__arrow\">\u2192<\/span>\n\t\t\t<\/h3>\n\t\t\t\t\t<\/div>\n\t<\/div>\n<\/article>\n\t\t<\/li>\n\t\t\t<li class=\"list-card__item\">\n\t\t<article class=\"card card--image \" >\n\t<div class=\"card__inner\">\n\t\t\t\t<picture class=\"card__img\">\n\t\t\t<source type=\"image\/webp\" srcset=\"https:\/\/hesav.ch\/guide-etu\/wp-content\/uploads\/2022\/09\/vie-estudiantine01.webp\">\n<source type=\"image\/jpeg\" srcset=\"https:\/\/hesav.ch\/guide-etu\/wp-content\/uploads\/2022\/09\/vie-estudiantine01.jpg\">\n<img decoding=\"async\" src=\"https:\/\/hesav.ch\/guide-etu\/wp-content\/uploads\/2022\/09\/vie-estudiantine01.jpg\" width=\"353\" height=\"325.88151041667\" alt=\"\" loading=\"lazy\">\n\t\t<\/picture>\n\t\t\t\t<div class=\"card__content\">\n\t\t\t\t\t\t<h3 class=\"card__title \">\n\t\t\t\t<a href=\"https:\/\/hesav.ch\/guide-etu\/vie-estudiantine\/\" >Vie estudiantine<\/a>\n\n\t\t\t\t<span class=\"card__arrow\">\u2192<\/span>\n\t\t\t<\/h3>\n\t\t\t\t\t<\/div>\n\t<\/div>\n<\/article>\n\t\t<\/li>\n\t\t\t<li class=\"list-card__item\">\n\t\t<article class=\"card card--image \" >\n\t<div class=\"card__inner\">\n\t\t\t\t<picture class=\"card__img\">\n\t\t\t<source type=\"image\/webp\" srcset=\"https:\/\/hesav.ch\/guide-etu\/wp-content\/uploads\/2026\/01\/GuideEtu_Logements.webp\">\n<source type=\"image\/jpeg\" srcset=\"https:\/\/hesav.ch\/guide-etu\/wp-content\/uploads\/2026\/01\/GuideEtu_Logements.jpg\">\n<img decoding=\"async\" src=\"https:\/\/hesav.ch\/guide-etu\/wp-content\/uploads\/2026\/01\/GuideEtu_Logements.jpg\" width=\"353\" height=\"325.88151041667\" alt=\"\" loading=\"lazy\">\n\t\t<\/picture>\n\t\t\t\t<div class=\"card__content\">\n\t\t\t\t\t\t<h3 class=\"card__title \">\n\t\t\t\t<a href=\"https:\/\/hesav.ch\/guide-etu\/logements-campus-sante\/\" >Logements au campus sant\u00e9<\/a>\n\n\t\t\t\t<span class=\"card__arrow\">\u2192<\/span>\n\t\t\t<\/h3>\n\t\t\t\t\t<\/div>\n\t<\/div>\n<\/article>\n\t\t<\/li>\n\t<\/ul>\n\t<\/section>\n\n","protected":false},"excerpt":{"rendered":"","protected":false},"author":1,"featured_media":0,"parent":0,"menu_order":0,"comment_status":"closed","ping_status":"closed","template":"","meta":{"_acf_changed":false,"footnotes":""},"class_list":["post-8","page","type-page","status-publish","hentry"],"acf":[],"yoast_head":"<!-- This site is optimized with the Yoast SEO plugin v24.7 - https:\/\/yoast.com\/wordpress\/plugins\/seo\/ -->\n<title>Accueil - Le guide de l&#039;\u00e9tudiant.e - HESAV<\/title>\n<meta name=\"robots\" content=\"index, follow, max-snippet:-1, max-image-preview:large, max-video-preview:-1\" \/>\n<link rel=\"canonical\" href=\"https:\/\/hesav.ch\/guide-etu\/\" \/>\n<meta property=\"og:locale\" content=\"fr_FR\" \/>\n<meta property=\"og:type\" content=\"article\" \/>\n<meta property=\"og:title\" content=\"Accueil - Le guide de l&#039;\u00e9tudiant.e - HESAV\" \/>\n<meta property=\"og:url\" content=\"https:\/\/hesav.ch\/guide-etu\/\" \/>\n<meta property=\"og:site_name\" content=\"Le guide de l&#039;\u00e9tudiant.e - HESAV\" \/>\n<meta property=\"article:modified_time\" content=\"2026-01-15T12:58:07+00:00\" \/>\n<meta name=\"twitter:card\" content=\"summary_large_image\" \/>\n<script type=\"application\/ld+json\" class=\"yoast-schema-graph\">{\"@context\":\"https:\/\/schema.org\",\"@graph\":[{\"@type\":\"WebPage\",\"@id\":\"https:\/\/hesav.ch\/guide-etu\/\",\"url\":\"https:\/\/hesav.ch\/guide-etu\/\",\"name\":\"Accueil - Le guide de l&#039;\u00e9tudiant.e - HESAV\",\"isPartOf\":{\"@id\":\"https:\/\/hesav.ch\/guide-etu\/#website\"},\"datePublished\":\"2022-09-05T10:40:51+00:00\",\"dateModified\":\"2026-01-15T12:58:07+00:00\",\"breadcrumb\":{\"@id\":\"https:\/\/hesav.ch\/guide-etu\/#breadcrumb\"},\"inLanguage\":\"fr-FR\",\"potentialAction\":[{\"@type\":\"ReadAction\",\"target\":[\"https:\/\/hesav.ch\/guide-etu\/\"]}]},{\"@type\":\"BreadcrumbList\",\"@id\":\"https:\/\/hesav.ch\/guide-etu\/#breadcrumb\",\"itemListElement\":[{\"@type\":\"ListItem\",\"position\":1,\"name\":\"Accueil\",\"item\":\"https:\/\/hesav.ch\/guide-etu\/\"},{\"@type\":\"ListItem\",\"position\":2,\"name\":\"Accueil\"}]},{\"@type\":\"WebSite\",\"@id\":\"https:\/\/hesav.ch\/guide-etu\/#website\",\"url\":\"https:\/\/hesav.ch\/guide-etu\/\",\"name\":\"Le guide de l&#039;\u00e9tudiant.e - HESAV\",\"description\":\"HESAV \/  Haute \u00c9cole de Sant\u00e9 - Vaud\",\"publisher\":{\"@id\":\"https:\/\/hesav.ch\/guide-etu\/#organization\"},\"potentialAction\":[{\"@type\":\"SearchAction\",\"target\":{\"@type\":\"EntryPoint\",\"urlTemplate\":\"https:\/\/hesav.ch\/guide-etu\/?s={search_term_string}\"},\"query-input\":{\"@type\":\"PropertyValueSpecification\",\"valueRequired\":true,\"valueName\":\"search_term_string\"}}],\"inLanguage\":\"fr-FR\"},{\"@type\":\"Organization\",\"@id\":\"https:\/\/hesav.ch\/guide-etu\/#organization\",\"name\":\"Le guide de l&#039;\u00e9tudiant.e - HESAV\",\"url\":\"https:\/\/hesav.ch\/guide-etu\/\",\"logo\":{\"@type\":\"ImageObject\",\"inLanguage\":\"fr-FR\",\"@id\":\"https:\/\/hesav.ch\/guide-etu\/#\/schema\/logo\/image\/\",\"url\":\"https:\/\/hesav.ch\/guide-etu\/wp-content\/uploads\/2025\/10\/logo_hesav_150.png\",\"contentUrl\":\"https:\/\/hesav.ch\/guide-etu\/wp-content\/uploads\/2025\/10\/logo_hesav_150.png\",\"width\":150,\"height\":150,\"caption\":\"Le guide de l&#039;\u00e9tudiant.e - HESAV\"},\"image\":{\"@id\":\"https:\/\/hesav.ch\/guide-etu\/#\/schema\/logo\/image\/\"}}]}<\/script>\n<!-- \/ Yoast SEO plugin. -->","yoast_head_json":{"title":"Accueil - Le guide de l&#039;\u00e9tudiant.e - HESAV","robots":{"index":"index","follow":"follow","max-snippet":"max-snippet:-1","max-image-preview":"max-image-preview:large","max-video-preview":"max-video-preview:-1"},"canonical":"https:\/\/hesav.ch\/guide-etu\/","og_locale":"fr_FR","og_type":"article","og_title":"Accueil - Le guide de l&#039;\u00e9tudiant.e - HESAV","og_url":"https:\/\/hesav.ch\/guide-etu\/","og_site_name":"Le guide de l&#039;\u00e9tudiant.e - HESAV","article_modified_time":"2026-01-15T12:58:07+00:00","twitter_card":"summary_large_image","schema":{"@context":"https:\/\/schema.org","@graph":[{"@type":"WebPage","@id":"https:\/\/hesav.ch\/guide-etu\/","url":"https:\/\/hesav.ch\/guide-etu\/","name":"Accueil - Le guide de l&#039;\u00e9tudiant.e - HESAV","isPartOf":{"@id":"https:\/\/hesav.ch\/guide-etu\/#website"},"datePublished":"2022-09-05T10:40:51+00:00","dateModified":"2026-01-15T12:58:07+00:00","breadcrumb":{"@id":"https:\/\/hesav.ch\/guide-etu\/#breadcrumb"},"inLanguage":"fr-FR","potentialAction":[{"@type":"ReadAction","target":["https:\/\/hesav.ch\/guide-etu\/"]}]},{"@type":"BreadcrumbList","@id":"https:\/\/hesav.ch\/guide-etu\/#breadcrumb","itemListElement":[{"@type":"ListItem","position":1,"name":"Accueil","item":"https:\/\/hesav.ch\/guide-etu\/"},{"@type":"ListItem","position":2,"name":"Accueil"}]},{"@type":"WebSite","@id":"https:\/\/hesav.ch\/guide-etu\/#website","url":"https:\/\/hesav.ch\/guide-etu\/","name":"Le guide de l&#039;\u00e9tudiant.e - HESAV","description":"HESAV \/  Haute \u00c9cole de Sant\u00e9 - Vaud","publisher":{"@id":"https:\/\/hesav.ch\/guide-etu\/#organization"},"potentialAction":[{"@type":"SearchAction","target":{"@type":"EntryPoint","urlTemplate":"https:\/\/hesav.ch\/guide-etu\/?s={search_term_string}"},"query-input":{"@type":"PropertyValueSpecification","valueRequired":true,"valueName":"search_term_string"}}],"inLanguage":"fr-FR"},{"@type":"Organization","@id":"https:\/\/hesav.ch\/guide-etu\/#organization","name":"Le guide de l&#039;\u00e9tudiant.e - HESAV","url":"https:\/\/hesav.ch\/guide-etu\/","logo":{"@type":"ImageObject","inLanguage":"fr-FR","@id":"https:\/\/hesav.ch\/guide-etu\/#\/schema\/logo\/image\/","url":"https:\/\/hesav.ch\/guide-etu\/wp-content\/uploads\/2025\/10\/logo_hesav_150.png","contentUrl":"https:\/\/hesav.ch\/guide-etu\/wp-content\/uploads\/2025\/10\/logo_hesav_150.png","width":150,"height":150,"caption":"Le guide de l&#039;\u00e9tudiant.e - HESAV"},"image":{"@id":"https:\/\/hesav.ch\/guide-etu\/#\/schema\/logo\/image\/"}}]}},"_links":{"self":[{"href":"https:\/\/hesav.ch\/guide-etu\/wp-json\/wp\/v2\/pages\/8","targetHints":{"allow":["GET"]}}],"collection":[{"href":"https:\/\/hesav.ch\/guide-etu\/wp-json\/wp\/v2\/pages"}],"about":[{"href":"https:\/\/hesav.ch\/guide-etu\/wp-json\/wp\/v2\/types\/page"}],"author":[{"embeddable":true,"href":"https:\/\/hesav.ch\/guide-etu\/wp-json\/wp\/v2\/users\/1"}],"replies":[{"embeddable":true,"href":"https:\/\/hesav.ch\/guide-etu\/wp-json\/wp\/v2\/comments?post=8"}],"version-history":[{"count":76,"href":"https:\/\/hesav.ch\/guide-etu\/wp-json\/wp\/v2\/pages\/8\/revisions"}],"predecessor-version":[{"id":680,"href":"https:\/\/hesav.ch\/guide-etu\/wp-json\/wp\/v2\/pages\/8\/revisions\/680"}],"wp:attachment":[{"href":"https:\/\/hesav.ch\/guide-etu\/wp-json\/wp\/v2\/media?parent=8"}],"curies":[{"name":"wp","href":"https:\/\/api.w.org\/{rel}","templated":true}]}}