{"id":98,"date":"2022-09-12T19:54:09","date_gmt":"2022-09-12T17:54:09","guid":{"rendered":"https:\/\/www.hesav.ch\/new-guide-etu\/?page_id=98"},"modified":"2025-04-29T12:04:58","modified_gmt":"2025-04-29T10:04:58","slug":"cartes-et-badges","status":"publish","type":"page","link":"https:\/\/hesav.ch\/guide-etu\/cartes-et-badges\/","title":{"rendered":"Cartes et badges"},"content":{"rendered":"\n\n\t\t\n<section class=\"section-description \" >\n\t<div class=\"section-description__inner\">\n\t\t<div class=\"section-description__text-wrapper\">\n\t\t\t\t\t\t\t\t\t\t<h2 class=\"section-description__title\">Badge<\/h2>\n\t\t\t\t\t\t<div class=\"section-description__content typography\"><p>A votre entr\u00e9e \u00e0 HESAV, vous recevez un badge personnel qui vous accompagnera tout au long de votre formation. Celui-ci n'est pas transmissible et permet de :<\/p>\n<ul>\n<li>acc\u00e9der aux locaux<\/li>\n<li>payer vos repas aux restaurants de la cit\u00e9 hospitali\u00e8re du CHUV<\/li>\n<li>\u00eatre identifi\u00e9\u00b7e lors des stages ou p\u00e9riodes de formation pratique au CHUV et dans d'autres \u00e9tablissements<\/li>\n<li>retirer les v\u00eatements professionnels au distributeur de l\u2019H\u00f4pital Orthop\u00e9dique<\/li>\n<\/ul>\n<p>En cas de perte, vol ou d\u00e9t\u00e9rioration du badge, vous \u00eates tenu\u00b7es de le signaler le plus vite possible au bureau des \u00e9tudiant\u00b7es afin qu'il soit d\u00e9sactiv\u00e9. Votre badge sera renouvel\u00e9 contre le paiement de CHF 40.-.<\/p>\n<\/div>\n\t\t<\/div>\n\t\t\t<\/div>\n<\/section>\n\n\n\t\t\n<section class=\"section-description \" >\n\t<div class=\"section-description__inner\">\n\t\t<div class=\"section-description__text-wrapper\">\n\t\t\t\t\t\t\t\t\t\t<h2 class=\"section-description__title\">Carte d'\u00e9tudiant\u00b7es <\/h2>\n\t\t\t\t\t\t<div class=\"section-description__content typography\"><p>A votre arriv\u00e9e, vous recevez une carte d'\u00e9tudiant\u00b7e, valable tout au long de vos \u00e9tudes \u00e0 HESAV.<\/p>\n<p>La carte d'\u00e9tudiant\u00b7e donne droit \u00e0 des tarifs pr\u00e9f\u00e9rentiels dans certains \u00e9tablissements, spectacles, librairies ou salles de sport et permet l\u2019acc\u00e8s au Sport Universitaire de l\u2019UNIL. Elle est \u00e9galement utilis\u00e9e comme carte de lecteur\u00b7ice pour emprunter des documents \u00e0 la Biblioth\u00e8que HESAV et dans les biblioth\u00e8ques du r\u00e9seau Renouvaud. Elle est prolong\u00e9e chaque ann\u00e9e acad\u00e9mique.<\/p>\n<p>En cas de perte, vol ou d\u00e9t\u00e9rioration, un duplicata peut \u00eatre d\u00e9livr\u00e9 par le bureau des \u00e9tudiants, moyennant un montant forfaitaire de CHF 20.-.<\/p>\n<\/div>\n\t\t<\/div>\n\t\t\t<\/div>\n<\/section>\n\n\n\t\t\n<section class=\"section-description \" >\n\t<div class=\"section-description__inner\">\n\t\t<div class=\"section-description__text-wrapper\">\n\t\t\t\t\t\t\t\t\t\t<h2 class=\"section-description__title\">Carte internationale d'\u00e9tudiant\u00b7e <\/h2>\n\t\t\t\t\t\t<div class=\"section-description__content typography\"><p>La carte internationale d\u2019\u00e9tudiant ISIC (International Student Identity Card) permet de prouver votre statut d\u2019\u00e9tudiant\u00b7e et de profiter de r\u00e9ductions ISIC dans le monde entier.<\/p>\n<p>Obtenez votre carte internationale ici\u00a0: <a href=\"https:\/\/isic.ch\/\" target=\"_blank\" rel=\"noopener\">ISIC.ch | ISIC Switzerland<\/a><\/p>\n<\/div>\n\t\t<\/div>\n\t\t\t<\/div>\n<\/section>\n","protected":false},"excerpt":{"rendered":"","protected":false},"author":1,"featured_media":0,"parent":0,"menu_order":0,"comment_status":"closed","ping_status":"closed","template":"","meta":{"_acf_changed":false,"footnotes":""},"class_list":["post-98","page","type-page","status-publish","hentry"],"acf":[],"yoast_head":"<!-- This site is optimized with the Yoast SEO plugin v24.7 - https:\/\/yoast.com\/wordpress\/plugins\/seo\/ -->\n<title>Cartes et badges - Le guide de l&#039;\u00e9tudiant.e - HESAV<\/title>\n<meta name=\"robots\" content=\"index, follow, max-snippet:-1, max-image-preview:large, max-video-preview:-1\" \/>\n<link rel=\"canonical\" href=\"https:\/\/hesav.ch\/guide-etu\/cartes-et-badges\/\" \/>\n<meta property=\"og:locale\" content=\"fr_FR\" \/>\n<meta property=\"og:type\" content=\"article\" \/>\n<meta property=\"og:title\" content=\"Cartes et badges - Le guide de l&#039;\u00e9tudiant.e - HESAV\" \/>\n<meta property=\"og:url\" content=\"https:\/\/hesav.ch\/guide-etu\/cartes-et-badges\/\" \/>\n<meta property=\"og:site_name\" content=\"Le guide de l&#039;\u00e9tudiant.e - HESAV\" \/>\n<meta property=\"article:modified_time\" content=\"2025-04-29T10:04:58+00:00\" \/>\n<meta name=\"twitter:card\" content=\"summary_large_image\" \/>\n<script type=\"application\/ld+json\" class=\"yoast-schema-graph\">{\"@context\":\"https:\/\/schema.org\",\"@graph\":[{\"@type\":\"WebPage\",\"@id\":\"https:\/\/hesav.ch\/guide-etu\/cartes-et-badges\/\",\"url\":\"https:\/\/hesav.ch\/guide-etu\/cartes-et-badges\/\",\"name\":\"Cartes et badges - Le guide de l&#039;\u00e9tudiant.e - HESAV\",\"isPartOf\":{\"@id\":\"https:\/\/hesav.ch\/guide-etu\/#website\"},\"datePublished\":\"2022-09-12T17:54:09+00:00\",\"dateModified\":\"2025-04-29T10:04:58+00:00\",\"breadcrumb\":{\"@id\":\"https:\/\/hesav.ch\/guide-etu\/cartes-et-badges\/#breadcrumb\"},\"inLanguage\":\"fr-FR\",\"potentialAction\":[{\"@type\":\"ReadAction\",\"target\":[\"https:\/\/hesav.ch\/guide-etu\/cartes-et-badges\/\"]}]},{\"@type\":\"BreadcrumbList\",\"@id\":\"https:\/\/hesav.ch\/guide-etu\/cartes-et-badges\/#breadcrumb\",\"itemListElement\":[{\"@type\":\"ListItem\",\"position\":1,\"name\":\"Accueil\",\"item\":\"https:\/\/hesav.ch\/guide-etu\/\"},{\"@type\":\"ListItem\",\"position\":2,\"name\":\"Cartes et badges\"}]},{\"@type\":\"WebSite\",\"@id\":\"https:\/\/hesav.ch\/guide-etu\/#website\",\"url\":\"https:\/\/hesav.ch\/guide-etu\/\",\"name\":\"Le guide de l&#039;\u00e9tudiant.e - HESAV\",\"description\":\"HESAV \/  Haute \u00c9cole de Sant\u00e9 - Vaud\",\"publisher\":{\"@id\":\"https:\/\/hesav.ch\/guide-etu\/#organization\"},\"potentialAction\":[{\"@type\":\"SearchAction\",\"target\":{\"@type\":\"EntryPoint\",\"urlTemplate\":\"https:\/\/hesav.ch\/guide-etu\/?s={search_term_string}\"},\"query-input\":{\"@type\":\"PropertyValueSpecification\",\"valueRequired\":true,\"valueName\":\"search_term_string\"}}],\"inLanguage\":\"fr-FR\"},{\"@type\":\"Organization\",\"@id\":\"https:\/\/hesav.ch\/guide-etu\/#organization\",\"name\":\"Le guide de l&#039;\u00e9tudiant.e - HESAV\",\"url\":\"https:\/\/hesav.ch\/guide-etu\/\",\"logo\":{\"@type\":\"ImageObject\",\"inLanguage\":\"fr-FR\",\"@id\":\"https:\/\/hesav.ch\/guide-etu\/#\/schema\/logo\/image\/\",\"url\":\"https:\/\/hesav.ch\/guide-etu\/wp-content\/uploads\/2025\/10\/logo_hesav_150.png\",\"contentUrl\":\"https:\/\/hesav.ch\/guide-etu\/wp-content\/uploads\/2025\/10\/logo_hesav_150.png\",\"width\":150,\"height\":150,\"caption\":\"Le guide de l&#039;\u00e9tudiant.e - HESAV\"},\"image\":{\"@id\":\"https:\/\/hesav.ch\/guide-etu\/#\/schema\/logo\/image\/\"}}]}<\/script>\n<!-- \/ Yoast SEO plugin. -->","yoast_head_json":{"title":"Cartes et badges - Le guide de l&#039;\u00e9tudiant.e - HESAV","robots":{"index":"index","follow":"follow","max-snippet":"max-snippet:-1","max-image-preview":"max-image-preview:large","max-video-preview":"max-video-preview:-1"},"canonical":"https:\/\/hesav.ch\/guide-etu\/cartes-et-badges\/","og_locale":"fr_FR","og_type":"article","og_title":"Cartes et badges - Le guide de l&#039;\u00e9tudiant.e - HESAV","og_url":"https:\/\/hesav.ch\/guide-etu\/cartes-et-badges\/","og_site_name":"Le guide de l&#039;\u00e9tudiant.e - HESAV","article_modified_time":"2025-04-29T10:04:58+00:00","twitter_card":"summary_large_image","schema":{"@context":"https:\/\/schema.org","@graph":[{"@type":"WebPage","@id":"https:\/\/hesav.ch\/guide-etu\/cartes-et-badges\/","url":"https:\/\/hesav.ch\/guide-etu\/cartes-et-badges\/","name":"Cartes et badges - Le guide de l&#039;\u00e9tudiant.e - HESAV","isPartOf":{"@id":"https:\/\/hesav.ch\/guide-etu\/#website"},"datePublished":"2022-09-12T17:54:09+00:00","dateModified":"2025-04-29T10:04:58+00:00","breadcrumb":{"@id":"https:\/\/hesav.ch\/guide-etu\/cartes-et-badges\/#breadcrumb"},"inLanguage":"fr-FR","potentialAction":[{"@type":"ReadAction","target":["https:\/\/hesav.ch\/guide-etu\/cartes-et-badges\/"]}]},{"@type":"BreadcrumbList","@id":"https:\/\/hesav.ch\/guide-etu\/cartes-et-badges\/#breadcrumb","itemListElement":[{"@type":"ListItem","position":1,"name":"Accueil","item":"https:\/\/hesav.ch\/guide-etu\/"},{"@type":"ListItem","position":2,"name":"Cartes et badges"}]},{"@type":"WebSite","@id":"https:\/\/hesav.ch\/guide-etu\/#website","url":"https:\/\/hesav.ch\/guide-etu\/","name":"Le guide de l&#039;\u00e9tudiant.e - HESAV","description":"HESAV \/  Haute \u00c9cole de Sant\u00e9 - Vaud","publisher":{"@id":"https:\/\/hesav.ch\/guide-etu\/#organization"},"potentialAction":[{"@type":"SearchAction","target":{"@type":"EntryPoint","urlTemplate":"https:\/\/hesav.ch\/guide-etu\/?s={search_term_string}"},"query-input":{"@type":"PropertyValueSpecification","valueRequired":true,"valueName":"search_term_string"}}],"inLanguage":"fr-FR"},{"@type":"Organization","@id":"https:\/\/hesav.ch\/guide-etu\/#organization","name":"Le guide de l&#039;\u00e9tudiant.e - HESAV","url":"https:\/\/hesav.ch\/guide-etu\/","logo":{"@type":"ImageObject","inLanguage":"fr-FR","@id":"https:\/\/hesav.ch\/guide-etu\/#\/schema\/logo\/image\/","url":"https:\/\/hesav.ch\/guide-etu\/wp-content\/uploads\/2025\/10\/logo_hesav_150.png","contentUrl":"https:\/\/hesav.ch\/guide-etu\/wp-content\/uploads\/2025\/10\/logo_hesav_150.png","width":150,"height":150,"caption":"Le guide de l&#039;\u00e9tudiant.e - HESAV"},"image":{"@id":"https:\/\/hesav.ch\/guide-etu\/#\/schema\/logo\/image\/"}}]}},"_links":{"self":[{"href":"https:\/\/hesav.ch\/guide-etu\/wp-json\/wp\/v2\/pages\/98","targetHints":{"allow":["GET"]}}],"collection":[{"href":"https:\/\/hesav.ch\/guide-etu\/wp-json\/wp\/v2\/pages"}],"about":[{"href":"https:\/\/hesav.ch\/guide-etu\/wp-json\/wp\/v2\/types\/page"}],"author":[{"embeddable":true,"href":"https:\/\/hesav.ch\/guide-etu\/wp-json\/wp\/v2\/users\/1"}],"replies":[{"embeddable":true,"href":"https:\/\/hesav.ch\/guide-etu\/wp-json\/wp\/v2\/comments?post=98"}],"version-history":[{"count":18,"href":"https:\/\/hesav.ch\/guide-etu\/wp-json\/wp\/v2\/pages\/98\/revisions"}],"predecessor-version":[{"id":604,"href":"https:\/\/hesav.ch\/guide-etu\/wp-json\/wp\/v2\/pages\/98\/revisions\/604"}],"wp:attachment":[{"href":"https:\/\/hesav.ch\/guide-etu\/wp-json\/wp\/v2\/media?parent=98"}],"curies":[{"name":"wp","href":"https:\/\/api.w.org\/{rel}","templated":true}]}}